{"id":10632,"date":"2026-02-18T12:11:41","date_gmt":"2026-02-18T12:11:41","guid":{"rendered":"https:\/\/infobric.com\/no\/?page_id=10632"},"modified":"2026-02-19T15:07:22","modified_gmt":"2026-02-19T15:07:22","slug":"hvem-vi-hjelper","status":"publish","type":"page","link":"https:\/\/infobric.com\/no\/hvem-vi-hjelper\/","title":{"rendered":"Hvem vi hjelper"},"content":{"rendered":"\t\t<div data-elementor-type=\"wp-page\" data-elementor-id=\"10632\" class=\"elementor elementor-10632\" data-elementor-post-type=\"page\">\n\t\t\t\t<div class=\"elementor-element elementor-element-c877aed e-flex e-con-boxed e-con e-parent\" data-id=\"c877aed\" data-element_type=\"container\">\n\t\t\t\t\t<div class=\"e-con-inner\">\n\t\t\t\t<div class=\"elementor-element elementor-element-b875024 elementor-widget elementor-widget-text-50-50\" data-id=\"b875024\" data-element_type=\"widget\" data-widget_type=\"text-50-50.default\">\n\t\t\t\t<div class=\"elementor-widget-container\">\n\t\t\t        <div class=\"ib-text-50-50-widget\">\n            <div class=\"ib-text-50-50-cw\">\n                <div class=\"ib-text-50-50-row\">\n                    <div class=\"ib-text-50-50-col\">\n                        <div class=\"global-tw-h-xl\">\n                            <p class=\"ib-text-50-50-headline global-text-color-default new-global-headline new-global-headline-xl\">\n                                Hvem vi hjelper.                            <\/p>\n                                                    <\/div>\n                                            <\/div>\n                    <div class=\"ib-text-50-50-col\">\n                                                            <div class=\"ib-tss-subsection\">\n                                                                                <div class=\"ib-tss-subsection-content-tw global-tw-sh-n\">\n                                            <p>Infobric kobler sammen byggen\u00e6ringens \u00f8kosystem og gir alle akt\u00f8rer de riktige verkt\u00f8yene for sikrere, mer effektive og mer b\u00e6rekraftige byggeprosjekter.<\/p>                                        <\/div>\n                                    <\/div>\n                                                        <\/div>\n                <\/div>\n            <\/div>\n        <\/div>\n        \t\t<\/div>\n\t\t\t\t<\/div>\n\t\t\t\t<div class=\"elementor-element elementor-element-6144378 elementor-widget elementor-widget-infobric-card-layout-widget\" data-id=\"6144378\" data-element_type=\"widget\" data-widget_type=\"infobric-card-layout-widget.default\">\n\t\t\t\t<div class=\"elementor-widget-container\">\n\t\t\t        <div class=\"ib-card-layout\">\n            <div class=\"ib-card-layout-cw\">\n                <div class=\"ib-card-layout-iw\">\n                                        <div class=\"ib-card-layout-grid\">\n                                                <a class=\"ib-card-new\" href=\"https:\/\/infobric.com\/no\/hvem-vi-hjelper\/hovedentreprenorer\/\">\n                                                                                        <div class=\"ib-card-new-img-wrapper\">\n                                    <img loading=\"lazy\" width=\"1024\" height=\"612\" src=\"https:\/\/infobric.com\/no\/wp-content\/uploads\/sites\/28\/2026\/02\/Tidsrapportering-1024x612.avif\" class=\"ib-card-new-img\" alt=\"Hovedentrepren\u00f8rer\" loading=\"lazy\" decoding=\"async\" sizes=\"(max-width: 768px) 100vw, (max-width: 1024px) 50vw, 33vw\" srcset=\"https:\/\/infobric.com\/no\/wp-content\/uploads\/sites\/28\/2026\/02\/Tidsrapportering-1024x612.avif 1024w, https:\/\/infobric.com\/no\/wp-content\/uploads\/sites\/28\/2026\/02\/Tidsrapportering-300x179.avif 300w, https:\/\/infobric.com\/no\/wp-content\/uploads\/sites\/28\/2026\/02\/Tidsrapportering-768x459.avif 768w, https:\/\/infobric.com\/no\/wp-content\/uploads\/sites\/28\/2026\/02\/Tidsrapportering-1536x917.avif 1536w, https:\/\/infobric.com\/no\/wp-content\/uploads\/sites\/28\/2026\/02\/Tidsrapportering-600x358.avif 600w, https:\/\/infobric.com\/no\/wp-content\/uploads\/sites\/28\/2026\/02\/Tidsrapportering.avif 1728w\" \/>                                <\/div>\n                                                        <div class=\"ib-card-new-cw\">\n                                <div class=\"ib-card-new-tw global-tw-h-xs\">\n                                                                            <h2 class=\"ib-card-new-headline new-global-headline new-global-headline-xs global-text-color-default\">Hovedentrepren\u00f8rer<\/h2>\n                                                                                                                <p class=\"ib-card-new-preamble global-body-normal\">F\u00e5 bedre sikkerhet og full kontroll over byggeplassene dine. Effektiviser arbeidsstyringen, bruk datadrevne innsikter og sikre etterlevelse.<\/p>\n                                                                    <\/div>\n                                                                    <button class=\"ib-button-link ib-button-link-light-bg global-body-button\" type=\"button\">\n                                        Les mer                                        <svg xmlns=\"http:\/\/www.w3.org\/2000\/svg\" width=\"8\" height=\"11\" viewBox=\"0 0 8 11\" fill=\"none\">\n                                            <path d=\"M2 9.5L6 5.5L2 1.5\" stroke=\"#1D2C38\" stroke-width=\"2.4\" stroke-miterlimit=\"10\" stroke-linecap=\"round\" stroke-linejoin=\"round\"\/>\n                                        <\/svg>\n                                    <\/button>\n                                                            <\/div>\n                        <\/a>\n                                                <a class=\"ib-card-new\" href=\"https:\/\/infobric.com\/no\/hvem-vi-hjelper\/utleiefirma\/\">\n                                                                                        <div class=\"ib-card-new-img-wrapper\">\n                                    <img loading=\"lazy\" width=\"1024\" height=\"683\" src=\"https:\/\/infobric.com\/no\/wp-content\/uploads\/sites\/28\/2026\/02\/4B9A3527-WEBSITE-1024x683.avif\" class=\"ib-card-new-img\" alt=\"Utleiefirma\" loading=\"lazy\" decoding=\"async\" sizes=\"(max-width: 768px) 100vw, (max-width: 1024px) 50vw, 33vw\" srcset=\"https:\/\/infobric.com\/no\/wp-content\/uploads\/sites\/28\/2026\/02\/4B9A3527-WEBSITE-1024x683.avif 1024w, https:\/\/infobric.com\/no\/wp-content\/uploads\/sites\/28\/2026\/02\/4B9A3527-WEBSITE-300x200.avif 300w, https:\/\/infobric.com\/no\/wp-content\/uploads\/sites\/28\/2026\/02\/4B9A3527-WEBSITE-768x512.avif 768w, https:\/\/infobric.com\/no\/wp-content\/uploads\/sites\/28\/2026\/02\/4B9A3527-WEBSITE-1536x1024.avif 1536w, https:\/\/infobric.com\/no\/wp-content\/uploads\/sites\/28\/2026\/02\/4B9A3527-WEBSITE-600x400.avif 600w, https:\/\/infobric.com\/no\/wp-content\/uploads\/sites\/28\/2026\/02\/4B9A3527-WEBSITE.avif 2048w\" \/>                                <\/div>\n                                                        <div class=\"ib-card-new-cw\">\n                                <div class=\"ib-card-new-tw global-tw-h-xs\">\n                                                                            <h2 class=\"ib-card-new-headline new-global-headline new-global-headline-xs global-text-color-default\">Utleiefirma<\/h2>\n                                                                                                                <p class=\"ib-card-new-preamble global-body-normal\">Effektiviser utleieprosessene med sanntidskontroll. Samle leieavtaler, tilgjengelighet og kontrakter i \u00e9n skybasert l\u00f8sning.<\/p>\n                                                                    <\/div>\n                                                                    <button class=\"ib-button-link ib-button-link-light-bg global-body-button\" type=\"button\">\n                                        Les mer                                        <svg xmlns=\"http:\/\/www.w3.org\/2000\/svg\" width=\"8\" height=\"11\" viewBox=\"0 0 8 11\" fill=\"none\">\n                                            <path d=\"M2 9.5L6 5.5L2 1.5\" stroke=\"#1D2C38\" stroke-width=\"2.4\" stroke-miterlimit=\"10\" stroke-linecap=\"round\" stroke-linejoin=\"round\"\/>\n                                        <\/svg>\n                                    <\/button>\n                                                            <\/div>\n                        <\/a>\n                                                <a class=\"ib-card-new\" href=\"https:\/\/infobric.com\/no\/hvem-vi-hjelper\/etterlevelse\/\">\n                                                                                        <div class=\"ib-card-new-img-wrapper\">\n                                    <img loading=\"lazy\" width=\"1024\" height=\"683\" src=\"https:\/\/infobric.com\/no\/wp-content\/uploads\/sites\/28\/2026\/02\/B2A4771-WEBSITE-1024x683.avif\" class=\"ib-card-new-img\" alt=\"Etterlevelse\" loading=\"lazy\" decoding=\"async\" sizes=\"(max-width: 768px) 100vw, (max-width: 1024px) 50vw, 33vw\" srcset=\"https:\/\/infobric.com\/no\/wp-content\/uploads\/sites\/28\/2026\/02\/B2A4771-WEBSITE-1024x683.avif 1024w, https:\/\/infobric.com\/no\/wp-content\/uploads\/sites\/28\/2026\/02\/B2A4771-WEBSITE-300x200.avif 300w, https:\/\/infobric.com\/no\/wp-content\/uploads\/sites\/28\/2026\/02\/B2A4771-WEBSITE-768x512.avif 768w, https:\/\/infobric.com\/no\/wp-content\/uploads\/sites\/28\/2026\/02\/B2A4771-WEBSITE-1536x1024.avif 1536w, https:\/\/infobric.com\/no\/wp-content\/uploads\/sites\/28\/2026\/02\/B2A4771-WEBSITE-600x400.avif 600w, https:\/\/infobric.com\/no\/wp-content\/uploads\/sites\/28\/2026\/02\/B2A4771-WEBSITE.avif 2048w\" \/>                                <\/div>\n                                                        <div class=\"ib-card-new-cw\">\n                                <div class=\"ib-card-new-tw global-tw-h-xs\">\n                                                                            <h2 class=\"ib-card-new-headline new-global-headline new-global-headline-xs global-text-color-default\">Etterlevelse<\/h2>\n                                                                                                                <p class=\"ib-card-new-preamble global-body-normal\">Forenkle regeletterlevelse i byggeprosjekter. Digitale l\u00f8sninger gir bedre prosesser, tydelig ansvar og effektiv rapportering.<\/p>\n                                                                    <\/div>\n                                                                    <button class=\"ib-button-link ib-button-link-light-bg global-body-button\" type=\"button\">\n                                        Les mer                                        <svg xmlns=\"http:\/\/www.w3.org\/2000\/svg\" width=\"8\" height=\"11\" viewBox=\"0 0 8 11\" fill=\"none\">\n                                            <path d=\"M2 9.5L6 5.5L2 1.5\" stroke=\"#1D2C38\" stroke-width=\"2.4\" stroke-miterlimit=\"10\" stroke-linecap=\"round\" stroke-linejoin=\"round\"\/>\n                                        <\/svg>\n                                    <\/button>\n                                                            <\/div>\n                        <\/a>\n                                            <\/div>\n                <\/div>\n            <\/div>\n        <\/div>\n        \t\t<\/div>\n\t\t\t\t<\/div>\n\t\t\t\t\t<\/div>\n\t\t\t\t<\/div>\n\t\t<div class=\"elementor-element elementor-element-91bfa1b e-flex e-con-boxed e-con e-parent\" data-id=\"91bfa1b\" data-element_type=\"container\">\n\t\t\t\t\t<div class=\"e-con-inner\">\n\t\t\t\t\t<\/div>\n\t\t\t\t<\/div>\n\t\t\t\t<\/div>\n\t\t","protected":false},"excerpt":{"rendered":"<p>Hvem vi hjelper. Infobric kobler sammen byggen\u00e6ringens \u00f8kosystem og gir alle akt\u00f8rer de riktige verkt\u00f8yene for sikrere, mer effektive og mer b\u00e6rekraftige byggeprosjekter. Hovedentrepren\u00f8rer F\u00e5 bedre sikkerhet og full kontroll over byggeplassene dine. Effektiviser arbeidsstyringen, bruk datadrevne innsikter og sikre etterlevelse. Les mer Utleiefirma Effektiviser&#8230;<\/p>\n","protected":false},"author":9,"featured_media":0,"parent":0,"menu_order":0,"comment_status":"closed","ping_status":"closed","template":"","meta":{"_acf_changed":false,"footnotes":""},"acf":[],"yoast_head":"<!-- This site is optimized with the Yoast SEO Premium plugin v22.5 (Yoast SEO v22.5) - https:\/\/yoast.com\/wordpress\/plugins\/seo\/ -->\n<title>Hvem vi hjelper | Infobric<\/title>\n<meta name=\"description\" content=\"Infobric kobler sammen byggen\u00e6ringens \u00f8kosystem og gir alle akt\u00f8rer de riktige verkt\u00f8yene for sikrere, mer effektive og mer b\u00e6rekraftige byggeprosjekter.\" \/>\n<meta name=\"robots\" content=\"index, follow, max-snippet:-1, max-image-preview:large, max-video-preview:-1\" \/>\n<link rel=\"canonical\" href=\"https:\/\/infobric.com\/no\/hvem-vi-hjelper\/\" \/>\n<meta property=\"og:locale\" content=\"en_US\" \/>\n<meta property=\"og:type\" content=\"article\" \/>\n<meta property=\"og:title\" content=\"Hvem vi hjelper\" \/>\n<meta property=\"og:description\" content=\"Infobric kobler sammen byggen\u00e6ringens \u00f8kosystem og gir alle akt\u00f8rer de riktige verkt\u00f8yene for sikrere, mer effektive og mer b\u00e6rekraftige byggeprosjekter.\" \/>\n<meta property=\"og:url\" content=\"https:\/\/infobric.com\/no\/hvem-vi-hjelper\/\" \/>\n<meta property=\"og:site_name\" content=\"Norway\" \/>\n<meta property=\"article:modified_time\" content=\"2026-02-19T15:07:22+00:00\" \/>\n<meta property=\"og:image\" content=\"https:\/\/infobric.com\/no\/wp-content\/uploads\/sites\/28\/2026\/02\/Tidsrapportering-1024x612.avif\" \/>\n<meta name=\"twitter:card\" content=\"summary_large_image\" \/>\n<script type=\"application\/ld+json\" class=\"yoast-schema-graph\">{\"@context\":\"https:\/\/schema.org\",\"@graph\":[{\"@type\":\"WebPage\",\"@id\":\"https:\/\/infobric.com\/no\/hvem-vi-hjelper\/\",\"url\":\"https:\/\/infobric.com\/no\/hvem-vi-hjelper\/\",\"name\":\"Hvem vi hjelper | Infobric\",\"isPartOf\":{\"@id\":\"https:\/\/infobric.com\/no\/#website\"},\"primaryImageOfPage\":{\"@id\":\"https:\/\/infobric.com\/no\/hvem-vi-hjelper\/#primaryimage\"},\"image\":{\"@id\":\"https:\/\/infobric.com\/no\/hvem-vi-hjelper\/#primaryimage\"},\"thumbnailUrl\":\"https:\/\/infobric.com\/no\/wp-content\/uploads\/sites\/28\/2026\/02\/Tidsrapportering-1024x612.avif\",\"datePublished\":\"2026-02-18T12:11:41+00:00\",\"dateModified\":\"2026-02-19T15:07:22+00:00\",\"description\":\"Infobric kobler sammen byggen\u00e6ringens \u00f8kosystem og gir alle akt\u00f8rer de riktige verkt\u00f8yene for sikrere, mer effektive og mer b\u00e6rekraftige byggeprosjekter.\",\"breadcrumb\":{\"@id\":\"https:\/\/infobric.com\/no\/hvem-vi-hjelper\/#breadcrumb\"},\"inLanguage\":\"no-NO\",\"potentialAction\":[{\"@type\":\"ReadAction\",\"target\":[\"https:\/\/infobric.com\/no\/hvem-vi-hjelper\/\"]}]},{\"@type\":\"ImageObject\",\"inLanguage\":\"no-NO\",\"@id\":\"https:\/\/infobric.com\/no\/hvem-vi-hjelper\/#primaryimage\",\"url\":\"https:\/\/infobric.com\/no\/wp-content\/uploads\/sites\/28\/2026\/02\/Tidsrapportering-1024x612.avif\",\"contentUrl\":\"https:\/\/infobric.com\/no\/wp-content\/uploads\/sites\/28\/2026\/02\/Tidsrapportering-1024x612.avif\"},{\"@type\":\"BreadcrumbList\",\"@id\":\"https:\/\/infobric.com\/no\/hvem-vi-hjelper\/#breadcrumb\",\"itemListElement\":[{\"@type\":\"ListItem\",\"position\":1,\"name\":\"Home\",\"item\":\"https:\/\/infobric.com\/no\/\"},{\"@type\":\"ListItem\",\"position\":2,\"name\":\"Hvem vi hjelper\"}]},{\"@type\":\"WebSite\",\"@id\":\"https:\/\/infobric.com\/no\/#website\",\"url\":\"https:\/\/infobric.com\/no\/\",\"name\":\"Norway\",\"description\":\"\",\"potentialAction\":[{\"@type\":\"SearchAction\",\"target\":{\"@type\":\"EntryPoint\",\"urlTemplate\":\"https:\/\/infobric.com\/no\/?s={search_term_string}\"},\"query-input\":\"required name=search_term_string\"}],\"inLanguage\":\"no-NO\"},{\"@type\":\"ImageObject\",\"inLanguage\":\"no-NO\",\"@id\":\"https:\/\/infobric.com\/no\/hvem-vi-hjelper\/#local-main-organization-logo\",\"url\":\"\",\"contentUrl\":\"\",\"caption\":\"Infobric\"}]}<\/script>\n<!-- \/ Yoast SEO Premium plugin. -->","yoast_head_json":{"title":"Hvem vi hjelper | Infobric","description":"Infobric kobler sammen byggen\u00e6ringens \u00f8kosystem og gir alle akt\u00f8rer de riktige verkt\u00f8yene for sikrere, mer effektive og mer b\u00e6rekraftige byggeprosjekter.","robots":{"index":"index","follow":"follow","max-snippet":"max-snippet:-1","max-image-preview":"max-image-preview:large","max-video-preview":"max-video-preview:-1"},"canonical":"https:\/\/infobric.com\/no\/hvem-vi-hjelper\/","og_locale":"en_US","og_type":"article","og_title":"Hvem vi hjelper","og_description":"Infobric kobler sammen byggen\u00e6ringens \u00f8kosystem og gir alle akt\u00f8rer de riktige verkt\u00f8yene for sikrere, mer effektive og mer b\u00e6rekraftige byggeprosjekter.","og_url":"https:\/\/infobric.com\/no\/hvem-vi-hjelper\/","og_site_name":"Norway","article_modified_time":"2026-02-19T15:07:22+00:00","og_image":[{"url":"https:\/\/infobric.com\/no\/wp-content\/uploads\/sites\/28\/2026\/02\/Tidsrapportering-1024x612.avif"}],"twitter_card":"summary_large_image","schema":{"@context":"https:\/\/schema.org","@graph":[{"@type":"WebPage","@id":"https:\/\/infobric.com\/no\/hvem-vi-hjelper\/","url":"https:\/\/infobric.com\/no\/hvem-vi-hjelper\/","name":"Hvem vi hjelper | Infobric","isPartOf":{"@id":"https:\/\/infobric.com\/no\/#website"},"primaryImageOfPage":{"@id":"https:\/\/infobric.com\/no\/hvem-vi-hjelper\/#primaryimage"},"image":{"@id":"https:\/\/infobric.com\/no\/hvem-vi-hjelper\/#primaryimage"},"thumbnailUrl":"https:\/\/infobric.com\/no\/wp-content\/uploads\/sites\/28\/2026\/02\/Tidsrapportering-1024x612.avif","datePublished":"2026-02-18T12:11:41+00:00","dateModified":"2026-02-19T15:07:22+00:00","description":"Infobric kobler sammen byggen\u00e6ringens \u00f8kosystem og gir alle akt\u00f8rer de riktige verkt\u00f8yene for sikrere, mer effektive og mer b\u00e6rekraftige byggeprosjekter.","breadcrumb":{"@id":"https:\/\/infobric.com\/no\/hvem-vi-hjelper\/#breadcrumb"},"inLanguage":"no-NO","potentialAction":[{"@type":"ReadAction","target":["https:\/\/infobric.com\/no\/hvem-vi-hjelper\/"]}]},{"@type":"ImageObject","inLanguage":"no-NO","@id":"https:\/\/infobric.com\/no\/hvem-vi-hjelper\/#primaryimage","url":"https:\/\/infobric.com\/no\/wp-content\/uploads\/sites\/28\/2026\/02\/Tidsrapportering-1024x612.avif","contentUrl":"https:\/\/infobric.com\/no\/wp-content\/uploads\/sites\/28\/2026\/02\/Tidsrapportering-1024x612.avif"},{"@type":"BreadcrumbList","@id":"https:\/\/infobric.com\/no\/hvem-vi-hjelper\/#breadcrumb","itemListElement":[{"@type":"ListItem","position":1,"name":"Home","item":"https:\/\/infobric.com\/no\/"},{"@type":"ListItem","position":2,"name":"Hvem vi hjelper"}]},{"@type":"WebSite","@id":"https:\/\/infobric.com\/no\/#website","url":"https:\/\/infobric.com\/no\/","name":"Norway","description":"","potentialAction":[{"@type":"SearchAction","target":{"@type":"EntryPoint","urlTemplate":"https:\/\/infobric.com\/no\/?s={search_term_string}"},"query-input":"required name=search_term_string"}],"inLanguage":"no-NO"},{"@type":"ImageObject","inLanguage":"no-NO","@id":"https:\/\/infobric.com\/no\/hvem-vi-hjelper\/#local-main-organization-logo","url":"","contentUrl":"","caption":"Infobric"}]}},"_links":{"self":[{"href":"https:\/\/infobric.com\/no\/wp-json\/wp\/v2\/pages\/10632"}],"collection":[{"href":"https:\/\/infobric.com\/no\/wp-json\/wp\/v2\/pages"}],"about":[{"href":"https:\/\/infobric.com\/no\/wp-json\/wp\/v2\/types\/page"}],"author":[{"embeddable":true,"href":"https:\/\/infobric.com\/no\/wp-json\/wp\/v2\/users\/9"}],"replies":[{"embeddable":true,"href":"https:\/\/infobric.com\/no\/wp-json\/wp\/v2\/comments?post=10632"}],"version-history":[{"count":10,"href":"https:\/\/infobric.com\/no\/wp-json\/wp\/v2\/pages\/10632\/revisions"}],"predecessor-version":[{"id":10956,"href":"https:\/\/infobric.com\/no\/wp-json\/wp\/v2\/pages\/10632\/revisions\/10956"}],"wp:attachment":[{"href":"https:\/\/infobric.com\/no\/wp-json\/wp\/v2\/media?parent=10632"}],"curies":[{"name":"wp","href":"https:\/\/api.w.org\/{rel}","templated":true}]}}