{"id":10713,"date":"2026-02-18T12:37:29","date_gmt":"2026-02-18T12:37:29","guid":{"rendered":"https:\/\/infobric.com\/no\/?page_id=10713"},"modified":"2026-02-18T13:55:16","modified_gmt":"2026-02-18T13:55:16","slug":"utleiefirma","status":"publish","type":"page","link":"https:\/\/infobric.com\/no\/hvem-vi-hjelper\/utleiefirma\/","title":{"rendered":"Utleiefirma"},"content":{"rendered":"\t\t<div data-elementor-type=\"wp-page\" data-elementor-id=\"10713\" class=\"elementor elementor-10713\" data-elementor-post-type=\"page\">\n\t\t\t\t<div class=\"elementor-element elementor-element-fab881f e-flex e-con-boxed e-con e-parent\" data-id=\"fab881f\" data-element_type=\"container\">\n\t\t\t\t\t<div class=\"e-con-inner\">\n\t\t\t\t<div class=\"elementor-element elementor-element-a7083ec elementor-widget elementor-widget-infobric-hero\" data-id=\"a7083ec\" data-element_type=\"widget\" data-widget_type=\"infobric-hero.default\">\n\t\t\t\t<div class=\"elementor-widget-container\">\n\t\t\t\n                    <div class=\"ib-hb-new\">\n                <div class=\"ib-hb-new-cw\">\n                    <div class=\"ib-hb-new-iw\">\n                        <div class=\"ib-hb-new-col-left\">\n                            <div class=\"ib-hb-new-tw global-tw-h-l\">\n                                <h1 class=\"ib-hb-new-headline new-global-headline new-global-headline-l\">Utleiefirma<\/h1>\n                                <p class=\"ib-hb-new-desc global-body-normal\">Effektiviser utleieprosessene deres med kontroll i sanntid. Med heldekkende, skybaserte l\u00f8sninger som samler leieavtaler, tilgjengelighet p\u00e5 kj\u00f8ret\u00f8y og maskiner samt kontrakth\u00e5ndtering p\u00e5 ett sted, reduserer dere manuelle feil og sikrer at dere alltid er klare for neste oppdrag.<\/p>\n                            <\/div>\n                                                    <\/div>\n                        <div class=\"ib-hb-new-col-right\">\n                            <img fetchpriority=\"high\" width=\"1024\" height=\"1010\" src=\"https:\/\/infobric.com\/no\/wp-content\/uploads\/sites\/28\/2026\/02\/Rental-companies-1024x1010.webp\" class=\"ib-hb-new-img\" alt=\"\" fetchpriority=\"high\" loading=\"eager\" decoding=\"async\" srcset=\"https:\/\/infobric.com\/no\/wp-content\/uploads\/sites\/28\/2026\/02\/Rental-companies-1024x1010.webp 1024w, https:\/\/infobric.com\/no\/wp-content\/uploads\/sites\/28\/2026\/02\/Rental-companies-300x296.webp 300w, https:\/\/infobric.com\/no\/wp-content\/uploads\/sites\/28\/2026\/02\/Rental-companies-768x758.webp 768w, https:\/\/infobric.com\/no\/wp-content\/uploads\/sites\/28\/2026\/02\/Rental-companies-600x592.webp 600w, https:\/\/infobric.com\/no\/wp-content\/uploads\/sites\/28\/2026\/02\/Rental-companies-100x100.webp 100w, https:\/\/infobric.com\/no\/wp-content\/uploads\/sites\/28\/2026\/02\/Rental-companies.webp 1053w\" sizes=\"(max-width: 1024px) 100vw, 1024px\" \/>                        <\/div>\n                    <\/div>\n                <\/div>\n                <div class=\"ib-hb-new-lw\">\n                    \t\t<\/div>\n\t\t\t\t<\/div>\n\t\t\t\t<div class=\"elementor-element elementor-element-cba5d24 elementor-widget elementor-widget-infobric-text-image\" data-id=\"cba5d24\" data-element_type=\"widget\" data-widget_type=\"infobric-text-image.default\">\n\t\t\t\t<div class=\"elementor-widget-container\">\n\t\t\t            <div class=\"ib-tib\">\n                <div class=\"ib-tib-content\">\n                    <div class=\"ib-tib-ltb-wrapper\">\n                        <div class=\"ib-tib-lt-wrapper\">\n                                                        <div class=\"ib-tib-t-wrapper\">\n                                <h2 class=\"ib-tib-headline global-headline global-headline-m\">En hj\u00f8rnestein i byggebransjen<\/h2>\n                                <div class=\"ib-tib-body global-body-light-m\"><p>Maskinutleiere er en sentral akt\u00f8r i dagens byggebransje og gir entrepren\u00f8rer tilgang til utstyret de trenger, n\u00e5r de trenger det, uten at de m\u00e5 eie det selv. Det skaper kostnadseffektivitet, fleksibilitet og skalerbarhet, noe som gj\u00f8r det enklere \u00e5 holde prosjektene smidige og innenfor budsjett.<\/p><\/div>\n                            <\/div>\n                        <\/div>\n                                            <\/div>\n                                            <div class=\"ib-tib-img-wrapper\">\n                            <img loading=\"lazy\" width=\"768\" height=\"512\" src=\"https:\/\/infobric.com\/no\/wp-content\/uploads\/sites\/28\/2026\/02\/B2A2957-WEBSITE-2-768x512.avif\" class=\"tib-image-env\" alt=\"\" loading=\"lazy\" decoding=\"async\" sizes=\"(max-width: 767px) 100vw, 50vw\" srcset=\"https:\/\/infobric.com\/no\/wp-content\/uploads\/sites\/28\/2026\/02\/B2A2957-WEBSITE-2-768x512.avif 768w, https:\/\/infobric.com\/no\/wp-content\/uploads\/sites\/28\/2026\/02\/B2A2957-WEBSITE-2-300x200.avif 300w, https:\/\/infobric.com\/no\/wp-content\/uploads\/sites\/28\/2026\/02\/B2A2957-WEBSITE-2-1024x683.avif 1024w, https:\/\/infobric.com\/no\/wp-content\/uploads\/sites\/28\/2026\/02\/B2A2957-WEBSITE-2-1536x1024.avif 1536w, https:\/\/infobric.com\/no\/wp-content\/uploads\/sites\/28\/2026\/02\/B2A2957-WEBSITE-2-600x400.avif 600w, https:\/\/infobric.com\/no\/wp-content\/uploads\/sites\/28\/2026\/02\/B2A2957-WEBSITE-2.avif 2048w\" \/>                        <\/div>\n                                    <\/div>\n            <\/div>\n            \t\t<\/div>\n\t\t\t\t<\/div>\n\t\t\t\t<div class=\"elementor-element elementor-element-91f6ed7 elementor-widget elementor-widget-infobric-text-image\" data-id=\"91f6ed7\" data-element_type=\"widget\" data-widget_type=\"infobric-text-image.default\">\n\t\t\t\t<div class=\"elementor-widget-container\">\n\t\t\t            <div class=\"ib-tib\">\n                <div class=\"ib-tib-content\">\n                                            <div class=\"ib-tib-img-wrapper tib-iw-l\">\n                            <img loading=\"lazy\" width=\"768\" height=\"512\" src=\"https:\/\/infobric.com\/no\/wp-content\/uploads\/sites\/28\/2026\/02\/4B9A3597-WEBSITE-1-768x512.avif\" class=\"tib-image-env\" alt=\"\" loading=\"lazy\" decoding=\"async\" sizes=\"(max-width: 767px) 100vw, 50vw\" srcset=\"https:\/\/infobric.com\/no\/wp-content\/uploads\/sites\/28\/2026\/02\/4B9A3597-WEBSITE-1-768x512.avif 768w, https:\/\/infobric.com\/no\/wp-content\/uploads\/sites\/28\/2026\/02\/4B9A3597-WEBSITE-1-300x200.avif 300w, https:\/\/infobric.com\/no\/wp-content\/uploads\/sites\/28\/2026\/02\/4B9A3597-WEBSITE-1-1024x683.avif 1024w, https:\/\/infobric.com\/no\/wp-content\/uploads\/sites\/28\/2026\/02\/4B9A3597-WEBSITE-1-1536x1024.avif 1536w, https:\/\/infobric.com\/no\/wp-content\/uploads\/sites\/28\/2026\/02\/4B9A3597-WEBSITE-1-600x400.avif 600w, https:\/\/infobric.com\/no\/wp-content\/uploads\/sites\/28\/2026\/02\/4B9A3597-WEBSITE-1.avif 2048w\" \/>                        <\/div>\n                                        <div class=\"ib-tib-ltb-wrapper\">\n                        <div class=\"ib-tib-lt-wrapper\">\n                                                        <div class=\"ib-tib-t-wrapper\">\n                                <h2 class=\"ib-tib-headline global-headline global-headline-m\">Maksimer l\u00f8nnsomheten med innsikt i sanntid<\/h2>\n                                <div class=\"ib-tib-body global-body-light-m\"><p>Med v\u00e5r lange erfaring fra tett samarbeid med maskinutleiebransjen vet vi hvor avgj\u00f8rende balansen mellom utnyttelsesgrad og tilgjengelighet er. Med sanntidsdata om maskinbruk, posisjon og tilgjengelighet kan utleiere optimalisere ressursene sine og s\u00f8rge for at riktig utstyr er p\u00e5 rett sted til rett tid. Det gir h\u00f8yere l\u00f8nnsomhet og en bedre opplevelse for kunden.<\/p><\/div>\n                            <\/div>\n                        <\/div>\n                                            <\/div>\n                <\/div>\n            <\/div>\n            \t\t<\/div>\n\t\t\t\t<\/div>\n\t\t\t\t<div class=\"elementor-element elementor-element-c2404d5 elementor-widget elementor-widget-infobric-card-layout-widget\" data-id=\"c2404d5\" data-element_type=\"widget\" data-widget_type=\"infobric-card-layout-widget.default\">\n\t\t\t\t<div class=\"elementor-widget-container\">\n\t\t\t        <div class=\"ib-card-layout\">\n            <div class=\"ib-card-layout-cw\">\n                <div class=\"ib-card-layout-iw\">\n                                            <div class=\"ib-card-layout-tw global-tw-h-xl\">\n                                                    <h2 class=\"ib-card-layout-block-headline global-text-color-default new-global-headline new-global-headline-xl\">\n                                Noen av v\u00e5re l\u00f8sninger for utleiefirma                            <\/h2>\n                                                                        <\/div>\n                                        <div class=\"ib-card-layout-grid\">\n                                                <a class=\"ib-card-new\" href=\"https:\/\/infobric.com\/no\/produkter\/fleet\/\">\n                                                                                        <div class=\"ib-card-new-img-wrapper\">\n                                    <img loading=\"lazy\" width=\"758\" height=\"505\" src=\"https:\/\/infobric.com\/no\/wp-content\/uploads\/sites\/28\/2025\/10\/INFOBRIC_B23-WEBB-1.avif\" class=\"ib-card-new-img\" alt=\"Infobric Fleet\" loading=\"lazy\" decoding=\"async\" sizes=\"(max-width: 768px) 100vw, (max-width: 1024px) 50vw, 33vw\" srcset=\"https:\/\/infobric.com\/no\/wp-content\/uploads\/sites\/28\/2025\/10\/INFOBRIC_B23-WEBB-1.avif 758w, https:\/\/infobric.com\/no\/wp-content\/uploads\/sites\/28\/2025\/10\/INFOBRIC_B23-WEBB-1-300x200.avif 300w, https:\/\/infobric.com\/no\/wp-content\/uploads\/sites\/28\/2025\/10\/INFOBRIC_B23-WEBB-1-600x400.avif 600w\" \/>                                <\/div>\n                                                        <div class=\"ib-card-new-cw\">\n                                <div class=\"ib-card-new-tw global-tw-h-xs\">\n                                                                            <h2 class=\"ib-card-new-headline new-global-headline new-global-headline-xs global-text-color-default\">Infobric Fleet<\/h2>\n                                                                                                                <p class=\"ib-card-new-preamble global-body-normal\">Reduser administrasjonen og f\u00e5 bedre kostnadskontroll i bilparken med en plattform som forenkler hverdagen.<\/p>\n                                                                    <\/div>\n                                                                    <button class=\"ib-button-link ib-button-link-light-bg global-body-button\" type=\"button\">\n                                        G\u00e5 til                                        <svg xmlns=\"http:\/\/www.w3.org\/2000\/svg\" width=\"8\" height=\"11\" viewBox=\"0 0 8 11\" fill=\"none\">\n                                            <path d=\"M2 9.5L6 5.5L2 1.5\" stroke=\"#1D2C38\" stroke-width=\"2.4\" stroke-miterlimit=\"10\" stroke-linecap=\"round\" stroke-linejoin=\"round\"\/>\n                                        <\/svg>\n                                    <\/button>\n                                                            <\/div>\n                        <\/a>\n                                                <a class=\"ib-card-new\" href=\"https:\/\/infobric.com\/no\/produkter\/machines\/\">\n                                                                                        <div class=\"ib-card-new-img-wrapper\">\n                                    <img loading=\"lazy\" width=\"1024\" height=\"683\" src=\"https:\/\/infobric.com\/no\/wp-content\/uploads\/sites\/28\/2026\/02\/B2A3943-WEBSITE-1024x683.avif\" class=\"ib-card-new-img\" alt=\"Infobric Machines\" loading=\"lazy\" decoding=\"async\" sizes=\"(max-width: 768px) 100vw, (max-width: 1024px) 50vw, 33vw\" srcset=\"https:\/\/infobric.com\/no\/wp-content\/uploads\/sites\/28\/2026\/02\/B2A3943-WEBSITE-1024x683.avif 1024w, https:\/\/infobric.com\/no\/wp-content\/uploads\/sites\/28\/2026\/02\/B2A3943-WEBSITE-300x200.avif 300w, https:\/\/infobric.com\/no\/wp-content\/uploads\/sites\/28\/2026\/02\/B2A3943-WEBSITE-768x512.avif 768w, https:\/\/infobric.com\/no\/wp-content\/uploads\/sites\/28\/2026\/02\/B2A3943-WEBSITE-1536x1024.avif 1536w, https:\/\/infobric.com\/no\/wp-content\/uploads\/sites\/28\/2026\/02\/B2A3943-WEBSITE-600x400.avif 600w, https:\/\/infobric.com\/no\/wp-content\/uploads\/sites\/28\/2026\/02\/B2A3943-WEBSITE.avif 2048w\" \/>                                <\/div>\n                                                        <div class=\"ib-card-new-cw\">\n                                <div class=\"ib-card-new-tw global-tw-h-xs\">\n                                                                            <h2 class=\"ib-card-new-headline new-global-headline new-global-headline-xs global-text-color-default\">Infobric Machines<\/h2>\n                                                                                                                <p class=\"ib-card-new-preamble global-body-normal\">N\u00e5r all informasjon om maskinparken er samlet p\u00e5 ett sted, blir det raskt og enkelt \u00e5 se hvordan, n\u00e5r og hvor maskinene har v\u00e6rt brukt.<\/p>\n                                                                    <\/div>\n                                                                    <button class=\"ib-button-link ib-button-link-light-bg global-body-button\" type=\"button\">\n                                        G\u00e5 til                                        <svg xmlns=\"http:\/\/www.w3.org\/2000\/svg\" width=\"8\" height=\"11\" viewBox=\"0 0 8 11\" fill=\"none\">\n                                            <path d=\"M2 9.5L6 5.5L2 1.5\" stroke=\"#1D2C38\" stroke-width=\"2.4\" stroke-miterlimit=\"10\" stroke-linecap=\"round\" stroke-linejoin=\"round\"\/>\n                                        <\/svg>\n                                    <\/button>\n                                                            <\/div>\n                        <\/a>\n                                                <a class=\"ib-card-new\" href=\"https:\/\/infobric.com\/no\/produkter\/onlet\/\">\n                                                                                        <div class=\"ib-card-new-img-wrapper\">\n                                    <img loading=\"lazy\" width=\"758\" height=\"505\" src=\"https:\/\/infobric.com\/no\/wp-content\/uploads\/sites\/28\/2025\/10\/INFOBRIC_B2A2537-WEBB-1.avif\" class=\"ib-card-new-img\" alt=\"Infobric Onlet\" loading=\"lazy\" decoding=\"async\" sizes=\"(max-width: 768px) 100vw, (max-width: 1024px) 50vw, 33vw\" srcset=\"https:\/\/infobric.com\/no\/wp-content\/uploads\/sites\/28\/2025\/10\/INFOBRIC_B2A2537-WEBB-1.avif 758w, https:\/\/infobric.com\/no\/wp-content\/uploads\/sites\/28\/2025\/10\/INFOBRIC_B2A2537-WEBB-1-300x200.avif 300w, https:\/\/infobric.com\/no\/wp-content\/uploads\/sites\/28\/2025\/10\/INFOBRIC_B2A2537-WEBB-1-600x400.avif 600w\" \/>                                <\/div>\n                                                        <div class=\"ib-card-new-cw\">\n                                <div class=\"ib-card-new-tw global-tw-h-xs\">\n                                                                            <h2 class=\"ib-card-new-headline new-global-headline new-global-headline-xs global-text-color-default\">Infobric Onlet<\/h2>\n                                                                                                                <p class=\"ib-card-new-preamble global-body-normal\">Bransjens mest effektive l\u00f8sning for utleie, lagerstyring og fakturering. F\u00e5 digital kontroll og oppdag hvordan systemet kan forenkle din virksomhet.<\/p>\n                                                                    <\/div>\n                                                                    <button class=\"ib-button-link ib-button-link-light-bg global-body-button\" type=\"button\">\n                                        G\u00e5 til                                        <svg xmlns=\"http:\/\/www.w3.org\/2000\/svg\" width=\"8\" height=\"11\" viewBox=\"0 0 8 11\" fill=\"none\">\n                                            <path d=\"M2 9.5L6 5.5L2 1.5\" stroke=\"#1D2C38\" stroke-width=\"2.4\" stroke-miterlimit=\"10\" stroke-linecap=\"round\" stroke-linejoin=\"round\"\/>\n                                        <\/svg>\n                                    <\/button>\n                                                            <\/div>\n                        <\/a>\n                                            <\/div>\n                <\/div>\n            <\/div>\n        <\/div>\n        \t\t<\/div>\n\t\t\t\t<\/div>\n\t\t\t\t\t<\/div>\n\t\t\t\t<\/div>\n\t\t\t\t<\/div>\n\t\t","protected":false},"excerpt":{"rendered":"<p>Utleiefirma Effektiviser utleieprosessene deres med kontroll i sanntid. Med heldekkende, skybaserte l\u00f8sninger som samler leieavtaler, tilgjengelighet p\u00e5 kj\u00f8ret\u00f8y og maskiner samt kontrakth\u00e5ndtering p\u00e5 ett sted, reduserer dere manuelle feil og sikrer at dere alltid er klare for neste oppdrag. En hj\u00f8rnestein i byggebransjen Maskinutleiere er&#8230;<\/p>\n","protected":false},"author":9,"featured_media":10868,"parent":10632,"menu_order":0,"comment_status":"closed","ping_status":"closed","template":"","meta":{"_acf_changed":false,"footnotes":""},"acf":[],"yoast_head":"<!-- This site is optimized with the Yoast SEO Premium plugin v22.5 (Yoast SEO v22.5) - https:\/\/yoast.com\/wordpress\/plugins\/seo\/ -->\n<title>Utleiefirma | Infobric<\/title>\n<meta name=\"description\" content=\"Effektiviser utleieprosessene med sanntidskontroll. Samle leieavtaler, tilgjengelighet og kontrakter i \u00e9n skybasert l\u00f8sning.\" \/>\n<meta name=\"robots\" content=\"index, follow, max-snippet:-1, max-image-preview:large, max-video-preview:-1\" \/>\n<link rel=\"canonical\" href=\"https:\/\/infobric.com\/no\/hvem-vi-hjelper\/utleiefirma\/\" \/>\n<meta property=\"og:locale\" content=\"en_US\" \/>\n<meta property=\"og:type\" content=\"article\" \/>\n<meta property=\"og:title\" content=\"Utleiefirma\" \/>\n<meta property=\"og:description\" content=\"Effektiviser utleieprosessene med sanntidskontroll. Samle leieavtaler, tilgjengelighet og kontrakter i \u00e9n skybasert l\u00f8sning.\" \/>\n<meta property=\"og:url\" content=\"https:\/\/infobric.com\/no\/hvem-vi-hjelper\/utleiefirma\/\" \/>\n<meta property=\"og:site_name\" content=\"Norway\" \/>\n<meta property=\"article:modified_time\" content=\"2026-02-18T13:55:16+00:00\" \/>\n<meta name=\"twitter:card\" content=\"summary_large_image\" \/>\n<script type=\"application\/ld+json\" class=\"yoast-schema-graph\">{\"@context\":\"https:\/\/schema.org\",\"@graph\":[{\"@type\":\"WebPage\",\"@id\":\"https:\/\/infobric.com\/no\/hvem-vi-hjelper\/utleiefirma\/\",\"url\":\"https:\/\/infobric.com\/no\/hvem-vi-hjelper\/utleiefirma\/\",\"name\":\"Utleiefirma | Infobric\",\"isPartOf\":{\"@id\":\"https:\/\/infobric.com\/no\/#website\"},\"primaryImageOfPage\":{\"@id\":\"https:\/\/infobric.com\/no\/hvem-vi-hjelper\/utleiefirma\/#primaryimage\"},\"image\":{\"@id\":\"https:\/\/infobric.com\/no\/hvem-vi-hjelper\/utleiefirma\/#primaryimage\"},\"thumbnailUrl\":\"https:\/\/infobric.com\/no\/wp-content\/uploads\/sites\/28\/2026\/02\/4B9A3527-WEBSITE.avif\",\"datePublished\":\"2026-02-18T12:37:29+00:00\",\"dateModified\":\"2026-02-18T13:55:16+00:00\",\"description\":\"Effektiviser utleieprosessene med sanntidskontroll. Samle leieavtaler, tilgjengelighet og kontrakter i \u00e9n skybasert l\u00f8sning.\",\"breadcrumb\":{\"@id\":\"https:\/\/infobric.com\/no\/hvem-vi-hjelper\/utleiefirma\/#breadcrumb\"},\"inLanguage\":\"no-NO\",\"potentialAction\":[{\"@type\":\"ReadAction\",\"target\":[\"https:\/\/infobric.com\/no\/hvem-vi-hjelper\/utleiefirma\/\"]}]},{\"@type\":\"ImageObject\",\"inLanguage\":\"no-NO\",\"@id\":\"https:\/\/infobric.com\/no\/hvem-vi-hjelper\/utleiefirma\/#primaryimage\",\"url\":\"https:\/\/infobric.com\/no\/wp-content\/uploads\/sites\/28\/2026\/02\/4B9A3527-WEBSITE.avif\",\"contentUrl\":\"https:\/\/infobric.com\/no\/wp-content\/uploads\/sites\/28\/2026\/02\/4B9A3527-WEBSITE.avif\",\"width\":2048,\"height\":1365},{\"@type\":\"BreadcrumbList\",\"@id\":\"https:\/\/infobric.com\/no\/hvem-vi-hjelper\/utleiefirma\/#breadcrumb\",\"itemListElement\":[{\"@type\":\"ListItem\",\"position\":1,\"name\":\"Home\",\"item\":\"https:\/\/infobric.com\/no\/\"},{\"@type\":\"ListItem\",\"position\":2,\"name\":\"Hvem vi hjelper\",\"item\":\"https:\/\/infobric.com\/no\/hvem-vi-hjelper\/\"},{\"@type\":\"ListItem\",\"position\":3,\"name\":\"Utleiefirma\"}]},{\"@type\":\"WebSite\",\"@id\":\"https:\/\/infobric.com\/no\/#website\",\"url\":\"https:\/\/infobric.com\/no\/\",\"name\":\"Norway\",\"description\":\"\",\"potentialAction\":[{\"@type\":\"SearchAction\",\"target\":{\"@type\":\"EntryPoint\",\"urlTemplate\":\"https:\/\/infobric.com\/no\/?s={search_term_string}\"},\"query-input\":\"required name=search_term_string\"}],\"inLanguage\":\"no-NO\"},{\"@type\":\"ImageObject\",\"inLanguage\":\"no-NO\",\"@id\":\"https:\/\/infobric.com\/no\/hvem-vi-hjelper\/utleiefirma\/#local-main-organization-logo\",\"url\":\"\",\"contentUrl\":\"\",\"caption\":\"Infobric\"}]}<\/script>\n<!-- \/ Yoast SEO Premium plugin. -->","yoast_head_json":{"title":"Utleiefirma | Infobric","description":"Effektiviser utleieprosessene med sanntidskontroll. Samle leieavtaler, tilgjengelighet og kontrakter i \u00e9n skybasert l\u00f8sning.","robots":{"index":"index","follow":"follow","max-snippet":"max-snippet:-1","max-image-preview":"max-image-preview:large","max-video-preview":"max-video-preview:-1"},"canonical":"https:\/\/infobric.com\/no\/hvem-vi-hjelper\/utleiefirma\/","og_locale":"en_US","og_type":"article","og_title":"Utleiefirma","og_description":"Effektiviser utleieprosessene med sanntidskontroll. Samle leieavtaler, tilgjengelighet og kontrakter i \u00e9n skybasert l\u00f8sning.","og_url":"https:\/\/infobric.com\/no\/hvem-vi-hjelper\/utleiefirma\/","og_site_name":"Norway","article_modified_time":"2026-02-18T13:55:16+00:00","twitter_card":"summary_large_image","schema":{"@context":"https:\/\/schema.org","@graph":[{"@type":"WebPage","@id":"https:\/\/infobric.com\/no\/hvem-vi-hjelper\/utleiefirma\/","url":"https:\/\/infobric.com\/no\/hvem-vi-hjelper\/utleiefirma\/","name":"Utleiefirma | Infobric","isPartOf":{"@id":"https:\/\/infobric.com\/no\/#website"},"primaryImageOfPage":{"@id":"https:\/\/infobric.com\/no\/hvem-vi-hjelper\/utleiefirma\/#primaryimage"},"image":{"@id":"https:\/\/infobric.com\/no\/hvem-vi-hjelper\/utleiefirma\/#primaryimage"},"thumbnailUrl":"https:\/\/infobric.com\/no\/wp-content\/uploads\/sites\/28\/2026\/02\/4B9A3527-WEBSITE.avif","datePublished":"2026-02-18T12:37:29+00:00","dateModified":"2026-02-18T13:55:16+00:00","description":"Effektiviser utleieprosessene med sanntidskontroll. Samle leieavtaler, tilgjengelighet og kontrakter i \u00e9n skybasert l\u00f8sning.","breadcrumb":{"@id":"https:\/\/infobric.com\/no\/hvem-vi-hjelper\/utleiefirma\/#breadcrumb"},"inLanguage":"no-NO","potentialAction":[{"@type":"ReadAction","target":["https:\/\/infobric.com\/no\/hvem-vi-hjelper\/utleiefirma\/"]}]},{"@type":"ImageObject","inLanguage":"no-NO","@id":"https:\/\/infobric.com\/no\/hvem-vi-hjelper\/utleiefirma\/#primaryimage","url":"https:\/\/infobric.com\/no\/wp-content\/uploads\/sites\/28\/2026\/02\/4B9A3527-WEBSITE.avif","contentUrl":"https:\/\/infobric.com\/no\/wp-content\/uploads\/sites\/28\/2026\/02\/4B9A3527-WEBSITE.avif","width":2048,"height":1365},{"@type":"BreadcrumbList","@id":"https:\/\/infobric.com\/no\/hvem-vi-hjelper\/utleiefirma\/#breadcrumb","itemListElement":[{"@type":"ListItem","position":1,"name":"Home","item":"https:\/\/infobric.com\/no\/"},{"@type":"ListItem","position":2,"name":"Hvem vi hjelper","item":"https:\/\/infobric.com\/no\/hvem-vi-hjelper\/"},{"@type":"ListItem","position":3,"name":"Utleiefirma"}]},{"@type":"WebSite","@id":"https:\/\/infobric.com\/no\/#website","url":"https:\/\/infobric.com\/no\/","name":"Norway","description":"","potentialAction":[{"@type":"SearchAction","target":{"@type":"EntryPoint","urlTemplate":"https:\/\/infobric.com\/no\/?s={search_term_string}"},"query-input":"required name=search_term_string"}],"inLanguage":"no-NO"},{"@type":"ImageObject","inLanguage":"no-NO","@id":"https:\/\/infobric.com\/no\/hvem-vi-hjelper\/utleiefirma\/#local-main-organization-logo","url":"","contentUrl":"","caption":"Infobric"}]}},"_links":{"self":[{"href":"https:\/\/infobric.com\/no\/wp-json\/wp\/v2\/pages\/10713"}],"collection":[{"href":"https:\/\/infobric.com\/no\/wp-json\/wp\/v2\/pages"}],"about":[{"href":"https:\/\/infobric.com\/no\/wp-json\/wp\/v2\/types\/page"}],"author":[{"embeddable":true,"href":"https:\/\/infobric.com\/no\/wp-json\/wp\/v2\/users\/9"}],"replies":[{"embeddable":true,"href":"https:\/\/infobric.com\/no\/wp-json\/wp\/v2\/comments?post=10713"}],"version-history":[{"count":20,"href":"https:\/\/infobric.com\/no\/wp-json\/wp\/v2\/pages\/10713\/revisions"}],"predecessor-version":[{"id":10870,"href":"https:\/\/infobric.com\/no\/wp-json\/wp\/v2\/pages\/10713\/revisions\/10870"}],"up":[{"embeddable":true,"href":"https:\/\/infobric.com\/no\/wp-json\/wp\/v2\/pages\/10632"}],"wp:featuredmedia":[{"embeddable":true,"href":"https:\/\/infobric.com\/no\/wp-json\/wp\/v2\/media\/10868"}],"wp:attachment":[{"href":"https:\/\/infobric.com\/no\/wp-json\/wp\/v2\/media?parent=10713"}],"curies":[{"name":"wp","href":"https:\/\/api.w.org\/{rel}","templated":true}]}}