{"id":1459,"date":"2024-09-12T14:36:21","date_gmt":"2024-09-12T14:36:21","guid":{"rendered":"https:\/\/infobric.no\/?page_id=1459"},"modified":"2026-02-23T10:39:17","modified_gmt":"2026-02-23T10:39:17","slug":"var-samfunnspavirkning","status":"publish","type":"page","link":"https:\/\/infobric.com\/no\/var-samfunnspavirkning\/","title":{"rendered":"V\u00e5r samfunnsp\u00e5virkning"},"content":{"rendered":"\t\t<div data-elementor-type=\"wp-page\" data-elementor-id=\"1459\" class=\"elementor elementor-1459\" data-elementor-post-type=\"page\">\n\t\t\t\t<div class=\"elementor-element elementor-element-3178da3 e-flex e-con-boxed e-con e-parent\" data-id=\"3178da3\" data-element_type=\"container\">\n\t\t\t\t\t<div class=\"e-con-inner\">\n\t\t\t\t<div class=\"elementor-element elementor-element-315e5b4 elementor-widget elementor-widget-infobric-hero\" data-id=\"315e5b4\" data-element_type=\"widget\" data-widget_type=\"infobric-hero.default\">\n\t\t\t\t<div class=\"elementor-widget-container\">\n\t\t\t\n                    <div class=\"ib-hb-ba\">\n                <div class=\"ib-hb-ba-content-wrapper\">\n                    <img fetchpriority=\"high\" width=\"2048\" height=\"1365\" src=\"https:\/\/infobric.com\/no\/wp-content\/uploads\/sites\/28\/2026\/02\/B2A2774-WEBSITE.avif\" class=\"ib-hb-ba-bg-image\" alt=\"\" fetchpriority=\"high\" loading=\"eager\" decoding=\"async\" sizes=\"(max-width: 767px) 100vw, (max-width: 1023px) 100vw, 100vw\" srcset=\"https:\/\/infobric.com\/no\/wp-content\/uploads\/sites\/28\/2026\/02\/B2A2774-WEBSITE.avif 2048w, https:\/\/infobric.com\/no\/wp-content\/uploads\/sites\/28\/2026\/02\/B2A2774-WEBSITE-300x200.avif 300w, https:\/\/infobric.com\/no\/wp-content\/uploads\/sites\/28\/2026\/02\/B2A2774-WEBSITE-1024x683.avif 1024w, https:\/\/infobric.com\/no\/wp-content\/uploads\/sites\/28\/2026\/02\/B2A2774-WEBSITE-768x512.avif 768w, https:\/\/infobric.com\/no\/wp-content\/uploads\/sites\/28\/2026\/02\/B2A2774-WEBSITE-1536x1024.avif 1536w, https:\/\/infobric.com\/no\/wp-content\/uploads\/sites\/28\/2026\/02\/B2A2774-WEBSITE-600x400.avif 600w\" \/>                    <div class=\"ib-hb-ba-overlay\"><\/div>\n                    <div class=\"ib-hb-ba-content\">\n                        <div class=\"ib-hb-ba-text-wrapper\">\n                            <h1 class=\"ib-hb-ba-headline global-headline global-headline-xxl\">V\u00e5r samfunnsp\u00e5virkning.<\/h1>\n                                                            <p class=\"ib-hb-ba-subheadline global-subheadline global-subheadline-s\">V\u00e5r visjon er \u00e5 akselerere byggebransjens reise mot null ulykker, null svindel og null utslipp ved \u00e5 hjelpe v\u00e5re kunder radikalt \u00e5 forbedre ledelsen av deres ansatte, arbeidsplasser, kj\u00f8ret\u00f8y og maskiner med v\u00e5re digitale l\u00f8sninger.<\/p>\n                                                    <\/div>\n                                            <\/div>\n                <\/div>\n            <\/div>\n                \n\n        \t\t<\/div>\n\t\t\t\t<\/div>\n\t\t\t\t<div class=\"elementor-element elementor-element-8a88d53 elementor-widget elementor-widget-bento-grid-widget\" data-id=\"8a88d53\" data-element_type=\"widget\" data-widget_type=\"bento-grid-widget.default\">\n\t\t\t\t<div class=\"elementor-widget-container\">\n\t\t\t        <div class=\"ib-bento-grid\">\n            <div class=\"ib-bento-grid-cw\">\n                <div class=\"ib-bento-grid-grid one-item\">\n                                                                <div class=\"ib-bento-grid-item item-1 \">\n                                                                    \n                                                    <div class=\"ib-bento-grid-item-tw global-tw-h-s\">\n                                                                    <h4 class=\"new-global-headline new-global-headline-xl global-text-color-inverted\">\n                                         Vi bidrar til \u00e5 bygge en bedre verden.                                    <\/h4>\n                                                                                                    <p class=\"global-body-normal global-text-color-inverted\">\n                                        Infobric \u00f8nsker \u00e5 forbedre b\u00e6rekraften i byggebransjen. V\u00e5rt brede utvalg av l\u00f8sninger hjelper v\u00e5re kunder med \u00e5 minimere ulykker, eliminere svindel, redusere utslipp og forbedre produktiviteten i deres operasjoner. Vi gj\u00f8r det med andre ord enklere for v\u00e5re kunder \u00e5 jobbe b\u00e6rekraftig. Slik bidrar vi til \u00e5 bygge en bedre verden.                                    <\/p>\n                                                            <\/div>\n                        \n                                            <\/div>                                    <\/div>\n            <\/div>\n        <\/div>   \n        \t\t<\/div>\n\t\t\t\t<\/div>\n\t\t\t\t\t<\/div>\n\t\t\t\t<\/div>\n\t\t<div class=\"elementor-element elementor-element-7d9cfb4 e-flex e-con-boxed e-con e-parent\" data-id=\"7d9cfb4\" data-element_type=\"container\">\n\t\t\t\t\t<div class=\"e-con-inner\">\n\t\t\t\t<div class=\"elementor-element elementor-element-daec401 elementor-widget elementor-widget-text-small-sections\" data-id=\"daec401\" data-element_type=\"widget\" data-widget_type=\"text-small-sections.default\">\n\t\t\t\t<div class=\"elementor-widget-container\">\n\t\t\t        <div class=\"ib-text-small-sections-widget\">\n            <div class=\"ib-tss-cw\">\n                                    <div class=\"ib-tss-headline-section-tw global-tw-h-l\">\n                        <h3 class=\"elementor-heading-title elementor-size-default elementor-inline-editing pen\" data-elementor-setting-key=\"title\" data-pen-placeholder=\"Skriv h\u00e4r...\">Slik utgj\u00f8r vi en forskjell.\u200b<\/h3>                    <\/div>\n                    \n                <div class=\"ib-divider\"><\/div>                        <div class=\"ib-tss-subsection-content-tw global-tw-sh-n\">\n                            <h4>Null arbeidsulykker.<\/h4><blockquote data-start=\"472\" data-end=\"590\"><p data-start=\"474\" data-end=\"590\">Bidra til \u00e5 eliminere arbeidsulykker ved \u00e5 muliggj\u00f8re sporing av forebyggende indikatorer for trygge arbeidsplasser.<\/p><\/blockquote><h6>\u00a0<\/h6><h3 data-start=\"597\" data-end=\"616\">Vi bidrar til<\/h3><ul><li data-start=\"628\" data-end=\"660\"><p data-start=\"630\" data-end=\"660\">Redusere udokumentert arbeid<\/p><\/li><li data-start=\"661\" data-end=\"685\"><p data-start=\"663\" data-end=\"685\">\u00d8ke skatteinntektene<\/p><\/li><\/ul>                        <\/div>\n                        <div class=\"ib-divider\"><\/div>                        <div class=\"ib-tss-subsection-content-tw global-tw-sh-n\">\n                            <h4>Rettferdig konkurranse.<\/h4><p>Bidra til \u00e5 eliminere skatteunndragelse og svart arbeid ved \u00e5 legge til rette for sunn arbeidspraksis i byggebransjen.<\/p><h6>\u00a0<\/h6><h3 data-start=\"1099\" data-end=\"1118\">Vi bidrar til<\/h3><ul><li data-start=\"1244\" data-end=\"1276\"><p data-start=\"1246\" data-end=\"1276\">Redusere udokumentert arbeid<\/p><\/li><li data-start=\"1277\" data-end=\"1301\"><p data-start=\"1279\" data-end=\"1301\">\u00d8ke skatteinntektene<\/p><\/li><\/ul>                        <\/div>\n                        <div class=\"ib-divider\"><\/div>                        <div class=\"ib-tss-subsection-content-tw global-tw-sh-n\">\n                            <h4>Effektiv rapportering av utslipp og avfall<\/h4><blockquote data-start=\"1538\" data-end=\"1639\"><p data-start=\"1540\" data-end=\"1639\">Hjelper kundene med \u00e5 m\u00e5le effektiv avfallsh\u00e5ndtering og verifisere arbeidsplasser med nullutslipp.<\/p><\/blockquote><p data-start=\"1641\" data-end=\"1684\">\u00a0<\/p><h3 data-start=\"1691\" data-end=\"1710\">Vi bidrar til<\/h3><ul data-start=\"1712\" data-end=\"1830\"><li data-start=\"1712\" data-end=\"1757\"><p data-start=\"1714\" data-end=\"1757\">Redusert eksponering for luftforurensning<\/p><\/li><li data-start=\"1758\" data-end=\"1794\"><p data-start=\"1760\" data-end=\"1794\">Reduserte utslipp av klimagasser<\/p><\/li><li data-start=\"1795\" data-end=\"1830\"><p data-start=\"1797\" data-end=\"1830\">Redusert avfall p\u00e5 byggeplasser<\/p><\/li><\/ul>                        <\/div>\n                                    <\/div>\n        <\/div>\n        \t\t<\/div>\n\t\t\t\t<\/div>\n\t\t\t\t\t<\/div>\n\t\t\t\t<\/div>\n\t\t<div class=\"elementor-element elementor-element-ab3a41c e-flex e-con-boxed e-con e-parent\" data-id=\"ab3a41c\" data-element_type=\"container\">\n\t\t\t\t\t<div class=\"e-con-inner\">\n\t\t\t\t<div class=\"elementor-element elementor-element-a2ec1fb elementor-widget elementor-widget-infobric_read_more\" data-id=\"a2ec1fb\" data-element_type=\"widget\" data-widget_type=\"infobric_read_more.default\">\n\t\t\t\t<div class=\"elementor-widget-container\">\n\t\t\t        <div class=\"read-more-widget\">\n            <div class=\"read-more-widget-content\">\n                <h4 class=\"global-headline global-headline-l\">Les mer om oss.<\/h4>\n                <div class=\"read-more-wrapper\">\n                                            <div class=\"read-more-post-item\">\n                            <img loading=\"lazy\" width=\"1024\" height=\"506\" src=\"https:\/\/infobric.com\/no\/wp-content\/uploads\/sites\/28\/2026\/02\/group-crop-1-1024x506.avif\" class=\"attachment-large size-large\" alt=\"\" loading=\"lazy\" decoding=\"async\" sizes=\"(max-width: 767px) 100vw, 33vw\" srcset=\"https:\/\/infobric.com\/no\/wp-content\/uploads\/sites\/28\/2026\/02\/group-crop-1-1024x506.avif 1024w, https:\/\/infobric.com\/no\/wp-content\/uploads\/sites\/28\/2026\/02\/group-crop-1-300x148.avif 300w, https:\/\/infobric.com\/no\/wp-content\/uploads\/sites\/28\/2026\/02\/group-crop-1-768x379.avif 768w, https:\/\/infobric.com\/no\/wp-content\/uploads\/sites\/28\/2026\/02\/group-crop-1-1536x759.avif 1536w, https:\/\/infobric.com\/no\/wp-content\/uploads\/sites\/28\/2026\/02\/group-crop-1-600x296.avif 600w, https:\/\/infobric.com\/no\/wp-content\/uploads\/sites\/28\/2026\/02\/group-crop-1.avif 2000w\" \/>                            <div class=\"read-more-post-item-wrapper\">\n                                <div class=\"read-more-post-item-text-wrapper\">\n                                    <h6 class=\"global-headline global-headline-xs\">Ledelse og styre<\/h6>\n                                    <p class=\"global-body-light-m\">Les mer om Infobrics ledergruppe, styre og majoritetseiere.<\/p>\n                                <\/div>\n                                <a class=\"ib-button-link ib-button-link-light-bg global-body-button \" href=\"https:\/\/infobric.com\/no\/ledelse-og-styre\/\" target=\"_blank\" rel=\"noopener noreferrer\" >\n                                    Les mer                                    <svg xmlns=\"http:\/\/www.w3.org\/2000\/svg\" width=\"8\" height=\"11\" viewBox=\"0 0 8 11\" fill=\"none\">\n                                        <path d=\"M2 9.5L6 5.5L2 1.5\" stroke=\"#1D2C38\" stroke-width=\"2.4\" stroke-miterlimit=\"10\" stroke-linecap=\"round\" stroke-linejoin=\"round\"\/>\n                                    <\/svg>\n                                <\/a>\n                            <\/div>\n                        <\/div>\n                                            <div class=\"read-more-post-item\">\n                            <img loading=\"lazy\" width=\"1024\" height=\"683\" src=\"https:\/\/infobric.com\/no\/wp-content\/uploads\/sites\/28\/2026\/02\/4B9A3928-WEBSITE-1024x683.avif\" class=\"attachment-large size-large\" alt=\"\" loading=\"lazy\" decoding=\"async\" sizes=\"(max-width: 767px) 100vw, 33vw\" srcset=\"https:\/\/infobric.com\/no\/wp-content\/uploads\/sites\/28\/2026\/02\/4B9A3928-WEBSITE-1024x683.avif 1024w, https:\/\/infobric.com\/no\/wp-content\/uploads\/sites\/28\/2026\/02\/4B9A3928-WEBSITE-300x200.avif 300w, https:\/\/infobric.com\/no\/wp-content\/uploads\/sites\/28\/2026\/02\/4B9A3928-WEBSITE-768x512.avif 768w, https:\/\/infobric.com\/no\/wp-content\/uploads\/sites\/28\/2026\/02\/4B9A3928-WEBSITE-1536x1024.avif 1536w, https:\/\/infobric.com\/no\/wp-content\/uploads\/sites\/28\/2026\/02\/4B9A3928-WEBSITE-600x400.avif 600w, https:\/\/infobric.com\/no\/wp-content\/uploads\/sites\/28\/2026\/02\/4B9A3928-WEBSITE.avif 2048w\" \/>                            <div class=\"read-more-post-item-wrapper\">\n                                <div class=\"read-more-post-item-text-wrapper\">\n                                    <h6 class=\"global-headline global-headline-xs\">Karriere<\/h6>\n                                    <p class=\"global-body-light-m\">Nysgjerrig p\u00e5 \u00e5 jobbe i Infobric? Les mer om v\u00e5r kultur og ledige stillinger her.<\/p>\n                                <\/div>\n                                <a class=\"ib-button-link ib-button-link-light-bg global-body-button \" href=\"https:\/\/career.infobric.com\/\" target=\"_blank\" rel=\"noopener noreferrer\" >\n                                    Les mer                                    <svg xmlns=\"http:\/\/www.w3.org\/2000\/svg\" width=\"8\" height=\"11\" viewBox=\"0 0 8 11\" fill=\"none\">\n                                        <path d=\"M2 9.5L6 5.5L2 1.5\" stroke=\"#1D2C38\" stroke-width=\"2.4\" stroke-miterlimit=\"10\" stroke-linecap=\"round\" stroke-linejoin=\"round\"\/>\n                                    <\/svg>\n                                <\/a>\n                            <\/div>\n                        <\/div>\n                                            <div class=\"read-more-post-item\">\n                            <img loading=\"lazy\" width=\"1024\" height=\"683\" src=\"https:\/\/infobric.com\/no\/wp-content\/uploads\/sites\/28\/2026\/02\/G5A6095-1-1024x683.avif\" class=\"attachment-large size-large\" alt=\"\" loading=\"lazy\" decoding=\"async\" sizes=\"(max-width: 767px) 100vw, 33vw\" srcset=\"https:\/\/infobric.com\/no\/wp-content\/uploads\/sites\/28\/2026\/02\/G5A6095-1-1024x683.avif 1024w, https:\/\/infobric.com\/no\/wp-content\/uploads\/sites\/28\/2026\/02\/G5A6095-1-300x200.avif 300w, https:\/\/infobric.com\/no\/wp-content\/uploads\/sites\/28\/2026\/02\/G5A6095-1-768x512.avif 768w, https:\/\/infobric.com\/no\/wp-content\/uploads\/sites\/28\/2026\/02\/G5A6095-1-1536x1025.avif 1536w, https:\/\/infobric.com\/no\/wp-content\/uploads\/sites\/28\/2026\/02\/G5A6095-1-600x400.avif 600w, https:\/\/infobric.com\/no\/wp-content\/uploads\/sites\/28\/2026\/02\/G5A6095-1.avif 1997w\" \/>                            <div class=\"read-more-post-item-wrapper\">\n                                <div class=\"read-more-post-item-text-wrapper\">\n                                    <h6 class=\"global-headline global-headline-xs\">Nyhetsrom<\/h6>\n                                    <p class=\"global-body-light-m\">F\u00e5 de siste nyhetene og oppdateringene fra oss her.<\/p>\n                                <\/div>\n                                <a class=\"ib-button-link ib-button-link-light-bg global-body-button \" href=\"https:\/\/news.cision.com\/no\/infobric-group\" target=\"_blank\" rel=\"noopener noreferrer\" >\n                                    Les mer                                    <svg xmlns=\"http:\/\/www.w3.org\/2000\/svg\" width=\"8\" height=\"11\" viewBox=\"0 0 8 11\" fill=\"none\">\n                                        <path d=\"M2 9.5L6 5.5L2 1.5\" stroke=\"#1D2C38\" stroke-width=\"2.4\" stroke-miterlimit=\"10\" stroke-linecap=\"round\" stroke-linejoin=\"round\"\/>\n                                    <\/svg>\n                                <\/a>\n                            <\/div>\n                        <\/div>\n                                    <\/div>\n            <\/div>\n        <\/div>\n        \t\t<\/div>\n\t\t\t\t<\/div>\n\t\t\t\t\t<\/div>\n\t\t\t\t<\/div>\n\t\t\t\t<\/div>\n\t\t","protected":false},"excerpt":{"rendered":"<p>V\u00e5r samfunnsp\u00e5virkning. V\u00e5r visjon er \u00e5 akselerere byggebransjens reise mot null ulykker, null svindel og null utslipp ved \u00e5 hjelpe v\u00e5re kunder radikalt \u00e5 forbedre ledelsen av deres ansatte, arbeidsplasser, kj\u00f8ret\u00f8y og maskiner med v\u00e5re digitale l\u00f8sninger. Vi bidrar til \u00e5 bygge en bedre verden&#8230;.<\/p>\n","protected":false},"author":7,"featured_media":0,"parent":0,"menu_order":0,"comment_status":"closed","ping_status":"closed","template":"","meta":{"_acf_changed":false,"footnotes":""},"acf":[],"yoast_head":"<!-- This site is optimized with the Yoast SEO Premium plugin v22.5 (Yoast SEO v22.5) - https:\/\/yoast.com\/wordpress\/plugins\/seo\/ -->\n<title>V\u00e5r samfunnsp\u00e5virkning | Infobric<\/title>\n<meta name=\"description\" content=\"Slik p\u00e5virker Infobric samfunnet gjennom b\u00e6rekraft, innovasjon og ansvarlig digitalisering av bygg- og anleggsbransjen.\" \/>\n<meta name=\"robots\" content=\"index, follow, max-snippet:-1, max-image-preview:large, max-video-preview:-1\" \/>\n<link rel=\"canonical\" href=\"https:\/\/infobric.com\/no\/var-samfunnspavirkning\/\" \/>\n<meta property=\"og:locale\" content=\"en_US\" \/>\n<meta property=\"og:type\" content=\"article\" \/>\n<meta property=\"og:title\" content=\"V\u00e5r samfunnsp\u00e5virkning\" \/>\n<meta property=\"og:description\" content=\"Slik p\u00e5virker Infobric samfunnet gjennom b\u00e6rekraft, innovasjon og ansvarlig digitalisering av bygg- og anleggsbransjen.\" \/>\n<meta property=\"og:url\" content=\"https:\/\/infobric.com\/no\/var-samfunnspavirkning\/\" \/>\n<meta property=\"og:site_name\" content=\"Norway\" \/>\n<meta property=\"article:modified_time\" content=\"2026-02-23T10:39:17+00:00\" \/>\n<meta property=\"og:image\" content=\"https:\/\/infobric.com\/no\/wp-content\/uploads\/sites\/28\/2026\/02\/B2A2774-WEBSITE.avif\" \/>\n<meta name=\"twitter:card\" content=\"summary_large_image\" \/>\n<script type=\"application\/ld+json\" class=\"yoast-schema-graph\">{\"@context\":\"https:\/\/schema.org\",\"@graph\":[{\"@type\":\"WebPage\",\"@id\":\"https:\/\/infobric.com\/no\/var-samfunnspavirkning\/\",\"url\":\"https:\/\/infobric.com\/no\/var-samfunnspavirkning\/\",\"name\":\"V\u00e5r samfunnsp\u00e5virkning | Infobric\",\"isPartOf\":{\"@id\":\"https:\/\/infobric.com\/no\/#website\"},\"primaryImageOfPage\":{\"@id\":\"https:\/\/infobric.com\/no\/var-samfunnspavirkning\/#primaryimage\"},\"image\":{\"@id\":\"https:\/\/infobric.com\/no\/var-samfunnspavirkning\/#primaryimage\"},\"thumbnailUrl\":\"https:\/\/infobric.com\/no\/wp-content\/uploads\/sites\/28\/2026\/02\/B2A2774-WEBSITE.avif\",\"datePublished\":\"2024-09-12T14:36:21+00:00\",\"dateModified\":\"2026-02-23T10:39:17+00:00\",\"description\":\"Slik p\u00e5virker Infobric samfunnet gjennom b\u00e6rekraft, innovasjon og ansvarlig digitalisering av bygg- og anleggsbransjen.\",\"breadcrumb\":{\"@id\":\"https:\/\/infobric.com\/no\/var-samfunnspavirkning\/#breadcrumb\"},\"inLanguage\":\"no-NO\",\"potentialAction\":[{\"@type\":\"ReadAction\",\"target\":[\"https:\/\/infobric.com\/no\/var-samfunnspavirkning\/\"]}]},{\"@type\":\"ImageObject\",\"inLanguage\":\"no-NO\",\"@id\":\"https:\/\/infobric.com\/no\/var-samfunnspavirkning\/#primaryimage\",\"url\":\"https:\/\/infobric.com\/no\/wp-content\/uploads\/sites\/28\/2026\/02\/B2A2774-WEBSITE.avif\",\"contentUrl\":\"https:\/\/infobric.com\/no\/wp-content\/uploads\/sites\/28\/2026\/02\/B2A2774-WEBSITE.avif\",\"width\":2048,\"height\":1365},{\"@type\":\"BreadcrumbList\",\"@id\":\"https:\/\/infobric.com\/no\/var-samfunnspavirkning\/#breadcrumb\",\"itemListElement\":[{\"@type\":\"ListItem\",\"position\":1,\"name\":\"Home\",\"item\":\"https:\/\/infobric.com\/no\/\"},{\"@type\":\"ListItem\",\"position\":2,\"name\":\"V\u00e5r samfunnsp\u00e5virkning\"}]},{\"@type\":\"WebSite\",\"@id\":\"https:\/\/infobric.com\/no\/#website\",\"url\":\"https:\/\/infobric.com\/no\/\",\"name\":\"Norway\",\"description\":\"\",\"potentialAction\":[{\"@type\":\"SearchAction\",\"target\":{\"@type\":\"EntryPoint\",\"urlTemplate\":\"https:\/\/infobric.com\/no\/?s={search_term_string}\"},\"query-input\":\"required name=search_term_string\"}],\"inLanguage\":\"no-NO\"},{\"@type\":\"ImageObject\",\"inLanguage\":\"no-NO\",\"@id\":\"https:\/\/infobric.com\/no\/var-samfunnspavirkning\/#local-main-organization-logo\",\"url\":\"\",\"contentUrl\":\"\",\"caption\":\"Infobric\"}]}<\/script>\n<!-- \/ Yoast SEO Premium plugin. -->","yoast_head_json":{"title":"V\u00e5r samfunnsp\u00e5virkning | Infobric","description":"Slik p\u00e5virker Infobric samfunnet gjennom b\u00e6rekraft, innovasjon og ansvarlig digitalisering av bygg- og anleggsbransjen.","robots":{"index":"index","follow":"follow","max-snippet":"max-snippet:-1","max-image-preview":"max-image-preview:large","max-video-preview":"max-video-preview:-1"},"canonical":"https:\/\/infobric.com\/no\/var-samfunnspavirkning\/","og_locale":"en_US","og_type":"article","og_title":"V\u00e5r samfunnsp\u00e5virkning","og_description":"Slik p\u00e5virker Infobric samfunnet gjennom b\u00e6rekraft, innovasjon og ansvarlig digitalisering av bygg- og anleggsbransjen.","og_url":"https:\/\/infobric.com\/no\/var-samfunnspavirkning\/","og_site_name":"Norway","article_modified_time":"2026-02-23T10:39:17+00:00","og_image":[{"url":"https:\/\/infobric.com\/no\/wp-content\/uploads\/sites\/28\/2026\/02\/B2A2774-WEBSITE.avif"}],"twitter_card":"summary_large_image","schema":{"@context":"https:\/\/schema.org","@graph":[{"@type":"WebPage","@id":"https:\/\/infobric.com\/no\/var-samfunnspavirkning\/","url":"https:\/\/infobric.com\/no\/var-samfunnspavirkning\/","name":"V\u00e5r samfunnsp\u00e5virkning | Infobric","isPartOf":{"@id":"https:\/\/infobric.com\/no\/#website"},"primaryImageOfPage":{"@id":"https:\/\/infobric.com\/no\/var-samfunnspavirkning\/#primaryimage"},"image":{"@id":"https:\/\/infobric.com\/no\/var-samfunnspavirkning\/#primaryimage"},"thumbnailUrl":"https:\/\/infobric.com\/no\/wp-content\/uploads\/sites\/28\/2026\/02\/B2A2774-WEBSITE.avif","datePublished":"2024-09-12T14:36:21+00:00","dateModified":"2026-02-23T10:39:17+00:00","description":"Slik p\u00e5virker Infobric samfunnet gjennom b\u00e6rekraft, innovasjon og ansvarlig digitalisering av bygg- og anleggsbransjen.","breadcrumb":{"@id":"https:\/\/infobric.com\/no\/var-samfunnspavirkning\/#breadcrumb"},"inLanguage":"no-NO","potentialAction":[{"@type":"ReadAction","target":["https:\/\/infobric.com\/no\/var-samfunnspavirkning\/"]}]},{"@type":"ImageObject","inLanguage":"no-NO","@id":"https:\/\/infobric.com\/no\/var-samfunnspavirkning\/#primaryimage","url":"https:\/\/infobric.com\/no\/wp-content\/uploads\/sites\/28\/2026\/02\/B2A2774-WEBSITE.avif","contentUrl":"https:\/\/infobric.com\/no\/wp-content\/uploads\/sites\/28\/2026\/02\/B2A2774-WEBSITE.avif","width":2048,"height":1365},{"@type":"BreadcrumbList","@id":"https:\/\/infobric.com\/no\/var-samfunnspavirkning\/#breadcrumb","itemListElement":[{"@type":"ListItem","position":1,"name":"Home","item":"https:\/\/infobric.com\/no\/"},{"@type":"ListItem","position":2,"name":"V\u00e5r samfunnsp\u00e5virkning"}]},{"@type":"WebSite","@id":"https:\/\/infobric.com\/no\/#website","url":"https:\/\/infobric.com\/no\/","name":"Norway","description":"","potentialAction":[{"@type":"SearchAction","target":{"@type":"EntryPoint","urlTemplate":"https:\/\/infobric.com\/no\/?s={search_term_string}"},"query-input":"required name=search_term_string"}],"inLanguage":"no-NO"},{"@type":"ImageObject","inLanguage":"no-NO","@id":"https:\/\/infobric.com\/no\/var-samfunnspavirkning\/#local-main-organization-logo","url":"","contentUrl":"","caption":"Infobric"}]}},"_links":{"self":[{"href":"https:\/\/infobric.com\/no\/wp-json\/wp\/v2\/pages\/1459"}],"collection":[{"href":"https:\/\/infobric.com\/no\/wp-json\/wp\/v2\/pages"}],"about":[{"href":"https:\/\/infobric.com\/no\/wp-json\/wp\/v2\/types\/page"}],"author":[{"embeddable":true,"href":"https:\/\/infobric.com\/no\/wp-json\/wp\/v2\/users\/7"}],"replies":[{"embeddable":true,"href":"https:\/\/infobric.com\/no\/wp-json\/wp\/v2\/comments?post=1459"}],"version-history":[{"count":9,"href":"https:\/\/infobric.com\/no\/wp-json\/wp\/v2\/pages\/1459\/revisions"}],"predecessor-version":[{"id":11629,"href":"https:\/\/infobric.com\/no\/wp-json\/wp\/v2\/pages\/1459\/revisions\/11629"}],"wp:attachment":[{"href":"https:\/\/infobric.com\/no\/wp-json\/wp\/v2\/media?parent=1459"}],"curies":[{"name":"wp","href":"https:\/\/api.w.org\/{rel}","templated":true}]}}