{"id":2743,"date":"2024-09-11T06:27:52","date_gmt":"2024-09-11T06:27:52","guid":{"rendered":"https:\/\/infobric.no\/workforce\/?page_id=2743"},"modified":"2026-02-12T14:19:09","modified_gmt":"2026-02-12T14:19:09","slug":"partnere","status":"publish","type":"page","link":"https:\/\/infobric.com\/no\/partnere\/","title":{"rendered":"Partnere"},"content":{"rendered":"\t\t<div data-elementor-type=\"wp-page\" data-elementor-id=\"2743\" class=\"elementor elementor-2743\" data-elementor-post-type=\"page\">\n\t\t\t\t<div class=\"elementor-element elementor-element-e4c47be e-flex e-con-boxed e-con e-parent\" data-id=\"e4c47be\" data-element_type=\"container\">\n\t\t\t\t\t<div class=\"e-con-inner\">\n\t\t\t\t<div class=\"elementor-element elementor-element-ef73394 elementor-widget elementor-widget-infobric-hero\" data-id=\"ef73394\" data-element_type=\"widget\" data-widget_type=\"infobric-hero.default\">\n\t\t\t\t<div class=\"elementor-widget-container\">\n\t\t\t\n                    <div class=\"ib-hb-ba\">\n                <div class=\"ib-hb-ba-content-wrapper\">\n                    <img fetchpriority=\"high\" width=\"2048\" height=\"1365\" src=\"https:\/\/infobric.com\/no\/wp-content\/uploads\/sites\/28\/2025\/10\/4B9A0719-WEBSITE.avif\" class=\"ib-hb-ba-bg-image\" alt=\"Fire bygningsarbeidere st\u00e5r sammen p\u00e5 en byggeplass og snakker med hverandre. De har p\u00e5 seg verneutstyr som hjelm og refleksvester.\" fetchpriority=\"high\" loading=\"eager\" decoding=\"async\" sizes=\"(max-width: 767px) 100vw, (max-width: 1023px) 100vw, 100vw\" srcset=\"https:\/\/infobric.com\/no\/wp-content\/uploads\/sites\/28\/2025\/10\/4B9A0719-WEBSITE.avif 2048w, https:\/\/infobric.com\/no\/wp-content\/uploads\/sites\/28\/2025\/10\/4B9A0719-WEBSITE-300x200.avif 300w, https:\/\/infobric.com\/no\/wp-content\/uploads\/sites\/28\/2025\/10\/4B9A0719-WEBSITE-1024x683.avif 1024w, https:\/\/infobric.com\/no\/wp-content\/uploads\/sites\/28\/2025\/10\/4B9A0719-WEBSITE-768x512.avif 768w, https:\/\/infobric.com\/no\/wp-content\/uploads\/sites\/28\/2025\/10\/4B9A0719-WEBSITE-1536x1024.avif 1536w, https:\/\/infobric.com\/no\/wp-content\/uploads\/sites\/28\/2025\/10\/4B9A0719-WEBSITE-600x400.avif 600w\" \/>                    <div class=\"ib-hb-ba-overlay\"><\/div>\n                    <div class=\"ib-hb-ba-content\">\n                        <div class=\"ib-hb-ba-text-wrapper\">\n                            <h1 class=\"ib-hb-ba-headline global-headline global-headline-xxl\">Partnere<\/h1>\n                                                            <p class=\"ib-hb-ba-subheadline global-subheadline global-subheadline-s\">En av v\u00e5re styrker er v\u00e5re partnere, som du finner over hele landet. Med v\u00e5re partnere kan du velge om du vil leie eller eie maskinvare. Partnerne leverer direkte til din byggeplass, hjelper med installering og support og h\u00e5ndterer brukerst\u00f8tte i Infobric Site.<\/p>\n                                                    <\/div>\n                                                    <div class=\"ib-hb-ba-buttons-wrapper\">\n                                                                <a href=\"https:\/\/infobric.com\/no\/kontakt\/\" class=\"ib-button-primary \" >\n                                    <div class=\"ib-button-primary-wrapper\">\n                                        <div class=\"ib-button-primary-btn-text global-body-button\">Kontakt Infobric<\/div>\n                                        <div class=\"ib-button-primary-btn-text-abs global-body-button\">Kontakt Infobric<\/div>\n                                    <\/div>\n                                <\/a>\n                            <\/div>\n                                            <\/div>\n                <\/div>\n            <\/div>\n                \n\n        \t\t<\/div>\n\t\t\t\t<\/div>\n\t\t\t\t\t<\/div>\n\t\t\t\t<\/div>\n\t\t<div class=\"elementor-element elementor-element-4c278a6 e-flex e-con-boxed e-con e-parent\" data-id=\"4c278a6\" data-element_type=\"container\">\n\t\t\t\t\t<div class=\"e-con-inner\">\n\t\t\t\t<div class=\"elementor-element elementor-element-a6700f4 elementor-widget elementor-widget-infobric_logo_showcase\" data-id=\"a6700f4\" data-element_type=\"widget\" data-widget_type=\"infobric_logo_showcase.default\">\n\t\t\t\t<div class=\"elementor-widget-container\">\n\t\t\t        <div class=\"logo-showcase-wrapper\">\n            <div class=\"logo-showcase-content\">\n                                    <div class=\"logo-showcase-header-wrapper global-tw-h-s\">\n                                                    <h4 class=\"logo-showcase-header global-headline global-headline-l\">V\u00e5re partnere<\/h4>\n                                                                    <\/div>\n                                                    <div class=\"logo-showcase-outter-wrapper\">\n                        <div class=\"logo-showcase-inner-wrapper\">\n                                                            <div class=\"logo-item\">\n                                    <a href=\"https:\/\/mylift.no\/\" target=\"_blank\" rel=\"nofollow\"><img src=\"https:\/\/infobric.com\/no\/wp-content\/uploads\/sites\/28\/2025\/12\/Logo-Mylift-PMS144.avif\" decoding=\"async\" loading=\"lazy\" alt=\"mylift logo\"><\/a>                                <\/div>\n                                                            <div class=\"logo-item\">\n                                    <a href=\"https:\/\/gardasikring.no\/\" target=\"_blank\" rel=\"nofollow\"><img src=\"https:\/\/infobric.com\/no\/wp-content\/uploads\/sites\/28\/2025\/12\/Garda-logo_web.avif\" decoding=\"async\" loading=\"lazy\" alt=\"logo garda\"><\/a>                                <\/div>\n                                                            <div class=\"logo-item\">\n                                    <a href=\"https:\/\/www.ramirent.no\/\" target=\"_blank\" rel=\"nofollow\"><img src=\"https:\/\/infobric.com\/no\/wp-content\/uploads\/sites\/28\/2025\/12\/Ramirent-logo.avif\" decoding=\"async\" loading=\"lazy\" alt=\"logo ramirent\"><\/a>                                <\/div>\n                                                            <div class=\"logo-item\">\n                                    <a href=\"https:\/\/www.foraas.no\/\" target=\"_blank\" rel=\"nofollow\"><img src=\"https:\/\/infobric.com\/no\/wp-content\/uploads\/sites\/28\/2025\/12\/foraas-logo-e1605175639816.avif\" decoding=\"async\" loading=\"lazy\" alt=\"logo foraas\"><\/a>                                <\/div>\n                                                            <div class=\"logo-item\">\n                                    <a href=\"https:\/\/drammenlift.no\/\" target=\"_blank\" rel=\"nofollow\"><img src=\"https:\/\/infobric.com\/no\/wp-content\/uploads\/sites\/28\/2025\/12\/drammenlift-logo-340x100-1.avif\" decoding=\"async\" loading=\"lazy\" alt=\"logo drammen utleie\"><\/a>                                <\/div>\n                                                            <div class=\"logo-item\">\n                                    <a href=\"https:\/\/www.cramo.no\/no\" target=\"_blank\" rel=\"nofollow\"><img src=\"https:\/\/infobric.com\/no\/wp-content\/uploads\/sites\/28\/2025\/12\/CRAMO_CMYK-1024x231-1.avif\" decoding=\"async\" loading=\"lazy\" alt=\"logo cramo\"><\/a>                                <\/div>\n                                                    <\/div>\n                    <\/div>\n                            <\/div>\n        <\/div>\n        \t\t<\/div>\n\t\t\t\t<\/div>\n\t\t\t\t\t<\/div>\n\t\t\t\t<\/div>\n\t\t<div class=\"elementor-element elementor-element-80c4c1a e-flex e-con-boxed e-con e-parent\" data-id=\"80c4c1a\" data-element_type=\"container\">\n\t\t\t\t\t<div class=\"e-con-inner\">\n\t\t\t\t<div class=\"elementor-element elementor-element-0d6ab18 elementor-widget elementor-widget-text-50-50\" data-id=\"0d6ab18\" data-element_type=\"widget\" data-widget_type=\"text-50-50.default\">\n\t\t\t\t<div class=\"elementor-widget-container\">\n\t\t\t        <div class=\"ib-text-50-50-widget\">\n            <div class=\"ib-text-50-50-cw\">\n                <div class=\"ib-text-50-50-row\">\n                    <div class=\"ib-text-50-50-col\">\n                        <div class=\"global-tw-h-xl\">\n                            <p class=\"ib-text-50-50-headline global-text-color-default new-global-headline new-global-headline-l\">\n                                Leie eller eie?                            <\/p>\n                                                    <\/div>\n                                                    \n                    <a href=\"https:\/\/infobric.com\/no\/kontakt\/\" class=\"ib-button-primary\">\n                        <div class=\"ib-button-primary-wrapper\">\n                            <div class=\"ib-button-primary-btn-text global-body-button\">Kontakt oss<\/div>\n                            <div class=\"ib-button-primary-btn-text-abs global-body-button\">Kontakt oss<\/div>\n                        <\/div>\n                    <\/a>                                            <\/div>\n                    <div class=\"ib-text-50-50-col\">\n                                                            <div class=\"ib-tss-subsection\">\n                                                                                <div class=\"ib-tss-subsection-content-tw global-tw-sh-n\">\n                                            <p>Hva som l\u00f8nner seg av \u00e5 eie eller leie avhenger av prosjektets st\u00f8rrelse og varighet. Som hovedregel sier vi at jo flere enheter du trenger og jo lenger prosjektets varighet er, jo mer vil du spare p\u00e5 \u00e5 eie utstyr selv. Ved kj\u00f8p vil du ha \u00e9n investeringskostnad, og deretter kun l\u00f8pende abonnementskostnad. Vil du ha hjelp med hva du skal velge? Kontakt oss!<\/p>                                        <\/div>\n                                    <\/div>\n                                                        <\/div>\n                <\/div>\n            <\/div>\n        <\/div>\n        \t\t<\/div>\n\t\t\t\t<\/div>\n\t\t\t\t\t<\/div>\n\t\t\t\t<\/div>\n\t\t\t\t<\/div>\n\t\t","protected":false},"excerpt":{"rendered":"<p>Partnere En av v\u00e5re styrker er v\u00e5re partnere, som du finner over hele landet. Med v\u00e5re partnere kan du velge om du vil leie eller eie maskinvare. Partnerne leverer direkte til din byggeplass, hjelper med installering og support og h\u00e5ndterer brukerst\u00f8tte i Infobric Site. Kontakt&#8230;<\/p>\n","protected":false},"author":29,"featured_media":6706,"parent":0,"menu_order":0,"comment_status":"closed","ping_status":"closed","template":"","meta":{"_acf_changed":false,"footnotes":""},"acf":[],"yoast_head":"<!-- This site is optimized with the Yoast SEO Premium plugin v22.5 (Yoast SEO v22.5) - https:\/\/yoast.com\/wordpress\/plugins\/seo\/ -->\n<title>Sertifiserte leverand\u00f8rer for ditt byggprosjekt | Infobric NO<\/title>\n<meta name=\"description\" content=\"Velg blant v\u00e5re sertifiserte partnere \u2013 digitale verkt\u00f8y og maskinvare for tryggere og mer effektive byggprosjekter.\" \/>\n<meta name=\"robots\" content=\"index, follow, max-snippet:-1, max-image-preview:large, max-video-preview:-1\" \/>\n<link rel=\"canonical\" href=\"https:\/\/infobric.com\/no\/partnere\/\" \/>\n<meta property=\"og:locale\" content=\"en_US\" \/>\n<meta property=\"og:type\" content=\"article\" \/>\n<meta property=\"og:title\" content=\"Partnere\" \/>\n<meta property=\"og:description\" content=\"Velg blant v\u00e5re sertifiserte partnere \u2013 digitale verkt\u00f8y og maskinvare for tryggere og mer effektive byggprosjekter.\" \/>\n<meta property=\"og:url\" content=\"https:\/\/infobric.com\/no\/partnere\/\" \/>\n<meta property=\"og:site_name\" content=\"Norway\" \/>\n<meta property=\"article:modified_time\" content=\"2026-02-12T14:19:09+00:00\" \/>\n<meta name=\"twitter:card\" content=\"summary_large_image\" \/>\n<script type=\"application\/ld+json\" class=\"yoast-schema-graph\">{\"@context\":\"https:\/\/schema.org\",\"@graph\":[{\"@type\":\"WebPage\",\"@id\":\"https:\/\/infobric.com\/no\/partnere\/\",\"url\":\"https:\/\/infobric.com\/no\/partnere\/\",\"name\":\"Sertifiserte leverand\u00f8rer for ditt byggprosjekt | Infobric NO\",\"isPartOf\":{\"@id\":\"https:\/\/infobric.com\/no\/#website\"},\"primaryImageOfPage\":{\"@id\":\"https:\/\/infobric.com\/no\/partnere\/#primaryimage\"},\"image\":{\"@id\":\"https:\/\/infobric.com\/no\/partnere\/#primaryimage\"},\"thumbnailUrl\":\"https:\/\/infobric.com\/no\/wp-content\/uploads\/sites\/28\/2025\/10\/4B9A0719-WEBSITE.avif\",\"datePublished\":\"2024-09-11T06:27:52+00:00\",\"dateModified\":\"2026-02-12T14:19:09+00:00\",\"description\":\"Velg blant v\u00e5re sertifiserte partnere \u2013 digitale verkt\u00f8y og maskinvare for tryggere og mer effektive byggprosjekter.\",\"breadcrumb\":{\"@id\":\"https:\/\/infobric.com\/no\/partnere\/#breadcrumb\"},\"inLanguage\":\"no-NO\",\"potentialAction\":[{\"@type\":\"ReadAction\",\"target\":[\"https:\/\/infobric.com\/no\/partnere\/\"]}]},{\"@type\":\"ImageObject\",\"inLanguage\":\"no-NO\",\"@id\":\"https:\/\/infobric.com\/no\/partnere\/#primaryimage\",\"url\":\"https:\/\/infobric.com\/no\/wp-content\/uploads\/sites\/28\/2025\/10\/4B9A0719-WEBSITE.avif\",\"contentUrl\":\"https:\/\/infobric.com\/no\/wp-content\/uploads\/sites\/28\/2025\/10\/4B9A0719-WEBSITE.avif\",\"width\":2048,\"height\":1365,\"caption\":\"Fire bygningsarbeidere st\u00e5r sammen p\u00e5 en byggeplass og snakker med hverandre. De har p\u00e5 seg verneutstyr som hjelm og refleksvester.\"},{\"@type\":\"BreadcrumbList\",\"@id\":\"https:\/\/infobric.com\/no\/partnere\/#breadcrumb\",\"itemListElement\":[{\"@type\":\"ListItem\",\"position\":1,\"name\":\"Home\",\"item\":\"https:\/\/infobric.com\/no\/\"},{\"@type\":\"ListItem\",\"position\":2,\"name\":\"Partnere\"}]},{\"@type\":\"WebSite\",\"@id\":\"https:\/\/infobric.com\/no\/#website\",\"url\":\"https:\/\/infobric.com\/no\/\",\"name\":\"Norway\",\"description\":\"\",\"potentialAction\":[{\"@type\":\"SearchAction\",\"target\":{\"@type\":\"EntryPoint\",\"urlTemplate\":\"https:\/\/infobric.com\/no\/?s={search_term_string}\"},\"query-input\":\"required name=search_term_string\"}],\"inLanguage\":\"no-NO\"},{\"@type\":\"ImageObject\",\"inLanguage\":\"no-NO\",\"@id\":\"https:\/\/infobric.com\/no\/partnere\/#local-main-organization-logo\",\"url\":\"\",\"contentUrl\":\"\",\"caption\":\"Infobric\"}]}<\/script>\n<!-- \/ Yoast SEO Premium plugin. -->","yoast_head_json":{"title":"Sertifiserte leverand\u00f8rer for ditt byggprosjekt | Infobric NO","description":"Velg blant v\u00e5re sertifiserte partnere \u2013 digitale verkt\u00f8y og maskinvare for tryggere og mer effektive byggprosjekter.","robots":{"index":"index","follow":"follow","max-snippet":"max-snippet:-1","max-image-preview":"max-image-preview:large","max-video-preview":"max-video-preview:-1"},"canonical":"https:\/\/infobric.com\/no\/partnere\/","og_locale":"en_US","og_type":"article","og_title":"Partnere","og_description":"Velg blant v\u00e5re sertifiserte partnere \u2013 digitale verkt\u00f8y og maskinvare for tryggere og mer effektive byggprosjekter.","og_url":"https:\/\/infobric.com\/no\/partnere\/","og_site_name":"Norway","article_modified_time":"2026-02-12T14:19:09+00:00","twitter_card":"summary_large_image","schema":{"@context":"https:\/\/schema.org","@graph":[{"@type":"WebPage","@id":"https:\/\/infobric.com\/no\/partnere\/","url":"https:\/\/infobric.com\/no\/partnere\/","name":"Sertifiserte leverand\u00f8rer for ditt byggprosjekt | Infobric NO","isPartOf":{"@id":"https:\/\/infobric.com\/no\/#website"},"primaryImageOfPage":{"@id":"https:\/\/infobric.com\/no\/partnere\/#primaryimage"},"image":{"@id":"https:\/\/infobric.com\/no\/partnere\/#primaryimage"},"thumbnailUrl":"https:\/\/infobric.com\/no\/wp-content\/uploads\/sites\/28\/2025\/10\/4B9A0719-WEBSITE.avif","datePublished":"2024-09-11T06:27:52+00:00","dateModified":"2026-02-12T14:19:09+00:00","description":"Velg blant v\u00e5re sertifiserte partnere \u2013 digitale verkt\u00f8y og maskinvare for tryggere og mer effektive byggprosjekter.","breadcrumb":{"@id":"https:\/\/infobric.com\/no\/partnere\/#breadcrumb"},"inLanguage":"no-NO","potentialAction":[{"@type":"ReadAction","target":["https:\/\/infobric.com\/no\/partnere\/"]}]},{"@type":"ImageObject","inLanguage":"no-NO","@id":"https:\/\/infobric.com\/no\/partnere\/#primaryimage","url":"https:\/\/infobric.com\/no\/wp-content\/uploads\/sites\/28\/2025\/10\/4B9A0719-WEBSITE.avif","contentUrl":"https:\/\/infobric.com\/no\/wp-content\/uploads\/sites\/28\/2025\/10\/4B9A0719-WEBSITE.avif","width":2048,"height":1365,"caption":"Fire bygningsarbeidere st\u00e5r sammen p\u00e5 en byggeplass og snakker med hverandre. De har p\u00e5 seg verneutstyr som hjelm og refleksvester."},{"@type":"BreadcrumbList","@id":"https:\/\/infobric.com\/no\/partnere\/#breadcrumb","itemListElement":[{"@type":"ListItem","position":1,"name":"Home","item":"https:\/\/infobric.com\/no\/"},{"@type":"ListItem","position":2,"name":"Partnere"}]},{"@type":"WebSite","@id":"https:\/\/infobric.com\/no\/#website","url":"https:\/\/infobric.com\/no\/","name":"Norway","description":"","potentialAction":[{"@type":"SearchAction","target":{"@type":"EntryPoint","urlTemplate":"https:\/\/infobric.com\/no\/?s={search_term_string}"},"query-input":"required name=search_term_string"}],"inLanguage":"no-NO"},{"@type":"ImageObject","inLanguage":"no-NO","@id":"https:\/\/infobric.com\/no\/partnere\/#local-main-organization-logo","url":"","contentUrl":"","caption":"Infobric"}]}},"_links":{"self":[{"href":"https:\/\/infobric.com\/no\/wp-json\/wp\/v2\/pages\/2743"}],"collection":[{"href":"https:\/\/infobric.com\/no\/wp-json\/wp\/v2\/pages"}],"about":[{"href":"https:\/\/infobric.com\/no\/wp-json\/wp\/v2\/types\/page"}],"author":[{"embeddable":true,"href":"https:\/\/infobric.com\/no\/wp-json\/wp\/v2\/users\/29"}],"replies":[{"embeddable":true,"href":"https:\/\/infobric.com\/no\/wp-json\/wp\/v2\/comments?post=2743"}],"version-history":[{"count":8,"href":"https:\/\/infobric.com\/no\/wp-json\/wp\/v2\/pages\/2743\/revisions"}],"predecessor-version":[{"id":10192,"href":"https:\/\/infobric.com\/no\/wp-json\/wp\/v2\/pages\/2743\/revisions\/10192"}],"wp:featuredmedia":[{"embeddable":true,"href":"https:\/\/infobric.com\/no\/wp-json\/wp\/v2\/media\/6706"}],"wp:attachment":[{"href":"https:\/\/infobric.com\/no\/wp-json\/wp\/v2\/media?parent=2743"}],"curies":[{"name":"wp","href":"https:\/\/api.w.org\/{rel}","templated":true}]}}