{"id":4842,"date":"2025-04-01T10:04:28","date_gmt":"2025-04-01T10:04:28","guid":{"rendered":"https:\/\/infobric.no\/workforce\/?page_id=4842"},"modified":"2026-02-17T09:23:41","modified_gmt":"2026-02-17T09:23:41","slug":"takk-whitepaper","status":"publish","type":"page","link":"https:\/\/infobric.com\/no\/takk-whitepaper\/","title":{"rendered":"Takk whitepaper"},"content":{"rendered":"\t\t<div data-elementor-type=\"wp-page\" data-elementor-id=\"4842\" class=\"elementor elementor-4842\" data-elementor-post-type=\"page\">\n\t\t\t\t<div class=\"elementor-element elementor-element-1d84989 e-flex e-con-boxed e-con e-parent\" data-id=\"1d84989\" data-element_type=\"container\">\n\t\t\t\t\t<div class=\"e-con-inner\">\n\t\t\t\t<div class=\"elementor-element elementor-element-5d015b4 elementor-widget elementor-widget-infobric-thank-you\" data-id=\"5d015b4\" data-element_type=\"widget\" data-widget_type=\"infobric-thank-you.default\">\n\t\t\t\t<div class=\"elementor-widget-container\">\n\t\t\t        <div class=\"ty-block\">\n            <div class=\"ty-content-wrapper\">\n                <div class=\"ty-content\">\n                    <div class=\"ty-text-wrapper\">\n                        <h1 class=\"ty-headline global-headline global-headline-xl\">\n                            Takk for nedlastingen din! \ud83c\udf89                        <\/h1>\n                        <p class=\"ty-text global-subheadline global-subheadline-xs\">\n                            Vi har sendt guiden til e-postinnboksen din. Noen ganger kan det ta noen minutter f\u00f8r e-posten kommer fram. Ikke glem \u00e5 sjekke s\u00f8ppelposten. God lesing!                        <\/p>\n                    <\/div>\n                    <div class=\"ty-buttons-wrapper\">\n                                                    <a class=\"ib-button-tertiary ib-button-tertiary-dark-bg\" href=\"https:\/\/infobric.com\/no\/\">\n                                <div class=\"ib-button-tertiary-wrapper\">\n                                    <div class=\"ib-button-tertiary-btn-text global-body-button\">G\u00e5 til startsiden<\/div>\n                                    <div class=\"ib-button-tertiary-btn-text-abs global-body-button\">G\u00e5 til startsiden<\/div>\n                                <\/div>\n                            <\/a>\n                                                <a class=\"ib-button-primary\" href=\"https:\/\/infobric.com\/no\/kontakt-en-selger\">\n                            <div class=\"ib-button-primary-wrapper\">\n                                <div class=\"ib-button-primary-btn-text global-body-button\">Kontakt oss<\/div>\n                                <div class=\"ib-button-primary-btn-text-abs global-body-button\">Kontakt oss<\/div>\n                            <\/div>\n                        <\/a>\n                    <\/div>\n                <\/div>\n            <\/div>\n        <\/div>\n        \t\t<\/div>\n\t\t\t\t<\/div>\n\t\t\t\t\t<\/div>\n\t\t\t\t<\/div>\n\t\t\t\t<\/div>\n\t\t","protected":false},"excerpt":{"rendered":"<p>Takk for nedlastingen din! \ud83c\udf89 Vi har sendt guiden til e-postinnboksen din. Noen ganger kan det ta noen minutter f\u00f8r e-posten kommer fram. Ikke glem \u00e5 sjekke s\u00f8ppelposten. God lesing! G\u00e5 til startsiden G\u00e5 til startsiden Kontakt oss Kontakt oss<\/p>\n","protected":false},"author":9,"featured_media":0,"parent":0,"menu_order":0,"comment_status":"closed","ping_status":"closed","template":"","meta":{"_acf_changed":false,"footnotes":""},"acf":[],"yoast_head":"<!-- This site is optimized with the Yoast SEO Premium plugin v22.5 (Yoast SEO v22.5) - https:\/\/yoast.com\/wordpress\/plugins\/seo\/ -->\n<title>Takk whitepaper | Infobric<\/title>\n<meta name=\"robots\" content=\"index, follow, max-snippet:-1, max-image-preview:large, max-video-preview:-1\" \/>\n<link rel=\"canonical\" href=\"https:\/\/infobric.com\/no\/takk-whitepaper\/\" \/>\n<meta property=\"og:locale\" content=\"en_US\" \/>\n<meta property=\"og:type\" content=\"article\" \/>\n<meta property=\"og:title\" content=\"Takk whitepaper\" \/>\n<meta property=\"og:description\" content=\"Takk for nedlastingen din! \ud83c\udf89 Vi har sendt guiden til e-postinnboksen din. Noen ganger kan det ta noen minutter f\u00f8r e-posten kommer fram. Ikke glem \u00e5 sjekke s\u00f8ppelposten. God lesing! G\u00e5 til startsiden G\u00e5 til startsiden Kontakt oss Kontakt oss\" \/>\n<meta property=\"og:url\" content=\"https:\/\/infobric.com\/no\/takk-whitepaper\/\" \/>\n<meta property=\"og:site_name\" content=\"Norway\" \/>\n<meta property=\"article:modified_time\" content=\"2026-02-17T09:23:41+00:00\" \/>\n<meta name=\"twitter:card\" content=\"summary_large_image\" \/>\n<script type=\"application\/ld+json\" class=\"yoast-schema-graph\">{\"@context\":\"https:\/\/schema.org\",\"@graph\":[{\"@type\":\"WebPage\",\"@id\":\"https:\/\/infobric.com\/no\/takk-whitepaper\/\",\"url\":\"https:\/\/infobric.com\/no\/takk-whitepaper\/\",\"name\":\"Takk whitepaper | Infobric\",\"isPartOf\":{\"@id\":\"https:\/\/infobric.com\/no\/#website\"},\"datePublished\":\"2025-04-01T10:04:28+00:00\",\"dateModified\":\"2026-02-17T09:23:41+00:00\",\"breadcrumb\":{\"@id\":\"https:\/\/infobric.com\/no\/takk-whitepaper\/#breadcrumb\"},\"inLanguage\":\"no-NO\",\"potentialAction\":[{\"@type\":\"ReadAction\",\"target\":[\"https:\/\/infobric.com\/no\/takk-whitepaper\/\"]}]},{\"@type\":\"BreadcrumbList\",\"@id\":\"https:\/\/infobric.com\/no\/takk-whitepaper\/#breadcrumb\",\"itemListElement\":[{\"@type\":\"ListItem\",\"position\":1,\"name\":\"Home\",\"item\":\"https:\/\/infobric.com\/no\/\"},{\"@type\":\"ListItem\",\"position\":2,\"name\":\"Takk whitepaper\"}]},{\"@type\":\"WebSite\",\"@id\":\"https:\/\/infobric.com\/no\/#website\",\"url\":\"https:\/\/infobric.com\/no\/\",\"name\":\"Norway\",\"description\":\"\",\"potentialAction\":[{\"@type\":\"SearchAction\",\"target\":{\"@type\":\"EntryPoint\",\"urlTemplate\":\"https:\/\/infobric.com\/no\/?s={search_term_string}\"},\"query-input\":\"required name=search_term_string\"}],\"inLanguage\":\"no-NO\"},{\"@type\":\"ImageObject\",\"inLanguage\":\"no-NO\",\"@id\":\"https:\/\/infobric.com\/no\/takk-whitepaper\/#local-main-organization-logo\",\"url\":\"\",\"contentUrl\":\"\",\"caption\":\"Infobric\"}]}<\/script>\n<!-- \/ Yoast SEO Premium plugin. -->","yoast_head_json":{"title":"Takk whitepaper | Infobric","robots":{"index":"index","follow":"follow","max-snippet":"max-snippet:-1","max-image-preview":"max-image-preview:large","max-video-preview":"max-video-preview:-1"},"canonical":"https:\/\/infobric.com\/no\/takk-whitepaper\/","og_locale":"en_US","og_type":"article","og_title":"Takk whitepaper","og_description":"Takk for nedlastingen din! \ud83c\udf89 Vi har sendt guiden til e-postinnboksen din. Noen ganger kan det ta noen minutter f\u00f8r e-posten kommer fram. Ikke glem \u00e5 sjekke s\u00f8ppelposten. God lesing! G\u00e5 til startsiden G\u00e5 til startsiden Kontakt oss Kontakt oss","og_url":"https:\/\/infobric.com\/no\/takk-whitepaper\/","og_site_name":"Norway","article_modified_time":"2026-02-17T09:23:41+00:00","twitter_card":"summary_large_image","schema":{"@context":"https:\/\/schema.org","@graph":[{"@type":"WebPage","@id":"https:\/\/infobric.com\/no\/takk-whitepaper\/","url":"https:\/\/infobric.com\/no\/takk-whitepaper\/","name":"Takk whitepaper | Infobric","isPartOf":{"@id":"https:\/\/infobric.com\/no\/#website"},"datePublished":"2025-04-01T10:04:28+00:00","dateModified":"2026-02-17T09:23:41+00:00","breadcrumb":{"@id":"https:\/\/infobric.com\/no\/takk-whitepaper\/#breadcrumb"},"inLanguage":"no-NO","potentialAction":[{"@type":"ReadAction","target":["https:\/\/infobric.com\/no\/takk-whitepaper\/"]}]},{"@type":"BreadcrumbList","@id":"https:\/\/infobric.com\/no\/takk-whitepaper\/#breadcrumb","itemListElement":[{"@type":"ListItem","position":1,"name":"Home","item":"https:\/\/infobric.com\/no\/"},{"@type":"ListItem","position":2,"name":"Takk whitepaper"}]},{"@type":"WebSite","@id":"https:\/\/infobric.com\/no\/#website","url":"https:\/\/infobric.com\/no\/","name":"Norway","description":"","potentialAction":[{"@type":"SearchAction","target":{"@type":"EntryPoint","urlTemplate":"https:\/\/infobric.com\/no\/?s={search_term_string}"},"query-input":"required name=search_term_string"}],"inLanguage":"no-NO"},{"@type":"ImageObject","inLanguage":"no-NO","@id":"https:\/\/infobric.com\/no\/takk-whitepaper\/#local-main-organization-logo","url":"","contentUrl":"","caption":"Infobric"}]}},"_links":{"self":[{"href":"https:\/\/infobric.com\/no\/wp-json\/wp\/v2\/pages\/4842"}],"collection":[{"href":"https:\/\/infobric.com\/no\/wp-json\/wp\/v2\/pages"}],"about":[{"href":"https:\/\/infobric.com\/no\/wp-json\/wp\/v2\/types\/page"}],"author":[{"embeddable":true,"href":"https:\/\/infobric.com\/no\/wp-json\/wp\/v2\/users\/9"}],"replies":[{"embeddable":true,"href":"https:\/\/infobric.com\/no\/wp-json\/wp\/v2\/comments?post=4842"}],"version-history":[{"count":6,"href":"https:\/\/infobric.com\/no\/wp-json\/wp\/v2\/pages\/4842\/revisions"}],"predecessor-version":[{"id":10528,"href":"https:\/\/infobric.com\/no\/wp-json\/wp\/v2\/pages\/4842\/revisions\/10528"}],"wp:attachment":[{"href":"https:\/\/infobric.com\/no\/wp-json\/wp\/v2\/media?parent=4842"}],"curies":[{"name":"wp","href":"https:\/\/api.w.org\/{rel}","templated":true}]}}