{"id":5931,"date":"2025-09-24T12:15:08","date_gmt":"2025-09-24T12:15:08","guid":{"rendered":"https:\/\/infobric.no\/workforce\/?page_id=5931"},"modified":"2025-09-24T12:15:08","modified_gmt":"2025-09-24T12:15:08","slug":"bygg-reis-deg-afterwork","status":"publish","type":"page","link":"https:\/\/infobric.com\/no\/bygg-reis-deg-afterwork\/","title":{"rendered":"Velkommen til afterwork"},"content":{"rendered":"\t\t<div data-elementor-type=\"wp-page\" data-elementor-id=\"5931\" class=\"elementor elementor-5931\" data-elementor-post-type=\"page\">\n\t\t\t\t<div class=\"elementor-element elementor-element-5b821a9 e-flex e-con-boxed e-con e-parent\" data-id=\"5b821a9\" data-element_type=\"container\">\n\t\t\t\t\t<div class=\"e-con-inner\">\n\t\t\t\t<div class=\"elementor-element elementor-element-618d38c elementor-widget elementor-widget-infobric-hero\" data-id=\"618d38c\" data-element_type=\"widget\" data-widget_type=\"infobric-hero.default\">\n\t\t\t\t<div class=\"elementor-widget-container\">\n\t\t\t\n                    <div class=\"ib-hb-start\">\n                <img fetchpriority=\"high\" width=\"2560\" height=\"1707\" src=\"https:\/\/infobric.com\/no\/wp-content\/uploads\/sites\/28\/2025\/09\/DSC7875-scaled-1.jpg\" class=\"ib-hb-start-bg-image\" alt=\"\" fetchpriority=\"high\" loading=\"eager\" decoding=\"async\" sizes=\"(max-width: 767px) 100vw, (max-width: 1023px) 100vw, 100vw\" srcset=\"https:\/\/infobric.com\/no\/wp-content\/uploads\/sites\/28\/2025\/09\/DSC7875-scaled-1.jpg 2560w, https:\/\/infobric.com\/no\/wp-content\/uploads\/sites\/28\/2025\/09\/DSC7875-scaled-1-300x200.jpg 300w, https:\/\/infobric.com\/no\/wp-content\/uploads\/sites\/28\/2025\/09\/DSC7875-scaled-1-1024x683.jpg 1024w, https:\/\/infobric.com\/no\/wp-content\/uploads\/sites\/28\/2025\/09\/DSC7875-scaled-1-768x512.jpg 768w, https:\/\/infobric.com\/no\/wp-content\/uploads\/sites\/28\/2025\/09\/DSC7875-scaled-1-1536x1024.jpg 1536w, https:\/\/infobric.com\/no\/wp-content\/uploads\/sites\/28\/2025\/09\/DSC7875-scaled-1-2048x1366.jpg 2048w, https:\/\/infobric.com\/no\/wp-content\/uploads\/sites\/28\/2025\/09\/DSC7875-scaled-1-600x400.jpg 600w\" \/>                <div class=\"ib-hb-start-overlay\"><\/div>\n                <div class=\"ib-hb-start-content\">\n                    <div class=\"ib-hb-start-text-wrapper\">\n                        <h1 class=\"ib-hb-start-headline global-headline global-headline-xxl\">Velkommen til afterwork torsdag 16. oktober p\u00e5 Scotsman. <\/h1>\n                                                    <p class=\"ib-hb-start-subheadline global-subheadline global-subheadline-s\">Vi i Infobric \u00f8nsker \u00e5 invitere deg til en uformell afterwork sammen med oss og andre bransjekolleger. <\/p>\n                                            <\/div>\n                                            <div class=\"ib-hb-start-buttons-wrapper\">\n                                                        <a href=\"#cta\" class=\"ib-button-primary \" >\n                                <div class=\"ib-button-primary-wrapper\">\n                                    <div class=\"ib-button-primary-btn-text global-body-button\">Registrer deltakelse<\/div>\n                                    <div class=\"ib-button-primary-btn-text-abs global-body-button\">Registrer deltakelse<\/div>\n                                <\/div>\n                            <\/a>\n                        <\/div>\n                                    <\/div>\n            <\/div>\n                \n\n        \t\t<\/div>\n\t\t\t\t<\/div>\n\t\t\t\t\t<\/div>\n\t\t\t\t<\/div>\n\t\t<div class=\"elementor-element elementor-element-1796f99 e-flex e-con-boxed e-con e-parent\" data-id=\"1796f99\" data-element_type=\"container\">\n\t\t\t\t\t<div class=\"e-con-inner\">\n\t\t\t\t<div class=\"elementor-element elementor-element-edc46d2 elementor-widget elementor-widget-menu-anchor\" data-id=\"edc46d2\" data-element_type=\"widget\" data-widget_type=\"menu-anchor.default\">\n\t\t\t\t<div class=\"elementor-widget-container\">\n\t\t\t<style>\/*! elementor - v3.21.0 - 25-04-2024 *\/\nbody.elementor-page .elementor-widget-menu-anchor{margin-bottom:0}<\/style>\t\t<div class=\"elementor-menu-anchor\" id=\"cta\"><\/div>\n\t\t\t\t<\/div>\n\t\t\t\t<\/div>\n\t\t\t\t<div class=\"elementor-element elementor-element-8f441f6 elementor-widget elementor-widget-infobric-text-image\" data-id=\"8f441f6\" data-element_type=\"widget\" data-widget_type=\"infobric-text-image.default\">\n\t\t\t\t<div class=\"elementor-widget-container\">\n\t\t\t            <div class=\"ib-tib\">\n                <div class=\"ib-tib-content\">\n                    <div class=\"ib-tib-ltb-wrapper\">\n                        <div class=\"ib-tib-lt-wrapper\">\n                                                        <div class=\"ib-tib-t-wrapper\">\n                                <h2 class=\"ib-tib-headline global-headline global-headline-m\">Velkommen til afterwork: <\/h2>\n                                <div class=\"ib-tib-body global-body-light-m\"><p>\ud83d\udccd Scotsman Pub, Karl Johans gate 17, Oslo<br data-start=\"357\" data-end=\"360\" \/>\ud83d\udcc5 Torsdag 16. oktober 2025<br data-start=\"391\" data-end=\"394\" \/>\u23f0 Fra kl. 19:00<\/p><p>Vi byr p\u00e5 mat, noe godt i glasset og en fin ramme for \u00e5 bli kjent med oss som leverand\u00f8r og stifte bekjenskap med andre bransjekolleger. Vi lover lave skuldre og takh\u00f8yde.\u00a0<\/p><p>For at vi skal ha oversikt over mengden mat m\u00e5 du registrere deg her.\u00a0<\/p><p>Vi gleder oss til \u00e5 treffe deg.\u00a0<\/p><\/div>\n                            <\/div>\n                        <\/div>\n                                            <\/div>\n                                            <div class=\"ib-tib-img-wrapper\">\n                            <img loading=\"lazy\" width=\"768\" height=\"512\" src=\"https:\/\/infobric.com\/no\/wp-content\/uploads\/sites\/28\/2025\/09\/DSC7718-Rediger-1-1-768x512.png\" class=\"tib-image-env\" alt=\"\" loading=\"lazy\" decoding=\"async\" sizes=\"(max-width: 767px) 100vw, 50vw\" srcset=\"https:\/\/infobric.com\/no\/wp-content\/uploads\/sites\/28\/2025\/09\/DSC7718-Rediger-1-1-768x512.png 768w, https:\/\/infobric.com\/no\/wp-content\/uploads\/sites\/28\/2025\/09\/DSC7718-Rediger-1-1-300x200.png 300w, https:\/\/infobric.com\/no\/wp-content\/uploads\/sites\/28\/2025\/09\/DSC7718-Rediger-1-1-1024x683.png 1024w, https:\/\/infobric.com\/no\/wp-content\/uploads\/sites\/28\/2025\/09\/DSC7718-Rediger-1-1-600x400.png 600w, https:\/\/infobric.com\/no\/wp-content\/uploads\/sites\/28\/2025\/09\/DSC7718-Rediger-1-1.png 1204w\" \/>                        <\/div>\n                                    <\/div>\n            <\/div>\n            \t\t<\/div>\n\t\t\t\t<\/div>\n\t\t\t\t<div class=\"elementor-element elementor-element-8d42242 elementor-widget elementor-widget-html\" data-id=\"8d42242\" data-element_type=\"widget\" id=\"iframe-upform\" data-widget_type=\"html.default\">\n\t\t\t\t<div class=\"elementor-widget-container\">\n\t\t\t<iframe src=\"https:\/\/pages.upsales.com\/13596ub23faa161a1c4bd2ae4f5710c6959f39-frame\" \t\twidth=\"360\" \t\theight=\"529\" \t\tstyle=\"border:0\"><\/iframe>\t\t<\/div>\n\t\t\t\t<\/div>\n\t\t\t\t\t<\/div>\n\t\t\t\t<\/div>\n\t\t\t\t<\/div>\n\t\t","protected":false},"excerpt":{"rendered":"<p>Velkommen til afterwork torsdag 16. oktober p\u00e5 Scotsman. Vi i Infobric \u00f8nsker \u00e5 invitere deg til en uformell afterwork sammen med oss og andre bransjekolleger. Registrer deltakelse Registrer deltakelse Velkommen til afterwork: \ud83d\udccd Scotsman Pub, Karl Johans gate 17, Oslo\ud83d\udcc5 Torsdag 16. oktober 2025\u23f0 Fra&#8230;<\/p>\n","protected":false},"author":9,"featured_media":0,"parent":0,"menu_order":0,"comment_status":"closed","ping_status":"closed","template":"","meta":{"_acf_changed":false,"footnotes":""},"acf":[],"yoast_head":"<!-- This site is optimized with the Yoast SEO Premium plugin v22.5 (Yoast SEO v22.5) - https:\/\/yoast.com\/wordpress\/plugins\/seo\/ -->\n<title>Velkommen til afterwork | Infobric<\/title>\n<meta name=\"robots\" content=\"index, follow, max-snippet:-1, max-image-preview:large, max-video-preview:-1\" \/>\n<link rel=\"canonical\" href=\"https:\/\/infobric.com\/no\/bygg-reis-deg-afterwork\/\" \/>\n<meta property=\"og:locale\" content=\"en_US\" \/>\n<meta property=\"og:type\" content=\"article\" \/>\n<meta property=\"og:title\" content=\"Velkommen til afterwork\" \/>\n<meta property=\"og:description\" content=\"Velkommen til afterwork torsdag 16. oktober p\u00e5 Scotsman. Vi i Infobric \u00f8nsker \u00e5 invitere deg til en uformell afterwork sammen med oss og andre bransjekolleger. Registrer deltakelse Registrer deltakelse Velkommen til afterwork: \ud83d\udccd Scotsman Pub, Karl Johans gate 17, Oslo\ud83d\udcc5 Torsdag 16. oktober 2025\u23f0 Fra...\" \/>\n<meta property=\"og:url\" content=\"https:\/\/infobric.com\/no\/bygg-reis-deg-afterwork\/\" \/>\n<meta property=\"og:site_name\" content=\"Norway\" \/>\n<meta property=\"og:image\" content=\"https:\/\/infobric.com\/no\/wp-content\/uploads\/sites\/28\/2025\/09\/DSC7718-Rediger-1-1.png\" \/>\n<meta name=\"twitter:card\" content=\"summary_large_image\" \/>\n<script type=\"application\/ld+json\" class=\"yoast-schema-graph\">{\"@context\":\"https:\/\/schema.org\",\"@graph\":[{\"@type\":\"WebPage\",\"@id\":\"https:\/\/infobric.com\/no\/bygg-reis-deg-afterwork\/\",\"url\":\"https:\/\/infobric.com\/no\/bygg-reis-deg-afterwork\/\",\"name\":\"Velkommen til afterwork | Infobric\",\"isPartOf\":{\"@id\":\"https:\/\/infobric.com\/no\/#website\"},\"primaryImageOfPage\":{\"@id\":\"https:\/\/infobric.com\/no\/bygg-reis-deg-afterwork\/#primaryimage\"},\"image\":{\"@id\":\"https:\/\/infobric.com\/no\/bygg-reis-deg-afterwork\/#primaryimage\"},\"thumbnailUrl\":\"https:\/\/infobric.com\/no\/wp-content\/uploads\/sites\/28\/2025\/09\/DSC7718-Rediger-1-1.png\",\"datePublished\":\"2025-09-24T12:15:08+00:00\",\"dateModified\":\"2025-09-24T12:15:08+00:00\",\"breadcrumb\":{\"@id\":\"https:\/\/infobric.com\/no\/bygg-reis-deg-afterwork\/#breadcrumb\"},\"inLanguage\":\"no-NO\",\"potentialAction\":[{\"@type\":\"ReadAction\",\"target\":[\"https:\/\/infobric.com\/no\/bygg-reis-deg-afterwork\/\"]}]},{\"@type\":\"ImageObject\",\"inLanguage\":\"no-NO\",\"@id\":\"https:\/\/infobric.com\/no\/bygg-reis-deg-afterwork\/#primaryimage\",\"url\":\"https:\/\/infobric.com\/no\/wp-content\/uploads\/sites\/28\/2025\/09\/DSC7718-Rediger-1-1.png\",\"contentUrl\":\"https:\/\/infobric.com\/no\/wp-content\/uploads\/sites\/28\/2025\/09\/DSC7718-Rediger-1-1.png\",\"width\":1204,\"height\":803},{\"@type\":\"BreadcrumbList\",\"@id\":\"https:\/\/infobric.com\/no\/bygg-reis-deg-afterwork\/#breadcrumb\",\"itemListElement\":[{\"@type\":\"ListItem\",\"position\":1,\"name\":\"Home\",\"item\":\"https:\/\/infobric.com\/no\/\"},{\"@type\":\"ListItem\",\"position\":2,\"name\":\"Velkommen til afterwork\"}]},{\"@type\":\"WebSite\",\"@id\":\"https:\/\/infobric.com\/no\/#website\",\"url\":\"https:\/\/infobric.com\/no\/\",\"name\":\"Norway\",\"description\":\"\",\"potentialAction\":[{\"@type\":\"SearchAction\",\"target\":{\"@type\":\"EntryPoint\",\"urlTemplate\":\"https:\/\/infobric.com\/no\/?s={search_term_string}\"},\"query-input\":\"required name=search_term_string\"}],\"inLanguage\":\"no-NO\"},{\"@type\":\"ImageObject\",\"inLanguage\":\"no-NO\",\"@id\":\"https:\/\/infobric.com\/no\/bygg-reis-deg-afterwork\/#local-main-organization-logo\",\"url\":\"\",\"contentUrl\":\"\",\"caption\":\"Infobric\"}]}<\/script>\n<!-- \/ Yoast SEO Premium plugin. -->","yoast_head_json":{"title":"Velkommen til afterwork | Infobric","robots":{"index":"index","follow":"follow","max-snippet":"max-snippet:-1","max-image-preview":"max-image-preview:large","max-video-preview":"max-video-preview:-1"},"canonical":"https:\/\/infobric.com\/no\/bygg-reis-deg-afterwork\/","og_locale":"en_US","og_type":"article","og_title":"Velkommen til afterwork","og_description":"Velkommen til afterwork torsdag 16. oktober p\u00e5 Scotsman. Vi i Infobric \u00f8nsker \u00e5 invitere deg til en uformell afterwork sammen med oss og andre bransjekolleger. Registrer deltakelse Registrer deltakelse Velkommen til afterwork: \ud83d\udccd Scotsman Pub, Karl Johans gate 17, Oslo\ud83d\udcc5 Torsdag 16. oktober 2025\u23f0 Fra...","og_url":"https:\/\/infobric.com\/no\/bygg-reis-deg-afterwork\/","og_site_name":"Norway","og_image":[{"url":"https:\/\/infobric.com\/no\/wp-content\/uploads\/sites\/28\/2025\/09\/DSC7718-Rediger-1-1.png"}],"twitter_card":"summary_large_image","schema":{"@context":"https:\/\/schema.org","@graph":[{"@type":"WebPage","@id":"https:\/\/infobric.com\/no\/bygg-reis-deg-afterwork\/","url":"https:\/\/infobric.com\/no\/bygg-reis-deg-afterwork\/","name":"Velkommen til afterwork | Infobric","isPartOf":{"@id":"https:\/\/infobric.com\/no\/#website"},"primaryImageOfPage":{"@id":"https:\/\/infobric.com\/no\/bygg-reis-deg-afterwork\/#primaryimage"},"image":{"@id":"https:\/\/infobric.com\/no\/bygg-reis-deg-afterwork\/#primaryimage"},"thumbnailUrl":"https:\/\/infobric.com\/no\/wp-content\/uploads\/sites\/28\/2025\/09\/DSC7718-Rediger-1-1.png","datePublished":"2025-09-24T12:15:08+00:00","dateModified":"2025-09-24T12:15:08+00:00","breadcrumb":{"@id":"https:\/\/infobric.com\/no\/bygg-reis-deg-afterwork\/#breadcrumb"},"inLanguage":"no-NO","potentialAction":[{"@type":"ReadAction","target":["https:\/\/infobric.com\/no\/bygg-reis-deg-afterwork\/"]}]},{"@type":"ImageObject","inLanguage":"no-NO","@id":"https:\/\/infobric.com\/no\/bygg-reis-deg-afterwork\/#primaryimage","url":"https:\/\/infobric.com\/no\/wp-content\/uploads\/sites\/28\/2025\/09\/DSC7718-Rediger-1-1.png","contentUrl":"https:\/\/infobric.com\/no\/wp-content\/uploads\/sites\/28\/2025\/09\/DSC7718-Rediger-1-1.png","width":1204,"height":803},{"@type":"BreadcrumbList","@id":"https:\/\/infobric.com\/no\/bygg-reis-deg-afterwork\/#breadcrumb","itemListElement":[{"@type":"ListItem","position":1,"name":"Home","item":"https:\/\/infobric.com\/no\/"},{"@type":"ListItem","position":2,"name":"Velkommen til afterwork"}]},{"@type":"WebSite","@id":"https:\/\/infobric.com\/no\/#website","url":"https:\/\/infobric.com\/no\/","name":"Norway","description":"","potentialAction":[{"@type":"SearchAction","target":{"@type":"EntryPoint","urlTemplate":"https:\/\/infobric.com\/no\/?s={search_term_string}"},"query-input":"required name=search_term_string"}],"inLanguage":"no-NO"},{"@type":"ImageObject","inLanguage":"no-NO","@id":"https:\/\/infobric.com\/no\/bygg-reis-deg-afterwork\/#local-main-organization-logo","url":"","contentUrl":"","caption":"Infobric"}]}},"_links":{"self":[{"href":"https:\/\/infobric.com\/no\/wp-json\/wp\/v2\/pages\/5931"}],"collection":[{"href":"https:\/\/infobric.com\/no\/wp-json\/wp\/v2\/pages"}],"about":[{"href":"https:\/\/infobric.com\/no\/wp-json\/wp\/v2\/types\/page"}],"author":[{"embeddable":true,"href":"https:\/\/infobric.com\/no\/wp-json\/wp\/v2\/users\/9"}],"replies":[{"embeddable":true,"href":"https:\/\/infobric.com\/no\/wp-json\/wp\/v2\/comments?post=5931"}],"version-history":[{"count":0,"href":"https:\/\/infobric.com\/no\/wp-json\/wp\/v2\/pages\/5931\/revisions"}],"wp:attachment":[{"href":"https:\/\/infobric.com\/no\/wp-json\/wp\/v2\/media?parent=5931"}],"curies":[{"name":"wp","href":"https:\/\/api.w.org\/{rel}","templated":true}]}}