{"id":6280,"date":"2024-08-29T08:53:45","date_gmt":"2024-08-29T08:53:45","guid":{"rendered":"https:\/\/infobric.no\/workforce\/?page_id=925"},"modified":"2024-08-29T08:53:45","modified_gmt":"2024-08-29T08:53:45","slug":"administrer-dine-arbeidsplasser","status":"publish","type":"page","link":"https:\/\/infobric.com\/no\/administrer-dine-arbeidsplasser\/","title":{"rendered":"Administrer dine arbeidsplasser"},"content":{"rendered":"","protected":false},"excerpt":{"rendered":"","protected":false},"author":37,"featured_media":0,"parent":0,"menu_order":0,"comment_status":"closed","ping_status":"closed","template":"tpl-pis-iframe.php","meta":{"_acf_changed":false,"footnotes":""},"acf":[],"yoast_head":"<!-- This site is optimized with the Yoast SEO Premium plugin v22.5 (Yoast SEO v22.5) - https:\/\/yoast.com\/wordpress\/plugins\/seo\/ -->\n<title>Administrer dine arbeidsplasser | Infobric Norge<\/title>\n<meta name=\"description\" content=\"Administrer byggeplasser og prosjekter med Infobric Workforce. F\u00e5 full kontroll p\u00e5 adgang, tilstedev\u00e6relse og sikkerhet p\u00e5 byggeplassen.\" \/>\n<meta name=\"robots\" content=\"index, follow, max-snippet:-1, max-image-preview:large, max-video-preview:-1\" \/>\n<link rel=\"canonical\" href=\"https:\/\/infobric.com\/no\/administrer-dine-arbeidsplasser\/\" \/>\n<meta property=\"og:locale\" content=\"en_US\" \/>\n<meta property=\"og:type\" content=\"article\" \/>\n<meta property=\"og:title\" content=\"Administrer dine arbeidsplasser\" \/>\n<meta property=\"og:description\" content=\"Administrer byggeplasser og prosjekter med Infobric Workforce. F\u00e5 full kontroll p\u00e5 adgang, tilstedev\u00e6relse og sikkerhet p\u00e5 byggeplassen.\" \/>\n<meta property=\"og:url\" content=\"https:\/\/infobric.com\/no\/administrer-dine-arbeidsplasser\/\" \/>\n<meta property=\"og:site_name\" content=\"Norway\" \/>\n<meta name=\"twitter:card\" content=\"summary_large_image\" \/>\n<script type=\"application\/ld+json\" class=\"yoast-schema-graph\">{\"@context\":\"https:\/\/schema.org\",\"@graph\":[{\"@type\":\"WebPage\",\"@id\":\"https:\/\/infobric.com\/no\/administrer-dine-arbeidsplasser\/\",\"url\":\"https:\/\/infobric.com\/no\/administrer-dine-arbeidsplasser\/\",\"name\":\"Administrer dine arbeidsplasser | Infobric Norge\",\"isPartOf\":{\"@id\":\"https:\/\/infobric.com\/no\/#website\"},\"datePublished\":\"2024-08-29T08:53:45+00:00\",\"dateModified\":\"2024-08-29T08:53:45+00:00\",\"description\":\"Administrer byggeplasser og prosjekter med Infobric Workforce. F\u00e5 full kontroll p\u00e5 adgang, tilstedev\u00e6relse og sikkerhet p\u00e5 byggeplassen.\",\"breadcrumb\":{\"@id\":\"https:\/\/infobric.com\/no\/administrer-dine-arbeidsplasser\/#breadcrumb\"},\"inLanguage\":\"no-NO\",\"potentialAction\":[{\"@type\":\"ReadAction\",\"target\":[\"https:\/\/infobric.com\/no\/administrer-dine-arbeidsplasser\/\"]}]},{\"@type\":\"BreadcrumbList\",\"@id\":\"https:\/\/infobric.com\/no\/administrer-dine-arbeidsplasser\/#breadcrumb\",\"itemListElement\":[{\"@type\":\"ListItem\",\"position\":1,\"name\":\"Home\",\"item\":\"https:\/\/infobric.com\/no\/\"},{\"@type\":\"ListItem\",\"position\":2,\"name\":\"Administrer dine arbeidsplasser\"}]},{\"@type\":\"WebSite\",\"@id\":\"https:\/\/infobric.com\/no\/#website\",\"url\":\"https:\/\/infobric.com\/no\/\",\"name\":\"Norway\",\"description\":\"\",\"potentialAction\":[{\"@type\":\"SearchAction\",\"target\":{\"@type\":\"EntryPoint\",\"urlTemplate\":\"https:\/\/infobric.com\/no\/?s={search_term_string}\"},\"query-input\":\"required name=search_term_string\"}],\"inLanguage\":\"no-NO\"},{\"@type\":\"ImageObject\",\"inLanguage\":\"no-NO\",\"@id\":\"https:\/\/infobric.com\/no\/administrer-dine-arbeidsplasser\/#local-main-organization-logo\",\"url\":\"\",\"contentUrl\":\"\",\"caption\":\"Infobric\"}]}<\/script>\n<!-- \/ Yoast SEO Premium plugin. -->","yoast_head_json":{"title":"Administrer dine arbeidsplasser | Infobric Norge","description":"Administrer byggeplasser og prosjekter med Infobric Workforce. F\u00e5 full kontroll p\u00e5 adgang, tilstedev\u00e6relse og sikkerhet p\u00e5 byggeplassen.","robots":{"index":"index","follow":"follow","max-snippet":"max-snippet:-1","max-image-preview":"max-image-preview:large","max-video-preview":"max-video-preview:-1"},"canonical":"https:\/\/infobric.com\/no\/administrer-dine-arbeidsplasser\/","og_locale":"en_US","og_type":"article","og_title":"Administrer dine arbeidsplasser","og_description":"Administrer byggeplasser og prosjekter med Infobric Workforce. F\u00e5 full kontroll p\u00e5 adgang, tilstedev\u00e6relse og sikkerhet p\u00e5 byggeplassen.","og_url":"https:\/\/infobric.com\/no\/administrer-dine-arbeidsplasser\/","og_site_name":"Norway","twitter_card":"summary_large_image","schema":{"@context":"https:\/\/schema.org","@graph":[{"@type":"WebPage","@id":"https:\/\/infobric.com\/no\/administrer-dine-arbeidsplasser\/","url":"https:\/\/infobric.com\/no\/administrer-dine-arbeidsplasser\/","name":"Administrer dine arbeidsplasser | Infobric Norge","isPartOf":{"@id":"https:\/\/infobric.com\/no\/#website"},"datePublished":"2024-08-29T08:53:45+00:00","dateModified":"2024-08-29T08:53:45+00:00","description":"Administrer byggeplasser og prosjekter med Infobric Workforce. F\u00e5 full kontroll p\u00e5 adgang, tilstedev\u00e6relse og sikkerhet p\u00e5 byggeplassen.","breadcrumb":{"@id":"https:\/\/infobric.com\/no\/administrer-dine-arbeidsplasser\/#breadcrumb"},"inLanguage":"no-NO","potentialAction":[{"@type":"ReadAction","target":["https:\/\/infobric.com\/no\/administrer-dine-arbeidsplasser\/"]}]},{"@type":"BreadcrumbList","@id":"https:\/\/infobric.com\/no\/administrer-dine-arbeidsplasser\/#breadcrumb","itemListElement":[{"@type":"ListItem","position":1,"name":"Home","item":"https:\/\/infobric.com\/no\/"},{"@type":"ListItem","position":2,"name":"Administrer dine arbeidsplasser"}]},{"@type":"WebSite","@id":"https:\/\/infobric.com\/no\/#website","url":"https:\/\/infobric.com\/no\/","name":"Norway","description":"","potentialAction":[{"@type":"SearchAction","target":{"@type":"EntryPoint","urlTemplate":"https:\/\/infobric.com\/no\/?s={search_term_string}"},"query-input":"required name=search_term_string"}],"inLanguage":"no-NO"},{"@type":"ImageObject","inLanguage":"no-NO","@id":"https:\/\/infobric.com\/no\/administrer-dine-arbeidsplasser\/#local-main-organization-logo","url":"","contentUrl":"","caption":"Infobric"}]}},"_links":{"self":[{"href":"https:\/\/infobric.com\/no\/wp-json\/wp\/v2\/pages\/6280"}],"collection":[{"href":"https:\/\/infobric.com\/no\/wp-json\/wp\/v2\/pages"}],"about":[{"href":"https:\/\/infobric.com\/no\/wp-json\/wp\/v2\/types\/page"}],"author":[{"embeddable":true,"href":"https:\/\/infobric.com\/no\/wp-json\/wp\/v2\/users\/37"}],"replies":[{"embeddable":true,"href":"https:\/\/infobric.com\/no\/wp-json\/wp\/v2\/comments?post=6280"}],"version-history":[{"count":0,"href":"https:\/\/infobric.com\/no\/wp-json\/wp\/v2\/pages\/6280\/revisions"}],"wp:attachment":[{"href":"https:\/\/infobric.com\/no\/wp-json\/wp\/v2\/media?parent=6280"}],"curies":[{"name":"wp","href":"https:\/\/api.w.org\/{rel}","templated":true}]}}