{"id":931,"date":"2024-08-29T11:26:17","date_gmt":"2024-08-29T11:26:17","guid":{"rendered":"https:\/\/infobric.no\/workforce\/?page_id=931"},"modified":"2024-08-29T11:26:17","modified_gmt":"2024-08-29T11:26:17","slug":"avslutte-arbeidsplass","status":"publish","type":"page","link":"https:\/\/infobric.com\/no\/administrer-dine-arbeidsplasser\/avslutte-arbeidsplass\/","title":{"rendered":"Avslutte arbeidsplass"},"content":{"rendered":"","protected":false},"excerpt":{"rendered":"","protected":false},"author":37,"featured_media":0,"parent":6280,"menu_order":2,"comment_status":"closed","ping_status":"closed","template":"tpl-pis-iframe.php","meta":{"_acf_changed":false,"footnotes":""},"acf":[],"yoast_head":"<!-- This site is optimized with the Yoast SEO Premium plugin v22.5 (Yoast SEO v22.5) - https:\/\/yoast.com\/wordpress\/plugins\/seo\/ -->\n<title>Avslutte arbeidsplass | Infobric Workforce<\/title>\n<meta name=\"description\" content=\"Fortell oss n\u00e5r jobben er ferdig og arbeidsplassen skal avsluttes. For \u00e5 avslutte m\u00e5 du v\u00e6re Plassadministrat\u00f8r for arbeidsplassen.\" \/>\n<meta name=\"robots\" content=\"index, follow, max-snippet:-1, max-image-preview:large, max-video-preview:-1\" \/>\n<link rel=\"canonical\" href=\"https:\/\/infobric.com\/no\/administrer-dine-arbeidsplasser\/avslutte-arbeidsplass\/\" \/>\n<meta property=\"og:locale\" content=\"en_US\" \/>\n<meta property=\"og:type\" content=\"article\" \/>\n<meta property=\"og:title\" content=\"Avslutte arbeidsplass\" \/>\n<meta property=\"og:description\" content=\"Fortell oss n\u00e5r jobben er ferdig og arbeidsplassen skal avsluttes. For \u00e5 avslutte m\u00e5 du v\u00e6re Plassadministrat\u00f8r for arbeidsplassen.\" \/>\n<meta property=\"og:url\" content=\"https:\/\/infobric.com\/no\/administrer-dine-arbeidsplasser\/avslutte-arbeidsplass\/\" \/>\n<meta property=\"og:site_name\" content=\"Norway\" \/>\n<meta name=\"twitter:card\" content=\"summary_large_image\" \/>\n<script type=\"application\/ld+json\" class=\"yoast-schema-graph\">{\"@context\":\"https:\/\/schema.org\",\"@graph\":[{\"@type\":\"WebPage\",\"@id\":\"https:\/\/infobric.com\/no\/administrer-dine-arbeidsplasser\/avslutte-arbeidsplass\/\",\"url\":\"https:\/\/infobric.com\/no\/administrer-dine-arbeidsplasser\/avslutte-arbeidsplass\/\",\"name\":\"Avslutte arbeidsplass | Infobric Workforce\",\"isPartOf\":{\"@id\":\"https:\/\/infobric.com\/no\/#website\"},\"datePublished\":\"2024-08-29T11:26:17+00:00\",\"dateModified\":\"2024-08-29T11:26:17+00:00\",\"description\":\"Fortell oss n\u00e5r jobben er ferdig og arbeidsplassen skal avsluttes. For \u00e5 avslutte m\u00e5 du v\u00e6re Plassadministrat\u00f8r for arbeidsplassen.\",\"breadcrumb\":{\"@id\":\"https:\/\/infobric.com\/no\/administrer-dine-arbeidsplasser\/avslutte-arbeidsplass\/#breadcrumb\"},\"inLanguage\":\"no-NO\",\"potentialAction\":[{\"@type\":\"ReadAction\",\"target\":[\"https:\/\/infobric.com\/no\/administrer-dine-arbeidsplasser\/avslutte-arbeidsplass\/\"]}]},{\"@type\":\"BreadcrumbList\",\"@id\":\"https:\/\/infobric.com\/no\/administrer-dine-arbeidsplasser\/avslutte-arbeidsplass\/#breadcrumb\",\"itemListElement\":[{\"@type\":\"ListItem\",\"position\":1,\"name\":\"Home\",\"item\":\"https:\/\/infobric.com\/no\/\"},{\"@type\":\"ListItem\",\"position\":2,\"name\":\"Administrer dine arbeidsplasser\",\"item\":\"https:\/\/infobric.com\/no\/administrer-dine-arbeidsplasser\/\"},{\"@type\":\"ListItem\",\"position\":3,\"name\":\"Avslutte arbeidsplass\"}]},{\"@type\":\"WebSite\",\"@id\":\"https:\/\/infobric.com\/no\/#website\",\"url\":\"https:\/\/infobric.com\/no\/\",\"name\":\"Norway\",\"description\":\"\",\"potentialAction\":[{\"@type\":\"SearchAction\",\"target\":{\"@type\":\"EntryPoint\",\"urlTemplate\":\"https:\/\/infobric.com\/no\/?s={search_term_string}\"},\"query-input\":\"required name=search_term_string\"}],\"inLanguage\":\"no-NO\"},{\"@type\":\"ImageObject\",\"inLanguage\":\"no-NO\",\"@id\":\"https:\/\/infobric.com\/no\/administrer-dine-arbeidsplasser\/avslutte-arbeidsplass\/#local-main-organization-logo\",\"url\":\"\",\"contentUrl\":\"\",\"caption\":\"Infobric\"}]}<\/script>\n<!-- \/ Yoast SEO Premium plugin. -->","yoast_head_json":{"title":"Avslutte arbeidsplass | Infobric Workforce","description":"Fortell oss n\u00e5r jobben er ferdig og arbeidsplassen skal avsluttes. For \u00e5 avslutte m\u00e5 du v\u00e6re Plassadministrat\u00f8r for arbeidsplassen.","robots":{"index":"index","follow":"follow","max-snippet":"max-snippet:-1","max-image-preview":"max-image-preview:large","max-video-preview":"max-video-preview:-1"},"canonical":"https:\/\/infobric.com\/no\/administrer-dine-arbeidsplasser\/avslutte-arbeidsplass\/","og_locale":"en_US","og_type":"article","og_title":"Avslutte arbeidsplass","og_description":"Fortell oss n\u00e5r jobben er ferdig og arbeidsplassen skal avsluttes. For \u00e5 avslutte m\u00e5 du v\u00e6re Plassadministrat\u00f8r for arbeidsplassen.","og_url":"https:\/\/infobric.com\/no\/administrer-dine-arbeidsplasser\/avslutte-arbeidsplass\/","og_site_name":"Norway","twitter_card":"summary_large_image","schema":{"@context":"https:\/\/schema.org","@graph":[{"@type":"WebPage","@id":"https:\/\/infobric.com\/no\/administrer-dine-arbeidsplasser\/avslutte-arbeidsplass\/","url":"https:\/\/infobric.com\/no\/administrer-dine-arbeidsplasser\/avslutte-arbeidsplass\/","name":"Avslutte arbeidsplass | Infobric Workforce","isPartOf":{"@id":"https:\/\/infobric.com\/no\/#website"},"datePublished":"2024-08-29T11:26:17+00:00","dateModified":"2024-08-29T11:26:17+00:00","description":"Fortell oss n\u00e5r jobben er ferdig og arbeidsplassen skal avsluttes. For \u00e5 avslutte m\u00e5 du v\u00e6re Plassadministrat\u00f8r for arbeidsplassen.","breadcrumb":{"@id":"https:\/\/infobric.com\/no\/administrer-dine-arbeidsplasser\/avslutte-arbeidsplass\/#breadcrumb"},"inLanguage":"no-NO","potentialAction":[{"@type":"ReadAction","target":["https:\/\/infobric.com\/no\/administrer-dine-arbeidsplasser\/avslutte-arbeidsplass\/"]}]},{"@type":"BreadcrumbList","@id":"https:\/\/infobric.com\/no\/administrer-dine-arbeidsplasser\/avslutte-arbeidsplass\/#breadcrumb","itemListElement":[{"@type":"ListItem","position":1,"name":"Home","item":"https:\/\/infobric.com\/no\/"},{"@type":"ListItem","position":2,"name":"Administrer dine arbeidsplasser","item":"https:\/\/infobric.com\/no\/administrer-dine-arbeidsplasser\/"},{"@type":"ListItem","position":3,"name":"Avslutte arbeidsplass"}]},{"@type":"WebSite","@id":"https:\/\/infobric.com\/no\/#website","url":"https:\/\/infobric.com\/no\/","name":"Norway","description":"","potentialAction":[{"@type":"SearchAction","target":{"@type":"EntryPoint","urlTemplate":"https:\/\/infobric.com\/no\/?s={search_term_string}"},"query-input":"required name=search_term_string"}],"inLanguage":"no-NO"},{"@type":"ImageObject","inLanguage":"no-NO","@id":"https:\/\/infobric.com\/no\/administrer-dine-arbeidsplasser\/avslutte-arbeidsplass\/#local-main-organization-logo","url":"","contentUrl":"","caption":"Infobric"}]}},"_links":{"self":[{"href":"https:\/\/infobric.com\/no\/wp-json\/wp\/v2\/pages\/931"}],"collection":[{"href":"https:\/\/infobric.com\/no\/wp-json\/wp\/v2\/pages"}],"about":[{"href":"https:\/\/infobric.com\/no\/wp-json\/wp\/v2\/types\/page"}],"author":[{"embeddable":true,"href":"https:\/\/infobric.com\/no\/wp-json\/wp\/v2\/users\/37"}],"replies":[{"embeddable":true,"href":"https:\/\/infobric.com\/no\/wp-json\/wp\/v2\/comments?post=931"}],"version-history":[{"count":0,"href":"https:\/\/infobric.com\/no\/wp-json\/wp\/v2\/pages\/931\/revisions"}],"up":[{"embeddable":true,"href":"https:\/\/infobric.com\/no\/wp-json\/wp\/v2\/pages\/6280"}],"wp:attachment":[{"href":"https:\/\/infobric.com\/no\/wp-json\/wp\/v2\/media?parent=931"}],"curies":[{"name":"wp","href":"https:\/\/api.w.org\/{rel}","templated":true}]}}