{"id":2618,"date":"2024-08-29T08:26:44","date_gmt":"2024-08-29T08:26:44","guid":{"rendered":"https:\/\/infobric.se\/workforce\/?page_id=2618"},"modified":"2024-08-29T08:26:44","modified_gmt":"2024-08-29T08:26:44","slug":"hantera-dina-arbetsplatser","status":"publish","type":"page","link":"https:\/\/infobric.com\/se\/hantera-dina-arbetsplatser\/","title":{"rendered":"Hantera dina arbetsplatser"},"content":{"rendered":"","protected":false},"excerpt":{"rendered":"","protected":false},"author":37,"featured_media":0,"parent":0,"menu_order":0,"comment_status":"closed","ping_status":"closed","template":"tpl-pis-iframe.php","meta":{"_acf_changed":false,"footnotes":""},"acf":[],"yoast_head":"<!-- This site is optimized with the Yoast SEO Premium plugin v22.5 (Yoast SEO v22.5) - https:\/\/yoast.com\/wordpress\/plugins\/seo\/ -->\n<title>Hantera dina arbetsplatser | Infobric Workforce<\/title>\n<meta name=\"description\" content=\"Registrera f\u00f6retag - H\u00e4r anm\u00e4ler ni ert f\u00f6retag f\u00f6r att sj\u00e4lva kunna administrera er systemklient och t.ex. starta arbetsplatser.\" \/>\n<meta name=\"robots\" content=\"index, follow, max-snippet:-1, max-image-preview:large, max-video-preview:-1\" \/>\n<link rel=\"canonical\" href=\"https:\/\/infobric.com\/se\/hantera-dina-arbetsplatser\/\" \/>\n<meta property=\"og:locale\" content=\"sv_SE\" \/>\n<meta property=\"og:type\" content=\"article\" \/>\n<meta property=\"og:title\" content=\"Hantera dina arbetsplatser\" \/>\n<meta property=\"og:description\" content=\"Registrera f\u00f6retag - H\u00e4r anm\u00e4ler ni ert f\u00f6retag f\u00f6r att sj\u00e4lva kunna administrera er systemklient och t.ex. starta arbetsplatser.\" \/>\n<meta property=\"og:url\" content=\"https:\/\/infobric.com\/se\/hantera-dina-arbetsplatser\/\" \/>\n<meta property=\"og:site_name\" content=\"Sweden\" \/>\n<meta name=\"twitter:card\" content=\"summary_large_image\" \/>\n<script type=\"application\/ld+json\" class=\"yoast-schema-graph\">{\"@context\":\"https:\/\/schema.org\",\"@graph\":[{\"@type\":\"WebPage\",\"@id\":\"https:\/\/infobric.com\/se\/hantera-dina-arbetsplatser\/\",\"url\":\"https:\/\/infobric.com\/se\/hantera-dina-arbetsplatser\/\",\"name\":\"Hantera dina arbetsplatser | Infobric Workforce\",\"isPartOf\":{\"@id\":\"https:\/\/infobric.com\/se\/#website\"},\"datePublished\":\"2024-08-29T08:26:44+00:00\",\"dateModified\":\"2024-08-29T08:26:44+00:00\",\"description\":\"Registrera f\u00f6retag - H\u00e4r anm\u00e4ler ni ert f\u00f6retag f\u00f6r att sj\u00e4lva kunna administrera er systemklient och t.ex. starta arbetsplatser.\",\"breadcrumb\":{\"@id\":\"https:\/\/infobric.com\/se\/hantera-dina-arbetsplatser\/#breadcrumb\"},\"inLanguage\":\"sv-SE\",\"potentialAction\":[{\"@type\":\"ReadAction\",\"target\":[\"https:\/\/infobric.com\/se\/hantera-dina-arbetsplatser\/\"]}]},{\"@type\":\"BreadcrumbList\",\"@id\":\"https:\/\/infobric.com\/se\/hantera-dina-arbetsplatser\/#breadcrumb\",\"itemListElement\":[{\"@type\":\"ListItem\",\"position\":1,\"name\":\"Home\",\"item\":\"https:\/\/infobric.com\/se\/\"},{\"@type\":\"ListItem\",\"position\":2,\"name\":\"Hantera dina arbetsplatser\"}]},{\"@type\":\"WebSite\",\"@id\":\"https:\/\/infobric.com\/se\/#website\",\"url\":\"https:\/\/infobric.com\/se\/\",\"name\":\"Sweden\",\"description\":\"\",\"alternateName\":\"infobric SE\",\"potentialAction\":[{\"@type\":\"SearchAction\",\"target\":{\"@type\":\"EntryPoint\",\"urlTemplate\":\"https:\/\/infobric.com\/se\/?s={search_term_string}\"},\"query-input\":\"required name=search_term_string\"}],\"inLanguage\":\"sv-SE\"},{\"@type\":\"ImageObject\",\"inLanguage\":\"sv-SE\",\"@id\":\"https:\/\/infobric.com\/se\/hantera-dina-arbetsplatser\/#local-main-organization-logo\",\"url\":\"\",\"contentUrl\":\"\",\"caption\":\"Infobric\"}]}<\/script>\n<!-- \/ Yoast SEO Premium plugin. -->","yoast_head_json":{"title":"Hantera dina arbetsplatser | Infobric Workforce","description":"Registrera f\u00f6retag - H\u00e4r anm\u00e4ler ni ert f\u00f6retag f\u00f6r att sj\u00e4lva kunna administrera er systemklient och t.ex. starta arbetsplatser.","robots":{"index":"index","follow":"follow","max-snippet":"max-snippet:-1","max-image-preview":"max-image-preview:large","max-video-preview":"max-video-preview:-1"},"canonical":"https:\/\/infobric.com\/se\/hantera-dina-arbetsplatser\/","og_locale":"sv_SE","og_type":"article","og_title":"Hantera dina arbetsplatser","og_description":"Registrera f\u00f6retag - H\u00e4r anm\u00e4ler ni ert f\u00f6retag f\u00f6r att sj\u00e4lva kunna administrera er systemklient och t.ex. starta arbetsplatser.","og_url":"https:\/\/infobric.com\/se\/hantera-dina-arbetsplatser\/","og_site_name":"Sweden","twitter_card":"summary_large_image","schema":{"@context":"https:\/\/schema.org","@graph":[{"@type":"WebPage","@id":"https:\/\/infobric.com\/se\/hantera-dina-arbetsplatser\/","url":"https:\/\/infobric.com\/se\/hantera-dina-arbetsplatser\/","name":"Hantera dina arbetsplatser | Infobric Workforce","isPartOf":{"@id":"https:\/\/infobric.com\/se\/#website"},"datePublished":"2024-08-29T08:26:44+00:00","dateModified":"2024-08-29T08:26:44+00:00","description":"Registrera f\u00f6retag - H\u00e4r anm\u00e4ler ni ert f\u00f6retag f\u00f6r att sj\u00e4lva kunna administrera er systemklient och t.ex. starta arbetsplatser.","breadcrumb":{"@id":"https:\/\/infobric.com\/se\/hantera-dina-arbetsplatser\/#breadcrumb"},"inLanguage":"sv-SE","potentialAction":[{"@type":"ReadAction","target":["https:\/\/infobric.com\/se\/hantera-dina-arbetsplatser\/"]}]},{"@type":"BreadcrumbList","@id":"https:\/\/infobric.com\/se\/hantera-dina-arbetsplatser\/#breadcrumb","itemListElement":[{"@type":"ListItem","position":1,"name":"Home","item":"https:\/\/infobric.com\/se\/"},{"@type":"ListItem","position":2,"name":"Hantera dina arbetsplatser"}]},{"@type":"WebSite","@id":"https:\/\/infobric.com\/se\/#website","url":"https:\/\/infobric.com\/se\/","name":"Sweden","description":"","alternateName":"infobric SE","potentialAction":[{"@type":"SearchAction","target":{"@type":"EntryPoint","urlTemplate":"https:\/\/infobric.com\/se\/?s={search_term_string}"},"query-input":"required name=search_term_string"}],"inLanguage":"sv-SE"},{"@type":"ImageObject","inLanguage":"sv-SE","@id":"https:\/\/infobric.com\/se\/hantera-dina-arbetsplatser\/#local-main-organization-logo","url":"","contentUrl":"","caption":"Infobric"}]}},"_links":{"self":[{"href":"https:\/\/infobric.com\/se\/wp-json\/wp\/v2\/pages\/2618"}],"collection":[{"href":"https:\/\/infobric.com\/se\/wp-json\/wp\/v2\/pages"}],"about":[{"href":"https:\/\/infobric.com\/se\/wp-json\/wp\/v2\/types\/page"}],"author":[{"embeddable":true,"href":"https:\/\/infobric.com\/se\/wp-json\/wp\/v2\/users\/37"}],"replies":[{"embeddable":true,"href":"https:\/\/infobric.com\/se\/wp-json\/wp\/v2\/comments?post=2618"}],"version-history":[{"count":0,"href":"https:\/\/infobric.com\/se\/wp-json\/wp\/v2\/pages\/2618\/revisions"}],"wp:attachment":[{"href":"https:\/\/infobric.com\/se\/wp-json\/wp\/v2\/media?parent=2618"}],"curies":[{"name":"wp","href":"https:\/\/api.w.org\/{rel}","templated":true}]}}