{"id":2626,"date":"2024-08-29T08:46:01","date_gmt":"2024-08-29T08:46:01","guid":{"rendered":"https:\/\/infobric.se\/workforce\/?page_id=2626"},"modified":"2024-08-29T08:46:01","modified_gmt":"2024-08-29T08:46:01","slug":"avsluta-arbetsplats","status":"publish","type":"page","link":"https:\/\/infobric.com\/se\/hantera-dina-arbetsplatser\/avsluta-arbetsplats\/","title":{"rendered":"Avsluta arbetsplats"},"content":{"rendered":"","protected":false},"excerpt":{"rendered":"","protected":false},"author":37,"featured_media":0,"parent":2618,"menu_order":2,"comment_status":"closed","ping_status":"closed","template":"tpl-pis-iframe.php","meta":{"_acf_changed":false,"footnotes":""},"acf":[],"yoast_head":"<!-- This site is optimized with the Yoast SEO Premium plugin v22.5 (Yoast SEO v22.5) - https:\/\/yoast.com\/wordpress\/plugins\/seo\/ -->\n<title>Avsluta arbetsplats | Infobric Workforce<\/title>\n<meta name=\"description\" content=\"Avsluta arbetsplats - Som platsadministrat\u00f6r kan du h\u00e4r anm\u00e4la n\u00e4r jobbet \u00e4r klart och arbetsplatsen ska avslutas.\" \/>\n<meta name=\"robots\" content=\"index, follow, max-snippet:-1, max-image-preview:large, max-video-preview:-1\" \/>\n<link rel=\"canonical\" href=\"https:\/\/infobric.com\/se\/hantera-dina-arbetsplatser\/avsluta-arbetsplats\/\" \/>\n<meta property=\"og:locale\" content=\"sv_SE\" \/>\n<meta property=\"og:type\" content=\"article\" \/>\n<meta property=\"og:title\" content=\"Avsluta arbetsplats\" \/>\n<meta property=\"og:description\" content=\"Avsluta arbetsplats - Som platsadministrat\u00f6r kan du h\u00e4r anm\u00e4la n\u00e4r jobbet \u00e4r klart och arbetsplatsen ska avslutas.\" \/>\n<meta property=\"og:url\" content=\"https:\/\/infobric.com\/se\/hantera-dina-arbetsplatser\/avsluta-arbetsplats\/\" \/>\n<meta property=\"og:site_name\" content=\"Sweden\" \/>\n<meta name=\"twitter:card\" content=\"summary_large_image\" \/>\n<script type=\"application\/ld+json\" class=\"yoast-schema-graph\">{\"@context\":\"https:\/\/schema.org\",\"@graph\":[{\"@type\":\"WebPage\",\"@id\":\"https:\/\/infobric.com\/se\/hantera-dina-arbetsplatser\/avsluta-arbetsplats\/\",\"url\":\"https:\/\/infobric.com\/se\/hantera-dina-arbetsplatser\/avsluta-arbetsplats\/\",\"name\":\"Avsluta arbetsplats | Infobric Workforce\",\"isPartOf\":{\"@id\":\"https:\/\/infobric.com\/se\/#website\"},\"datePublished\":\"2024-08-29T08:46:01+00:00\",\"dateModified\":\"2024-08-29T08:46:01+00:00\",\"description\":\"Avsluta arbetsplats - Som platsadministrat\u00f6r kan du h\u00e4r anm\u00e4la n\u00e4r jobbet \u00e4r klart och arbetsplatsen ska avslutas.\",\"breadcrumb\":{\"@id\":\"https:\/\/infobric.com\/se\/hantera-dina-arbetsplatser\/avsluta-arbetsplats\/#breadcrumb\"},\"inLanguage\":\"sv-SE\",\"potentialAction\":[{\"@type\":\"ReadAction\",\"target\":[\"https:\/\/infobric.com\/se\/hantera-dina-arbetsplatser\/avsluta-arbetsplats\/\"]}]},{\"@type\":\"BreadcrumbList\",\"@id\":\"https:\/\/infobric.com\/se\/hantera-dina-arbetsplatser\/avsluta-arbetsplats\/#breadcrumb\",\"itemListElement\":[{\"@type\":\"ListItem\",\"position\":1,\"name\":\"Home\",\"item\":\"https:\/\/infobric.com\/se\/\"},{\"@type\":\"ListItem\",\"position\":2,\"name\":\"Hantera dina arbetsplatser\",\"item\":\"https:\/\/infobric.com\/se\/hantera-dina-arbetsplatser\/\"},{\"@type\":\"ListItem\",\"position\":3,\"name\":\"Avsluta arbetsplats\"}]},{\"@type\":\"WebSite\",\"@id\":\"https:\/\/infobric.com\/se\/#website\",\"url\":\"https:\/\/infobric.com\/se\/\",\"name\":\"Sweden\",\"description\":\"\",\"alternateName\":\"infobric SE\",\"potentialAction\":[{\"@type\":\"SearchAction\",\"target\":{\"@type\":\"EntryPoint\",\"urlTemplate\":\"https:\/\/infobric.com\/se\/?s={search_term_string}\"},\"query-input\":\"required name=search_term_string\"}],\"inLanguage\":\"sv-SE\"},{\"@type\":\"ImageObject\",\"inLanguage\":\"sv-SE\",\"@id\":\"https:\/\/infobric.com\/se\/hantera-dina-arbetsplatser\/avsluta-arbetsplats\/#local-main-organization-logo\",\"url\":\"\",\"contentUrl\":\"\",\"caption\":\"Infobric\"}]}<\/script>\n<!-- \/ Yoast SEO Premium plugin. -->","yoast_head_json":{"title":"Avsluta arbetsplats | Infobric Workforce","description":"Avsluta arbetsplats - Som platsadministrat\u00f6r kan du h\u00e4r anm\u00e4la n\u00e4r jobbet \u00e4r klart och arbetsplatsen ska avslutas.","robots":{"index":"index","follow":"follow","max-snippet":"max-snippet:-1","max-image-preview":"max-image-preview:large","max-video-preview":"max-video-preview:-1"},"canonical":"https:\/\/infobric.com\/se\/hantera-dina-arbetsplatser\/avsluta-arbetsplats\/","og_locale":"sv_SE","og_type":"article","og_title":"Avsluta arbetsplats","og_description":"Avsluta arbetsplats - Som platsadministrat\u00f6r kan du h\u00e4r anm\u00e4la n\u00e4r jobbet \u00e4r klart och arbetsplatsen ska avslutas.","og_url":"https:\/\/infobric.com\/se\/hantera-dina-arbetsplatser\/avsluta-arbetsplats\/","og_site_name":"Sweden","twitter_card":"summary_large_image","schema":{"@context":"https:\/\/schema.org","@graph":[{"@type":"WebPage","@id":"https:\/\/infobric.com\/se\/hantera-dina-arbetsplatser\/avsluta-arbetsplats\/","url":"https:\/\/infobric.com\/se\/hantera-dina-arbetsplatser\/avsluta-arbetsplats\/","name":"Avsluta arbetsplats | Infobric Workforce","isPartOf":{"@id":"https:\/\/infobric.com\/se\/#website"},"datePublished":"2024-08-29T08:46:01+00:00","dateModified":"2024-08-29T08:46:01+00:00","description":"Avsluta arbetsplats - Som platsadministrat\u00f6r kan du h\u00e4r anm\u00e4la n\u00e4r jobbet \u00e4r klart och arbetsplatsen ska avslutas.","breadcrumb":{"@id":"https:\/\/infobric.com\/se\/hantera-dina-arbetsplatser\/avsluta-arbetsplats\/#breadcrumb"},"inLanguage":"sv-SE","potentialAction":[{"@type":"ReadAction","target":["https:\/\/infobric.com\/se\/hantera-dina-arbetsplatser\/avsluta-arbetsplats\/"]}]},{"@type":"BreadcrumbList","@id":"https:\/\/infobric.com\/se\/hantera-dina-arbetsplatser\/avsluta-arbetsplats\/#breadcrumb","itemListElement":[{"@type":"ListItem","position":1,"name":"Home","item":"https:\/\/infobric.com\/se\/"},{"@type":"ListItem","position":2,"name":"Hantera dina arbetsplatser","item":"https:\/\/infobric.com\/se\/hantera-dina-arbetsplatser\/"},{"@type":"ListItem","position":3,"name":"Avsluta arbetsplats"}]},{"@type":"WebSite","@id":"https:\/\/infobric.com\/se\/#website","url":"https:\/\/infobric.com\/se\/","name":"Sweden","description":"","alternateName":"infobric SE","potentialAction":[{"@type":"SearchAction","target":{"@type":"EntryPoint","urlTemplate":"https:\/\/infobric.com\/se\/?s={search_term_string}"},"query-input":"required name=search_term_string"}],"inLanguage":"sv-SE"},{"@type":"ImageObject","inLanguage":"sv-SE","@id":"https:\/\/infobric.com\/se\/hantera-dina-arbetsplatser\/avsluta-arbetsplats\/#local-main-organization-logo","url":"","contentUrl":"","caption":"Infobric"}]}},"_links":{"self":[{"href":"https:\/\/infobric.com\/se\/wp-json\/wp\/v2\/pages\/2626"}],"collection":[{"href":"https:\/\/infobric.com\/se\/wp-json\/wp\/v2\/pages"}],"about":[{"href":"https:\/\/infobric.com\/se\/wp-json\/wp\/v2\/types\/page"}],"author":[{"embeddable":true,"href":"https:\/\/infobric.com\/se\/wp-json\/wp\/v2\/users\/37"}],"replies":[{"embeddable":true,"href":"https:\/\/infobric.com\/se\/wp-json\/wp\/v2\/comments?post=2626"}],"version-history":[{"count":0,"href":"https:\/\/infobric.com\/se\/wp-json\/wp\/v2\/pages\/2626\/revisions"}],"up":[{"embeddable":true,"href":"https:\/\/infobric.com\/se\/wp-json\/wp\/v2\/pages\/2618"}],"wp:attachment":[{"href":"https:\/\/infobric.com\/se\/wp-json\/wp\/v2\/media?parent=2626"}],"curies":[{"name":"wp","href":"https:\/\/api.w.org\/{rel}","templated":true}]}}