{"id":2630,"date":"2024-08-29T08:49:51","date_gmt":"2024-08-29T08:49:51","guid":{"rendered":"https:\/\/infobric.se\/workforce\/?page_id=2630"},"modified":"2024-08-29T08:49:51","modified_gmt":"2024-08-29T08:49:51","slug":"ta-bort-enhet","status":"publish","type":"page","link":"https:\/\/infobric.com\/se\/hantera-dina-arbetsplatser\/ta-bort-enhet\/","title":{"rendered":"Ta bort enhet"},"content":{"rendered":"","protected":false},"excerpt":{"rendered":"","protected":false},"author":37,"featured_media":0,"parent":2618,"menu_order":6,"comment_status":"closed","ping_status":"closed","template":"tpl-pis-iframe.php","meta":{"_acf_changed":false,"footnotes":""},"acf":[],"yoast_head":"<!-- This site is optimized with the Yoast SEO Premium plugin v22.5 (Yoast SEO v22.5) - https:\/\/yoast.com\/wordpress\/plugins\/seo\/ -->\n<title>Ta bort enhet | Infobric Workforce<\/title>\n<meta name=\"description\" content=\"Om du vill ta bort en enhet fr\u00e5n en arbetsplats kan du anm\u00e4la det h\u00e4r. Har du \u00e5tkomst till arbetsplatsen kan du \u00e4ven g\u00f6ra det p\u00e5 egen hand.\" \/>\n<meta name=\"robots\" content=\"index, follow, max-snippet:-1, max-image-preview:large, max-video-preview:-1\" \/>\n<link rel=\"canonical\" href=\"https:\/\/infobric.com\/se\/hantera-dina-arbetsplatser\/ta-bort-enhet\/\" \/>\n<meta property=\"og:locale\" content=\"sv_SE\" \/>\n<meta property=\"og:type\" content=\"article\" \/>\n<meta property=\"og:title\" content=\"Ta bort enhet\" \/>\n<meta property=\"og:description\" content=\"Om du vill ta bort en enhet fr\u00e5n en arbetsplats kan du anm\u00e4la det h\u00e4r. Har du \u00e5tkomst till arbetsplatsen kan du \u00e4ven g\u00f6ra det p\u00e5 egen hand.\" \/>\n<meta property=\"og:url\" content=\"https:\/\/infobric.com\/se\/hantera-dina-arbetsplatser\/ta-bort-enhet\/\" \/>\n<meta property=\"og:site_name\" content=\"Sweden\" \/>\n<meta name=\"twitter:card\" content=\"summary_large_image\" \/>\n<script type=\"application\/ld+json\" class=\"yoast-schema-graph\">{\"@context\":\"https:\/\/schema.org\",\"@graph\":[{\"@type\":\"WebPage\",\"@id\":\"https:\/\/infobric.com\/se\/hantera-dina-arbetsplatser\/ta-bort-enhet\/\",\"url\":\"https:\/\/infobric.com\/se\/hantera-dina-arbetsplatser\/ta-bort-enhet\/\",\"name\":\"Ta bort enhet | Infobric Workforce\",\"isPartOf\":{\"@id\":\"https:\/\/infobric.com\/se\/#website\"},\"datePublished\":\"2024-08-29T08:49:51+00:00\",\"dateModified\":\"2024-08-29T08:49:51+00:00\",\"description\":\"Om du vill ta bort en enhet fr\u00e5n en arbetsplats kan du anm\u00e4la det h\u00e4r. Har du \u00e5tkomst till arbetsplatsen kan du \u00e4ven g\u00f6ra det p\u00e5 egen hand.\",\"breadcrumb\":{\"@id\":\"https:\/\/infobric.com\/se\/hantera-dina-arbetsplatser\/ta-bort-enhet\/#breadcrumb\"},\"inLanguage\":\"sv-SE\",\"potentialAction\":[{\"@type\":\"ReadAction\",\"target\":[\"https:\/\/infobric.com\/se\/hantera-dina-arbetsplatser\/ta-bort-enhet\/\"]}]},{\"@type\":\"BreadcrumbList\",\"@id\":\"https:\/\/infobric.com\/se\/hantera-dina-arbetsplatser\/ta-bort-enhet\/#breadcrumb\",\"itemListElement\":[{\"@type\":\"ListItem\",\"position\":1,\"name\":\"Home\",\"item\":\"https:\/\/infobric.com\/se\/\"},{\"@type\":\"ListItem\",\"position\":2,\"name\":\"Hantera dina arbetsplatser\",\"item\":\"https:\/\/infobric.com\/se\/hantera-dina-arbetsplatser\/\"},{\"@type\":\"ListItem\",\"position\":3,\"name\":\"Ta bort enhet\"}]},{\"@type\":\"WebSite\",\"@id\":\"https:\/\/infobric.com\/se\/#website\",\"url\":\"https:\/\/infobric.com\/se\/\",\"name\":\"Sweden\",\"description\":\"\",\"alternateName\":\"infobric SE\",\"potentialAction\":[{\"@type\":\"SearchAction\",\"target\":{\"@type\":\"EntryPoint\",\"urlTemplate\":\"https:\/\/infobric.com\/se\/?s={search_term_string}\"},\"query-input\":\"required name=search_term_string\"}],\"inLanguage\":\"sv-SE\"},{\"@type\":\"ImageObject\",\"inLanguage\":\"sv-SE\",\"@id\":\"https:\/\/infobric.com\/se\/hantera-dina-arbetsplatser\/ta-bort-enhet\/#local-main-organization-logo\",\"url\":\"\",\"contentUrl\":\"\",\"caption\":\"Infobric\"}]}<\/script>\n<!-- \/ Yoast SEO Premium plugin. -->","yoast_head_json":{"title":"Ta bort enhet | Infobric Workforce","description":"Om du vill ta bort en enhet fr\u00e5n en arbetsplats kan du anm\u00e4la det h\u00e4r. Har du \u00e5tkomst till arbetsplatsen kan du \u00e4ven g\u00f6ra det p\u00e5 egen hand.","robots":{"index":"index","follow":"follow","max-snippet":"max-snippet:-1","max-image-preview":"max-image-preview:large","max-video-preview":"max-video-preview:-1"},"canonical":"https:\/\/infobric.com\/se\/hantera-dina-arbetsplatser\/ta-bort-enhet\/","og_locale":"sv_SE","og_type":"article","og_title":"Ta bort enhet","og_description":"Om du vill ta bort en enhet fr\u00e5n en arbetsplats kan du anm\u00e4la det h\u00e4r. Har du \u00e5tkomst till arbetsplatsen kan du \u00e4ven g\u00f6ra det p\u00e5 egen hand.","og_url":"https:\/\/infobric.com\/se\/hantera-dina-arbetsplatser\/ta-bort-enhet\/","og_site_name":"Sweden","twitter_card":"summary_large_image","schema":{"@context":"https:\/\/schema.org","@graph":[{"@type":"WebPage","@id":"https:\/\/infobric.com\/se\/hantera-dina-arbetsplatser\/ta-bort-enhet\/","url":"https:\/\/infobric.com\/se\/hantera-dina-arbetsplatser\/ta-bort-enhet\/","name":"Ta bort enhet | Infobric Workforce","isPartOf":{"@id":"https:\/\/infobric.com\/se\/#website"},"datePublished":"2024-08-29T08:49:51+00:00","dateModified":"2024-08-29T08:49:51+00:00","description":"Om du vill ta bort en enhet fr\u00e5n en arbetsplats kan du anm\u00e4la det h\u00e4r. Har du \u00e5tkomst till arbetsplatsen kan du \u00e4ven g\u00f6ra det p\u00e5 egen hand.","breadcrumb":{"@id":"https:\/\/infobric.com\/se\/hantera-dina-arbetsplatser\/ta-bort-enhet\/#breadcrumb"},"inLanguage":"sv-SE","potentialAction":[{"@type":"ReadAction","target":["https:\/\/infobric.com\/se\/hantera-dina-arbetsplatser\/ta-bort-enhet\/"]}]},{"@type":"BreadcrumbList","@id":"https:\/\/infobric.com\/se\/hantera-dina-arbetsplatser\/ta-bort-enhet\/#breadcrumb","itemListElement":[{"@type":"ListItem","position":1,"name":"Home","item":"https:\/\/infobric.com\/se\/"},{"@type":"ListItem","position":2,"name":"Hantera dina arbetsplatser","item":"https:\/\/infobric.com\/se\/hantera-dina-arbetsplatser\/"},{"@type":"ListItem","position":3,"name":"Ta bort enhet"}]},{"@type":"WebSite","@id":"https:\/\/infobric.com\/se\/#website","url":"https:\/\/infobric.com\/se\/","name":"Sweden","description":"","alternateName":"infobric SE","potentialAction":[{"@type":"SearchAction","target":{"@type":"EntryPoint","urlTemplate":"https:\/\/infobric.com\/se\/?s={search_term_string}"},"query-input":"required name=search_term_string"}],"inLanguage":"sv-SE"},{"@type":"ImageObject","inLanguage":"sv-SE","@id":"https:\/\/infobric.com\/se\/hantera-dina-arbetsplatser\/ta-bort-enhet\/#local-main-organization-logo","url":"","contentUrl":"","caption":"Infobric"}]}},"_links":{"self":[{"href":"https:\/\/infobric.com\/se\/wp-json\/wp\/v2\/pages\/2630"}],"collection":[{"href":"https:\/\/infobric.com\/se\/wp-json\/wp\/v2\/pages"}],"about":[{"href":"https:\/\/infobric.com\/se\/wp-json\/wp\/v2\/types\/page"}],"author":[{"embeddable":true,"href":"https:\/\/infobric.com\/se\/wp-json\/wp\/v2\/users\/37"}],"replies":[{"embeddable":true,"href":"https:\/\/infobric.com\/se\/wp-json\/wp\/v2\/comments?post=2630"}],"version-history":[{"count":0,"href":"https:\/\/infobric.com\/se\/wp-json\/wp\/v2\/pages\/2630\/revisions"}],"up":[{"embeddable":true,"href":"https:\/\/infobric.com\/se\/wp-json\/wp\/v2\/pages\/2618"}],"wp:attachment":[{"href":"https:\/\/infobric.com\/se\/wp-json\/wp\/v2\/media?parent=2630"}],"curies":[{"name":"wp","href":"https:\/\/api.w.org\/{rel}","templated":true}]}}