{"id":2888,"date":"2024-08-08T10:46:43","date_gmt":"2024-08-08T10:46:43","guid":{"rendered":"https:\/\/infobric.se\/equipment-assets\/?page_id=2888"},"modified":"2026-02-17T13:43:07","modified_gmt":"2026-02-17T13:43:07","slug":"guider-elbilsguiden-for-foretag-tack","status":"publish","type":"page","link":"https:\/\/infobric.com\/se\/guider\/elbilsguiden-for-foretag\/tack\/","title":{"rendered":"Elbilsguiden f\u00f6r f\u00f6retag &#8211; tack"},"content":{"rendered":"\t\t<div data-elementor-type=\"wp-page\" data-elementor-id=\"2888\" class=\"elementor elementor-2888\" data-elementor-post-type=\"page\">\n\t\t\t\t<div class=\"elementor-element elementor-element-67b4da0a e-flex e-con-boxed e-con e-parent\" data-id=\"67b4da0a\" data-element_type=\"container\" data-settings=\"{&quot;background_background&quot;:&quot;classic&quot;}\">\n\t\t\t\t\t<div class=\"e-con-inner\">\n\t\t\t\t<div class=\"elementor-element elementor-element-db818a9 elementor-widget elementor-widget-infobric-thank-you\" data-id=\"db818a9\" data-element_type=\"widget\" data-widget_type=\"infobric-thank-you.default\">\n\t\t\t\t<div class=\"elementor-widget-container\">\n\t\t\t        <div class=\"ty-block\">\n            <div class=\"ty-content-wrapper\">\n                <div class=\"ty-content\">\n                    <div class=\"ty-text-wrapper\">\n                        <h1 class=\"ty-headline global-headline global-headline-xl\">\n                            Tack! \ud83e\udd1d Vi har skickat guiden till din mejladress.                        <\/h1>\n                        <p class=\"ty-text global-subheadline global-subheadline-xs\">\n                            Ibland kan det ta n\u00e5gon minut innan du f\u00e5r mejlet. Avvakta g\u00e4rna en liten stund och kontrollera din skr\u00e4ppostmapp om du inte ser mejlet i din inkorg.                        <\/p>\n                    <\/div>\n                    <div class=\"ty-buttons-wrapper\">\n                                                    <a class=\"ib-button-tertiary ib-button-tertiary-dark-bg\" href=\"https:\/\/infobric.com\/se\/plattformar\/\">\n                                <div class=\"ib-button-tertiary-wrapper\">\n                                    <div class=\"ib-button-tertiary-btn-text global-body-button\">Tillbaka till Infobric Fleet<\/div>\n                                    <div class=\"ib-button-tertiary-btn-text-abs global-body-button\">Tillbaka till Infobric Fleet<\/div>\n                                <\/div>\n                            <\/a>\n                                                <a class=\"ib-button-primary\" href=\"https:\/\/infobric.com\/se\/plattformar\/fleet\/#cta\">\n                            <div class=\"ib-button-primary-wrapper\">\n                                <div class=\"ib-button-primary-btn-text global-body-button\">Boka en demo<\/div>\n                                <div class=\"ib-button-primary-btn-text-abs global-body-button\">Boka en demo<\/div>\n                            <\/div>\n                        <\/a>\n                    <\/div>\n                <\/div>\n            <\/div>\n        <\/div>\n        \t\t<\/div>\n\t\t\t\t<\/div>\n\t\t\t\t\t<\/div>\n\t\t\t\t<\/div>\n\t\t<div class=\"elementor-element elementor-element-6f67e0b4 e-flex e-con-boxed e-con e-parent\" data-id=\"6f67e0b4\" data-element_type=\"container\" data-settings=\"{&quot;background_background&quot;:&quot;classic&quot;}\">\n\t\t\t\t\t<div class=\"e-con-inner\">\n\t\t\t\t<div class=\"elementor-element elementor-element-5cb0d8f9 elementor-widget elementor-widget-infobric_read_more\" data-id=\"5cb0d8f9\" data-element_type=\"widget\" data-widget_type=\"infobric_read_more.default\">\n\t\t\t\t<div class=\"elementor-widget-container\">\n\t\t\t        <div class=\"read-more-widget\">\n            <div class=\"read-more-widget-content\">\n                <h4 class=\"global-headline global-headline-l\">Fler l\u00f6sningar fr\u00e5n oss.<\/h4>\n                <div class=\"read-more-wrapper\">\n                                            <div class=\"read-more-post-item\">\n                            <img loading=\"lazy\" width=\"1024\" height=\"528\" src=\"https:\/\/infobric.com\/se\/wp-content\/uploads\/sites\/29\/2025\/12\/Korjournalsguiden25.1_1200x628-1024x528.avif\" class=\"attachment-large size-large\" alt=\"En guide om k\u00f6rjournaler, k\u00f6rjournalsguiden\" loading=\"lazy\" decoding=\"async\" sizes=\"(max-width: 767px) 100vw, 33vw\" srcset=\"https:\/\/infobric.com\/se\/wp-content\/uploads\/sites\/29\/2025\/12\/Korjournalsguiden25.1_1200x628-1024x528.avif 1024w, https:\/\/infobric.com\/se\/wp-content\/uploads\/sites\/29\/2025\/12\/Korjournalsguiden25.1_1200x628-300x155.avif 300w, https:\/\/infobric.com\/se\/wp-content\/uploads\/sites\/29\/2025\/12\/Korjournalsguiden25.1_1200x628-768x396.avif 768w, https:\/\/infobric.com\/se\/wp-content\/uploads\/sites\/29\/2025\/12\/Korjournalsguiden25.1_1200x628-600x309.avif 600w, https:\/\/infobric.com\/se\/wp-content\/uploads\/sites\/29\/2025\/12\/Korjournalsguiden25.1_1200x628.avif 1164w\" \/>                            <div class=\"read-more-post-item-wrapper\">\n                                <div class=\"read-more-post-item-text-wrapper\">\n                                    <h6 class=\"global-headline global-headline-xs\">K\u00f6rjournalshandboken<\/h6>\n                                    <p class=\"global-body-light-m\">Allt du beh\u00f6ver veta om\u00a0k\u00f6rjournaler\u00a0och lite till. Ett perfekt underlag till dig som har funderingar kring k\u00f6rjournaler och digitalisering av fordonsparken.<\/p>\n                                <\/div>\n                                <a class=\"ib-button-link ib-button-link-light-bg global-body-button \" href=\"https:\/\/infobric.com\/se\/guider\/korjournalshandboken\/\"  >\n                                    L\u00e4s mer                                    <svg xmlns=\"http:\/\/www.w3.org\/2000\/svg\" width=\"8\" height=\"11\" viewBox=\"0 0 8 11\" fill=\"none\">\n                                        <path d=\"M2 9.5L6 5.5L2 1.5\" stroke=\"#1D2C38\" stroke-width=\"2.4\" stroke-miterlimit=\"10\" stroke-linecap=\"round\" stroke-linejoin=\"round\"\/>\n                                    <\/svg>\n                                <\/a>\n                            <\/div>\n                        <\/div>\n                                            <div class=\"read-more-post-item\">\n                            <img loading=\"lazy\" width=\"1024\" height=\"683\" src=\"https:\/\/infobric.com\/se\/wp-content\/uploads\/sites\/29\/2025\/10\/Fleet-Management-System-Infobric-2-1024x683.avif\" class=\"attachment-large size-large\" alt=\"\" loading=\"lazy\" decoding=\"async\" sizes=\"(max-width: 767px) 100vw, 33vw\" srcset=\"https:\/\/infobric.com\/se\/wp-content\/uploads\/sites\/29\/2025\/10\/Fleet-Management-System-Infobric-2-1024x683.avif 1024w, https:\/\/infobric.com\/se\/wp-content\/uploads\/sites\/29\/2025\/10\/Fleet-Management-System-Infobric-2-300x200.avif 300w, https:\/\/infobric.com\/se\/wp-content\/uploads\/sites\/29\/2025\/10\/Fleet-Management-System-Infobric-2-768x512.avif 768w, https:\/\/infobric.com\/se\/wp-content\/uploads\/sites\/29\/2025\/10\/Fleet-Management-System-Infobric-2-600x400.avif 600w, https:\/\/infobric.com\/se\/wp-content\/uploads\/sites\/29\/2025\/10\/Fleet-Management-System-Infobric-2.avif 1200w\" \/>                            <div class=\"read-more-post-item-wrapper\">\n                                <div class=\"read-more-post-item-text-wrapper\">\n                                    <h6 class=\"global-headline global-headline-xs\">Fleet management system: d\u00e4rf\u00f6r beh\u00f6ver du ett<\/h6>\n                                    <p class=\"global-body-light-m\">F\u00f6r m\u00e5nga f\u00f6retag \u00e4r fordonsflottan en av de st\u00f6rsta utgifterna. Leasing, br\u00e4nsle, f\u00f6rs\u00e4kringar och service kostar mycket \u2013 och d\u00e4rtill kommer tidskr\u00e4vande administration. Med spridda excelblad, kvitton och manuella k\u00f6rjournaler...<\/p>\n                                <\/div>\n                                <a class=\"ib-button-link ib-button-link-light-bg global-body-button \" href=\"https:\/\/infobric.com\/se\/artiklar\/fleet-management-system\/\"  >\n                                    L\u00e4s mer                                    <svg xmlns=\"http:\/\/www.w3.org\/2000\/svg\" width=\"8\" height=\"11\" viewBox=\"0 0 8 11\" fill=\"none\">\n                                        <path d=\"M2 9.5L6 5.5L2 1.5\" stroke=\"#1D2C38\" stroke-width=\"2.4\" stroke-miterlimit=\"10\" stroke-linecap=\"round\" stroke-linejoin=\"round\"\/>\n                                    <\/svg>\n                                <\/a>\n                            <\/div>\n                        <\/div>\n                                            <div class=\"read-more-post-item\">\n                            <img loading=\"lazy\" width=\"1001\" height=\"750\" src=\"https:\/\/infobric.com\/se\/wp-content\/uploads\/sites\/29\/2025\/11\/fleet_management_infobric_2.jpg\" class=\"attachment-large size-large\" alt=\"Massor av bilar som hanteras via fleet management\" loading=\"lazy\" decoding=\"async\" sizes=\"(max-width: 767px) 100vw, 33vw\" srcset=\"https:\/\/infobric.com\/se\/wp-content\/uploads\/sites\/29\/2025\/11\/fleet_management_infobric_2.jpg 1001w, https:\/\/infobric.com\/se\/wp-content\/uploads\/sites\/29\/2025\/11\/fleet_management_infobric_2-300x225.jpg 300w, https:\/\/infobric.com\/se\/wp-content\/uploads\/sites\/29\/2025\/11\/fleet_management_infobric_2-768x575.jpg 768w, https:\/\/infobric.com\/se\/wp-content\/uploads\/sites\/29\/2025\/11\/fleet_management_infobric_2-600x450.jpg 600w\" \/>                            <div class=\"read-more-post-item-wrapper\">\n                                <div class=\"read-more-post-item-text-wrapper\">\n                                    <h6 class=\"global-headline global-headline-xs\">Vad \u00e4r Fleet Management? Allt du beh\u00f6ver veta<\/h6>\n                                    <p class=\"global-body-light-m\">Fordonsparken \u00e4r ofta en av f\u00f6retagets st\u00f6rsta kostnader. Br\u00e4nsle, leasing, service, f\u00f6rs\u00e4kring och skatter summeras snabbt till stora belopp. Till det kommer administration: k\u00f6rjournaler, reser\u00e4kningar, underh\u00e5ll och lagkrav. Utan struktur...<\/p>\n                                <\/div>\n                                <a class=\"ib-button-link ib-button-link-light-bg global-body-button \" href=\"https:\/\/infobric.com\/se\/artiklar\/vad-ar-fleet-management\/\"  >\n                                    L\u00e4s mer                                    <svg xmlns=\"http:\/\/www.w3.org\/2000\/svg\" width=\"8\" height=\"11\" viewBox=\"0 0 8 11\" fill=\"none\">\n                                        <path d=\"M2 9.5L6 5.5L2 1.5\" stroke=\"#1D2C38\" stroke-width=\"2.4\" stroke-miterlimit=\"10\" stroke-linecap=\"round\" stroke-linejoin=\"round\"\/>\n                                    <\/svg>\n                                <\/a>\n                            <\/div>\n                        <\/div>\n                                    <\/div>\n            <\/div>\n        <\/div>\n        \t\t<\/div>\n\t\t\t\t<\/div>\n\t\t\t\t\t<\/div>\n\t\t\t\t<\/div>\n\t\t\t\t<\/div>\n\t\t","protected":false},"excerpt":{"rendered":"<p>Tack! \ud83e\udd1d Vi har skickat guiden till din mejladress. Ibland kan det ta n\u00e5gon minut innan du f\u00e5r mejlet. Avvakta g\u00e4rna en liten stund och kontrollera din skr\u00e4ppostmapp om du inte ser mejlet i din inkorg. Tillbaka till Infobric Fleet Tillbaka till Infobric Fleet Boka&#8230;<\/p>\n","protected":false},"author":25,"featured_media":0,"parent":0,"menu_order":0,"comment_status":"closed","ping_status":"closed","template":"","meta":{"_acf_changed":false,"footnotes":""},"acf":[],"yoast_head":"<!-- This site is optimized with the Yoast SEO Premium plugin v22.5 (Yoast SEO v22.5) - https:\/\/yoast.com\/wordpress\/plugins\/seo\/ -->\n<title>Elbilsguiden f\u00f6r f\u00f6retag - tack | Infobric<\/title>\n<meta name=\"robots\" content=\"index, follow, max-snippet:-1, max-image-preview:large, max-video-preview:-1\" \/>\n<link rel=\"canonical\" href=\"https:\/\/infobric.com\/se\/guider\/elbilsguiden-for-foretag\/tack\/\" \/>\n<meta property=\"og:locale\" content=\"sv_SE\" \/>\n<meta property=\"og:type\" content=\"article\" \/>\n<meta property=\"og:title\" content=\"Elbilsguiden f\u00f6r f\u00f6retag - tack\" \/>\n<meta property=\"og:description\" content=\"Tack! \ud83e\udd1d Vi har skickat guiden till din mejladress. Ibland kan det ta n\u00e5gon minut innan du f\u00e5r mejlet. Avvakta g\u00e4rna en liten stund och kontrollera din skr\u00e4ppostmapp om du inte ser mejlet i din inkorg. Tillbaka till Infobric Fleet Tillbaka till Infobric Fleet Boka...\" \/>\n<meta property=\"og:url\" content=\"https:\/\/infobric.com\/se\/guider\/elbilsguiden-for-foretag\/tack\/\" \/>\n<meta property=\"og:site_name\" content=\"Sweden\" \/>\n<meta property=\"article:modified_time\" content=\"2026-02-17T13:43:07+00:00\" \/>\n<meta property=\"og:image\" content=\"https:\/\/infobric.com\/wp-content\/uploads\/2024\/09\/INFOBRIC_B2A2720-WEBB.jpg\" \/>\n<meta name=\"twitter:card\" content=\"summary_large_image\" \/>\n<script type=\"application\/ld+json\" class=\"yoast-schema-graph\">{\"@context\":\"https:\/\/schema.org\",\"@graph\":[{\"@type\":\"WebPage\",\"@id\":\"https:\/\/infobric.com\/se\/guider\/elbilsguiden-for-foretag\/tack\/\",\"url\":\"https:\/\/infobric.com\/se\/guider\/elbilsguiden-for-foretag\/tack\/\",\"name\":\"Elbilsguiden f\u00f6r f\u00f6retag - tack | Infobric\",\"isPartOf\":{\"@id\":\"https:\/\/infobric.com\/se\/#website\"},\"primaryImageOfPage\":{\"@id\":\"https:\/\/infobric.com\/se\/guider\/elbilsguiden-for-foretag\/tack\/#primaryimage\"},\"image\":{\"@id\":\"https:\/\/infobric.com\/se\/guider\/elbilsguiden-for-foretag\/tack\/#primaryimage\"},\"thumbnailUrl\":\"https:\/\/infobric.com\/wp-content\/uploads\/2024\/09\/INFOBRIC_B2A2720-WEBB.jpg\",\"datePublished\":\"2024-08-08T10:46:43+00:00\",\"dateModified\":\"2026-02-17T13:43:07+00:00\",\"breadcrumb\":{\"@id\":\"https:\/\/infobric.com\/se\/guider\/elbilsguiden-for-foretag\/tack\/#breadcrumb\"},\"inLanguage\":\"sv-SE\",\"potentialAction\":[{\"@type\":\"ReadAction\",\"target\":[\"https:\/\/infobric.com\/se\/guider\/elbilsguiden-for-foretag\/tack\/\"]}]},{\"@type\":\"ImageObject\",\"inLanguage\":\"sv-SE\",\"@id\":\"https:\/\/infobric.com\/se\/guider\/elbilsguiden-for-foretag\/tack\/#primaryimage\",\"url\":\"https:\/\/infobric.com\/wp-content\/uploads\/2024\/09\/INFOBRIC_B2A2720-WEBB.jpg\",\"contentUrl\":\"https:\/\/infobric.com\/wp-content\/uploads\/2024\/09\/INFOBRIC_B2A2720-WEBB.jpg\"},{\"@type\":\"BreadcrumbList\",\"@id\":\"https:\/\/infobric.com\/se\/guider\/elbilsguiden-for-foretag\/tack\/#breadcrumb\",\"itemListElement\":[{\"@type\":\"ListItem\",\"position\":1,\"name\":\"Home\",\"item\":\"https:\/\/infobric.com\/se\/\"},{\"@type\":\"ListItem\",\"position\":2,\"name\":\"Elbilsguiden f\u00f6r f\u00f6retag - tack\"}]},{\"@type\":\"WebSite\",\"@id\":\"https:\/\/infobric.com\/se\/#website\",\"url\":\"https:\/\/infobric.com\/se\/\",\"name\":\"Sweden\",\"description\":\"\",\"alternateName\":\"infobric SE\",\"potentialAction\":[{\"@type\":\"SearchAction\",\"target\":{\"@type\":\"EntryPoint\",\"urlTemplate\":\"https:\/\/infobric.com\/se\/?s={search_term_string}\"},\"query-input\":\"required name=search_term_string\"}],\"inLanguage\":\"sv-SE\"},{\"@type\":\"ImageObject\",\"inLanguage\":\"sv-SE\",\"@id\":\"https:\/\/infobric.com\/se\/guider\/elbilsguiden-for-foretag\/tack\/#local-main-organization-logo\",\"url\":\"\",\"contentUrl\":\"\",\"caption\":\"Infobric\"}]}<\/script>\n<!-- \/ Yoast SEO Premium plugin. -->","yoast_head_json":{"title":"Elbilsguiden f\u00f6r f\u00f6retag - tack | Infobric","robots":{"index":"index","follow":"follow","max-snippet":"max-snippet:-1","max-image-preview":"max-image-preview:large","max-video-preview":"max-video-preview:-1"},"canonical":"https:\/\/infobric.com\/se\/guider\/elbilsguiden-for-foretag\/tack\/","og_locale":"sv_SE","og_type":"article","og_title":"Elbilsguiden f\u00f6r f\u00f6retag - tack","og_description":"Tack! \ud83e\udd1d Vi har skickat guiden till din mejladress. Ibland kan det ta n\u00e5gon minut innan du f\u00e5r mejlet. Avvakta g\u00e4rna en liten stund och kontrollera din skr\u00e4ppostmapp om du inte ser mejlet i din inkorg. Tillbaka till Infobric Fleet Tillbaka till Infobric Fleet Boka...","og_url":"https:\/\/infobric.com\/se\/guider\/elbilsguiden-for-foretag\/tack\/","og_site_name":"Sweden","article_modified_time":"2026-02-17T13:43:07+00:00","og_image":[{"url":"https:\/\/infobric.com\/wp-content\/uploads\/2024\/09\/INFOBRIC_B2A2720-WEBB.jpg"}],"twitter_card":"summary_large_image","schema":{"@context":"https:\/\/schema.org","@graph":[{"@type":"WebPage","@id":"https:\/\/infobric.com\/se\/guider\/elbilsguiden-for-foretag\/tack\/","url":"https:\/\/infobric.com\/se\/guider\/elbilsguiden-for-foretag\/tack\/","name":"Elbilsguiden f\u00f6r f\u00f6retag - tack | Infobric","isPartOf":{"@id":"https:\/\/infobric.com\/se\/#website"},"primaryImageOfPage":{"@id":"https:\/\/infobric.com\/se\/guider\/elbilsguiden-for-foretag\/tack\/#primaryimage"},"image":{"@id":"https:\/\/infobric.com\/se\/guider\/elbilsguiden-for-foretag\/tack\/#primaryimage"},"thumbnailUrl":"https:\/\/infobric.com\/wp-content\/uploads\/2024\/09\/INFOBRIC_B2A2720-WEBB.jpg","datePublished":"2024-08-08T10:46:43+00:00","dateModified":"2026-02-17T13:43:07+00:00","breadcrumb":{"@id":"https:\/\/infobric.com\/se\/guider\/elbilsguiden-for-foretag\/tack\/#breadcrumb"},"inLanguage":"sv-SE","potentialAction":[{"@type":"ReadAction","target":["https:\/\/infobric.com\/se\/guider\/elbilsguiden-for-foretag\/tack\/"]}]},{"@type":"ImageObject","inLanguage":"sv-SE","@id":"https:\/\/infobric.com\/se\/guider\/elbilsguiden-for-foretag\/tack\/#primaryimage","url":"https:\/\/infobric.com\/wp-content\/uploads\/2024\/09\/INFOBRIC_B2A2720-WEBB.jpg","contentUrl":"https:\/\/infobric.com\/wp-content\/uploads\/2024\/09\/INFOBRIC_B2A2720-WEBB.jpg"},{"@type":"BreadcrumbList","@id":"https:\/\/infobric.com\/se\/guider\/elbilsguiden-for-foretag\/tack\/#breadcrumb","itemListElement":[{"@type":"ListItem","position":1,"name":"Home","item":"https:\/\/infobric.com\/se\/"},{"@type":"ListItem","position":2,"name":"Elbilsguiden f\u00f6r f\u00f6retag - tack"}]},{"@type":"WebSite","@id":"https:\/\/infobric.com\/se\/#website","url":"https:\/\/infobric.com\/se\/","name":"Sweden","description":"","alternateName":"infobric SE","potentialAction":[{"@type":"SearchAction","target":{"@type":"EntryPoint","urlTemplate":"https:\/\/infobric.com\/se\/?s={search_term_string}"},"query-input":"required name=search_term_string"}],"inLanguage":"sv-SE"},{"@type":"ImageObject","inLanguage":"sv-SE","@id":"https:\/\/infobric.com\/se\/guider\/elbilsguiden-for-foretag\/tack\/#local-main-organization-logo","url":"","contentUrl":"","caption":"Infobric"}]}},"_links":{"self":[{"href":"https:\/\/infobric.com\/se\/wp-json\/wp\/v2\/pages\/2888"}],"collection":[{"href":"https:\/\/infobric.com\/se\/wp-json\/wp\/v2\/pages"}],"about":[{"href":"https:\/\/infobric.com\/se\/wp-json\/wp\/v2\/types\/page"}],"author":[{"embeddable":true,"href":"https:\/\/infobric.com\/se\/wp-json\/wp\/v2\/users\/25"}],"replies":[{"embeddable":true,"href":"https:\/\/infobric.com\/se\/wp-json\/wp\/v2\/comments?post=2888"}],"version-history":[{"count":4,"href":"https:\/\/infobric.com\/se\/wp-json\/wp\/v2\/pages\/2888\/revisions"}],"predecessor-version":[{"id":17309,"href":"https:\/\/infobric.com\/se\/wp-json\/wp\/v2\/pages\/2888\/revisions\/17309"}],"wp:attachment":[{"href":"https:\/\/infobric.com\/se\/wp-json\/wp\/v2\/media?parent=2888"}],"curies":[{"name":"wp","href":"https:\/\/api.w.org\/{rel}","templated":true}]}}