{"id":29492,"date":"2026-04-27T11:45:57","date_gmt":"2026-04-27T11:45:57","guid":{"rendered":"https:\/\/infobric.com\/se\/?page_id=29492"},"modified":"2026-04-27T18:16:01","modified_gmt":"2026-04-27T18:16:01","slug":"byggherrevyn","status":"publish","type":"page","link":"https:\/\/infobric.com\/se\/produkter\/connect\/byggherrevyn\/","title":{"rendered":"Byggherrevyn"},"content":{"rendered":"\t\t<div data-elementor-type=\"wp-page\" data-elementor-id=\"29492\" class=\"elementor elementor-29492\" data-elementor-post-type=\"page\">\n\t\t\t\t<div class=\"elementor-element elementor-element-716f4fd e-flex e-con-boxed e-con e-parent\" data-id=\"716f4fd\" data-element_type=\"container\">\n\t\t\t\t\t<div class=\"e-con-inner\">\n\t\t\t\t<div class=\"elementor-element elementor-element-f36d6ab elementor-widget elementor-widget-byggherrevyn-form-v3\" data-id=\"f36d6ab\" data-element_type=\"widget\" data-widget_type=\"byggherrevyn-form-v3.default\">\n\t\t\t\t<div class=\"elementor-widget-container\">\n\t\t\t\t\t<div class=\"bbhv-form-wrapper-v2\" id=\"bbhv-wrapper-f36d6ab\">\n\n\t\t\t\t\t\t\t<h2 class=\"bbhv-form-title-v2\">Aktivera Byggherrevyn<\/h2>\n\t\t\t\n\t\t\t\t\t\t\t<p class=\"bbhv-form-subtitle-v2\">Fyll i formul\u00e4ret nedan f\u00f6r att ge din best\u00e4llare tillg\u00e5ng till Byggherrevyn. Best\u00e4llaren f\u00e5r d\u00e5 insyn i leverant\u00f6rskedjan och kan f\u00f6lja upp status i realtid.<\/p>\n\t\t\t\n\t\t\t<form id=\"bbhv-form-v2-f36d6ab\" class=\"bbhv-form-v2\" data-widget-id=\"f36d6ab\">\n\n\t\t\t\t<!-- PROGRESS BAR -->\n\t\t\t\t<div class=\"bbhv-progress-bar-v2\">\n\t\t\t\t\t<div class=\"bbhv-progress-track\">\n\t\t\t\t\t\t<div class=\"bbhv-progress-fill\" id=\"bbhv-progress-fill-f36d6ab\" style=\"width: 33%\"><\/div>\n\t\t\t\t\t<\/div>\n\t\t\t\t\t<div class=\"bbhv-progress-steps\">\n\t\t\t\t\t\t<div class=\"bbhv-step-indicator bbhv-step-active\" data-step=\"1\">\n\t\t\t\t\t\t\t<span class=\"bbhv-step-number\">1<\/span>\n\t\t\t\t\t\t\t<span class=\"bbhv-step-label\">Entrepren\u00f6ren<\/span>\n\t\t\t\t\t\t<\/div>\n\t\t\t\t\t\t<div class=\"bbhv-step-indicator\" data-step=\"2\">\n\t\t\t\t\t\t\t<span class=\"bbhv-step-number\">2<\/span>\n\t\t\t\t\t\t\t<span class=\"bbhv-step-label\">Projektet<\/span>\n\t\t\t\t\t\t<\/div>\n\t\t\t\t\t\t<div class=\"bbhv-step-indicator\" data-step=\"3\">\n\t\t\t\t\t\t\t<span class=\"bbhv-step-number\">3<\/span>\n\t\t\t\t\t\t\t<span class=\"bbhv-step-label\">Bekr\u00e4ftelse<\/span>\n\t\t\t\t\t\t<\/div>\n\t\t\t\t\t<\/div>\n\t\t\t\t<\/div>\n\n\t\t\t\t\t\t\t\t\t<div class=\"bbhv-step-container\" data-step=\"1\" >\n\t\t\t\t\t\t<div class=\"bbhv-card-v2\">\n\t\t\t\t\t\t\t<h3 class=\"bbhv-card-title-v2\">Uppgifter om entrepren\u00f6ren<\/h3>\t\t\t\t\t\t\n\t\t\t\t\t\t\t\t\t\t\t\t\t\t\t\t\t<div class=\"bbhv-form-instructions\"><h6><strong>S\u00e5 h\u00e4r fungerar det<\/strong><\/h6><p>Som\u00a0<strong>entrepren\u00f6r<\/strong>\u00a0v\u00e4ljer du att dela data fr\u00e5n ditt projekt med din best\u00e4llare. <br \/>Best\u00e4llaren f\u00e5r l\u00e4sr\u00e4ttighet i Byggherrevyn \u2013 de kan se, men inte \u00e4ndra, information i ditt projekt.<br \/>Aktiveringen sker inom\u00a0<strong>3\u20134 arbetsdagar<\/strong>\u00a0efter att formul\u00e4ret \u00e4r signerat och inskickat.<\/p><\/div>\n\t\t\t\t\t\t\t\t\t\t\t\t\t\t\t\t\t\t<div class=\"bbhv-form-grid\">\n\t\t\t\t\t\t\t\t\t\t\t<div class=\"bbhv-form-group \">\n\t\t\t\t<label class=\"bbhv-form-label\">\n\t\t\t\t\tF\u00f6retagsnamn\t\t\t\t\t\t\t\t\t\t\t<span class=\"bbhv-required\">*<\/span>\n\t\t\t\t\t\t\t\t\t<\/label>\n\t\t\t\t<input type=\"text\" name=\"company_name\" class=\"bbhv-form-input\" placeholder=\"AB Byggen Sverige\" required>\n\t\t\t\t<span class=\"bbhv-error-msg\"><\/span>\n\t\t\t\t\t\t\t<\/div>\n\t\t\t\t\t\t<div class=\"bbhv-form-group \">\n\t\t\t\t<label class=\"bbhv-form-label\">\n\t\t\t\t\tOrganisationsnummer\t\t\t\t\t\t\t\t\t\t\t<span class=\"bbhv-required\">*<\/span>\n\t\t\t\t\t\t\t\t\t<\/label>\n\t\t\t\t<input type=\"text\" name=\"org_nr\" class=\"bbhv-form-input\" placeholder=\"556XXX-XXXX\" required>\n\t\t\t\t<span class=\"bbhv-error-msg\"><\/span>\n\t\t\t\t\t\t\t<\/div>\n\t\t\t\t\t\t<div class=\"bbhv-form-group \">\n\t\t\t\t<label class=\"bbhv-form-label\">\n\t\t\t\t\tKontaktperson\t\t\t\t\t\t\t\t\t\t\t<span class=\"bbhv-required\">*<\/span>\n\t\t\t\t\t\t\t\t\t<\/label>\n\t\t\t\t<input type=\"text\" name=\"contact_name\" class=\"bbhv-form-input\" placeholder=\"F\u00f6rnamn Efternamn\" required>\n\t\t\t\t<span class=\"bbhv-error-msg\"><\/span>\n\t\t\t\t\t\t\t<\/div>\n\t\t\t\t\t\t<div class=\"bbhv-form-group \">\n\t\t\t\t<label class=\"bbhv-form-label\">\n\t\t\t\t\tBefattning \/ roll\t\t\t\t\t\t\t\t\t\t\t<span class=\"bbhv-required\">*<\/span>\n\t\t\t\t\t\t\t\t\t<\/label>\n\t\t\t\t<input type=\"text\" name=\"contact_title\" class=\"bbhv-form-input\" placeholder=\"Projektchef\" required>\n\t\t\t\t<span class=\"bbhv-error-msg\"><\/span>\n\t\t\t\t\t\t\t<\/div>\n\t\t\t\t\t\t<div class=\"bbhv-form-group \">\n\t\t\t\t<label class=\"bbhv-form-label\">\n\t\t\t\t\tE-postadress\t\t\t\t\t\t\t\t\t\t\t<span class=\"bbhv-required\">*<\/span>\n\t\t\t\t\t\t\t\t\t<\/label>\n\t\t\t\t<input type=\"email\" name=\"contact_email\" class=\"bbhv-form-input\" placeholder=\"namn@foretag.se\" required>\n\t\t\t\t<span class=\"bbhv-error-msg\"><\/span>\n\t\t\t\t\t\t\t<\/div>\n\t\t\t\t\t\t<div class=\"bbhv-form-group \">\n\t\t\t\t<label class=\"bbhv-form-label\">\n\t\t\t\t\tTelefon\t\t\t\t\t\t\t\t\t<\/label>\n\t\t\t\t<input type=\"tel\" name=\"contact_phone\" class=\"bbhv-form-input\" placeholder=\"+46 XX XXX XXXX\" >\n\t\t\t\t<span class=\"bbhv-error-msg\"><\/span>\n\t\t\t\t\t\t\t<\/div>\n\t\t\t\t\t\t\t\t\t\t<\/div>\n\n\t\t\t\t\t\t\t<div class=\"bbhv-form-actions\">\n\t\t\t\t\t\t\t\t\n\t\t\t\t\t\t\t\t\t\t\t\t\t\t\t\t\t<button type=\"button\" class=\"bbhv-btn-next\" data-next=\"2\">\n\t\t\t\t\t\t\t\t\t\tN\u00e4sta \u2192\t\t\t\t\t\t\t\t\t<\/button>\n\t\t\t\t\t\t\t\t\n\t\t\t\t\t\t\t\t\t\t\t\t\t\t\t<\/div>\n\t\t\t\t\t\t<\/div>\n\t\t\t\t\t<\/div>\n\t\t\t\t\t\t\t\t\t\t<div class=\"bbhv-step-container\" data-step=\"2\" style=\"display: none;\">\n\t\t\t\t\t\t<div class=\"bbhv-card-v2\">\n\t\t\t\t\t\t\t<h3 class=\"bbhv-card-title-v2\">Projekt<\/h3>\t\t\t\t\t\t\n\t\t\t\t\t\t\t\t\t\t\t\t\t\t\t\t\t\t\t\t\t\t\t\t<div class=\"bbhv-form-grid\">\n\t\t\t\t\t\t\t\t\t\t\t<div class=\"bbhv-form-group \">\n\t\t\t\t<label class=\"bbhv-form-label\">\n\t\t\t\t\tProjektnamn i Infobric\t\t\t\t\t\t\t\t\t\t\t<span class=\"bbhv-required\">*<\/span>\n\t\t\t\t\t\t\t\t\t<\/label>\n\t\t\t\t<input type=\"text\" name=\"project_name\" class=\"bbhv-form-input\" placeholder=\"T.ex. Kvarteret \u00c4lgen, etapp 2\" required>\n\t\t\t\t<span class=\"bbhv-error-msg\"><\/span>\n\t\t\t\t\t\t\t<\/div>\n\t\t\t\t\t\t<div class=\"bbhv-form-group \">\n\t\t\t\t<label class=\"bbhv-form-label\">\n\t\t\t\t\tProjektnummer i Infobric\t\t\t\t\t\t\t\t\t<\/label>\n\t\t\t\t<input type=\"text\" name=\"project_id\" class=\"bbhv-form-input\" placeholder=\"PRJ-XXXXX\" >\n\t\t\t\t<span class=\"bbhv-error-msg\"><\/span>\n\t\t\t\t\t\t\t<\/div>\n\t\t\t\t\t\t<div class=\"bbhv-form-group \">\n\t\t\t\t<label class=\"bbhv-form-label\">\n\t\t\t\t\tBest\u00e4llarens f\u00f6retagsnamn\t\t\t\t\t\t\t\t\t\t\t<span class=\"bbhv-required\">*<\/span>\n\t\t\t\t\t\t\t\t\t<\/label>\n\t\t\t\t<input type=\"text\" name=\"client_name\" class=\"bbhv-form-input\" placeholder=\"T.ex. Trafikverket\" required>\n\t\t\t\t<span class=\"bbhv-error-msg\"><\/span>\n\t\t\t\t\t\t\t<\/div>\n\t\t\t\t\t\t<div class=\"bbhv-form-group \">\n\t\t\t\t<label class=\"bbhv-form-label\">\n\t\t\t\t\tBest\u00e4llarens organisationsnummer\t\t\t\t\t\t\t\t\t\t\t<span class=\"bbhv-required\">*<\/span>\n\t\t\t\t\t\t\t\t\t<\/label>\n\t\t\t\t<input type=\"text\" name=\"client_org_nr\" class=\"bbhv-form-input\" placeholder=\"556XXX-XXXX\" required>\n\t\t\t\t<span class=\"bbhv-error-msg\"><\/span>\n\t\t\t\t\t\t\t<\/div>\n\t\t\t\t\t\t\t\t\t\t<\/div>\n\n\t\t\t\t\t\t\t<div class=\"bbhv-form-actions\">\n\t\t\t\t\t\t\t\t\t\t\t\t\t\t\t\t\t<button type=\"button\" class=\"bbhv-btn-prev\" data-prev=\"1\">\n\t\t\t\t\t\t\t\t\t\t\u2190 F\u00f6reg\u00e5ende\t\t\t\t\t\t\t\t\t<\/button>\n\t\t\t\t\t\t\t\t\n\t\t\t\t\t\t\t\t\t\t\t\t\t\t\t\t\t<button type=\"button\" class=\"bbhv-btn-next\" data-next=\"3\">\n\t\t\t\t\t\t\t\t\t\tN\u00e4sta \u2192\t\t\t\t\t\t\t\t\t<\/button>\n\t\t\t\t\t\t\t\t\n\t\t\t\t\t\t\t\t\t\t\t\t\t\t\t<\/div>\n\t\t\t\t\t\t<\/div>\n\t\t\t\t\t<\/div>\n\t\t\t\t\t\t\t\t\t\t<div class=\"bbhv-step-container\" data-step=\"3\" style=\"display: none;\">\n\t\t\t\t\t\t<div class=\"bbhv-card-v2\">\n\t\t\t\t\t\t\t<h3 class=\"bbhv-card-title-v2\">Bekr\u00e4ftelse<\/h3>\t\t\t\t\t\t\n\t\t\t\t\t\t\t\t\t\t\t\t\t\t\t\t\t\t\t\t\t\t\t\t<div class=\"bbhv-form-grid\">\n\t\t\t\t\t\t\t\t\t\t\t<div class=\"bbhv-form-group \">\n\t\t\t\t<label class=\"bbhv-form-label\">\n\t\t\t\t\tF\u00f6retagsnamn (entrepren\u00f6ren)\t\t\t\t\t\t\t\t\t\t\t<span class=\"bbhv-required\">*<\/span>\n\t\t\t\t\t\t\t\t\t<\/label>\n\t\t\t\t<input type=\"text\" name=\"tv_company\" class=\"bbhv-form-input\" placeholder=\"Entrepren\u00f6rens f\u00f6retagsnamn\" required>\n\t\t\t\t<span class=\"bbhv-error-msg\"><\/span>\n\t\t\t\t\t\t\t<\/div>\n\t\t\t\t\t\t<div class=\"bbhv-form-group \">\n\t\t\t\t<label class=\"bbhv-form-label\">\n\t\t\t\t\tProjektnamn\t\t\t\t\t\t\t\t\t\t\t<span class=\"bbhv-required\">*<\/span>\n\t\t\t\t\t\t\t\t\t<\/label>\n\t\t\t\t<input type=\"text\" name=\"tv_project\" class=\"bbhv-form-input\" placeholder=\"Projektets namn\" required>\n\t\t\t\t<span class=\"bbhv-error-msg\"><\/span>\n\t\t\t\t\t\t\t<\/div>\n\t\t\t\t\t\t<div class=\"bbhv-form-group \">\n\t\t\t\t<label class=\"bbhv-form-label\">\n\t\t\t\t\tProjektnummer\t\t\t\t\t\t\t\t\t\t\t<span class=\"bbhv-required\">*<\/span>\n\t\t\t\t\t\t\t\t\t<\/label>\n\t\t\t\t<input type=\"text\" name=\"tv_project_nr\" class=\"bbhv-form-input\" placeholder=\"PRJ-XXXXX\" required>\n\t\t\t\t<span class=\"bbhv-error-msg\"><\/span>\n\t\t\t\t\t\t\t<\/div>\n\t\t\t\t\t\t<div class=\"bbhv-form-group \">\n\t\t\t\t<label class=\"bbhv-form-label\">\n\t\t\t\t\tProjektv\u00e4rde\t\t\t\t\t\t\t\t\t\t\t<span class=\"bbhv-required\">*<\/span>\n\t\t\t\t\t\t\t\t\t<\/label>\n\t\t\t\t<select name=\"tv_project_value\" class=\"bbhv-form-input\" required>\n\t\t\t\t\t<option value=\"\">V\u00e4lj projektv\u00e4rde<\/option>\n\t\t\t\t\t\t\t\t\t\t\t\t<option value=\"0\u20132 mkr\">0\u20132 mkr<\/option>\n\t\t\t\t\t\t\t\t\t\t\t\t\t\t<option value=\"2\u201310 mkr\">2\u201310 mkr<\/option>\n\t\t\t\t\t\t\t\t\t\t\t\t\t\t<option value=\"10\u201325 mkr\">10\u201325 mkr<\/option>\n\t\t\t\t\t\t\t\t\t\t\t\t\t\t<option value=\"25\u201350 mkr\">25\u201350 mkr<\/option>\n\t\t\t\t\t\t\t\t\t\t\t\t\t\t<option value=\"50\u2013100 mkr\">50\u2013100 mkr<\/option>\n\t\t\t\t\t\t\t\t\t\t\t\t\t\t<option value=\"100\u2013200 mkr\">100\u2013200 mkr<\/option>\n\t\t\t\t\t\t\t\t\t\t\t\t\t\t<option value=\"200\u2013500 mkr\">200\u2013500 mkr<\/option>\n\t\t\t\t\t\t\t\t\t\t\t\t\t\t<option value=\"500\u20131000 mkr\">500\u20131000 mkr<\/option>\n\t\t\t\t\t\t\t\t\t\t\t\t\t\t<option value=\"\u00d6ver 1 000 mkr\">\u00d6ver 1 000 mkr<\/option>\n\t\t\t\t\t\t\t\t\t\t\t<\/select>\n\t\t\t\t<span class=\"bbhv-error-msg\"><\/span>\n\t\t\t\t\t\t\t<\/div>\n\t\t\t\t\t\t<div class=\"bbhv-form-group \">\n\t\t\t\t<label class=\"bbhv-form-label\">\n\t\t\t\t\tKontaktperson hos entrepren\u00f6ren\t\t\t\t\t\t\t\t\t\t\t<span class=\"bbhv-required\">*<\/span>\n\t\t\t\t\t\t\t\t\t<\/label>\n\t\t\t\t<input type=\"text\" name=\"tv_contact_name\" class=\"bbhv-form-input\" placeholder=\"\" required>\n\t\t\t\t<span class=\"bbhv-error-msg\"><\/span>\n\t\t\t\t\t\t\t<\/div>\n\t\t\t\t\t\t<div class=\"bbhv-form-group \">\n\t\t\t\t<label class=\"bbhv-form-label\">\n\t\t\t\t\tKontaktpersonens e-post\t\t\t\t\t\t\t\t\t\t\t<span class=\"bbhv-required\">*<\/span>\n\t\t\t\t\t\t\t\t\t<\/label>\n\t\t\t\t<input type=\"email\" name=\"tv_contact_email\" class=\"bbhv-form-input\" placeholder=\"namn@example.com\" required>\n\t\t\t\t<span class=\"bbhv-error-msg\"><\/span>\n\t\t\t\t\t\t\t<\/div>\n\t\t\t\t\t\t<div class=\"bbhv-form-group \">\n\t\t\t\t<label class=\"bbhv-form-label\">\n\t\t\t\t\tBest\u00e4llare\t\t\t\t\t\t\t\t\t\t\t<span class=\"bbhv-required\">*<\/span>\n\t\t\t\t\t\t\t\t\t<\/label>\n\t\t\t\t<input type=\"text\" name=\"tv_client\" class=\"bbhv-form-input\" placeholder=\"T.ex. best\u00e4llarens namn\" required>\n\t\t\t\t<span class=\"bbhv-error-msg\"><\/span>\n\t\t\t\t\t\t\t<\/div>\n\t\t\t\t\t\t<div class=\"bbhv-form-group \">\n\t\t\t\t<label class=\"bbhv-form-label\">\n\t\t\t\t\tKontaktperson hos best\u00e4llare\t\t\t\t\t\t\t\t\t\t\t<span class=\"bbhv-required\">*<\/span>\n\t\t\t\t\t\t\t\t\t<\/label>\n\t\t\t\t<input type=\"text\" name=\"tv_client_contact\" class=\"bbhv-form-input\" placeholder=\"F\u00f6rnamn Efternamn\" required>\n\t\t\t\t<span class=\"bbhv-error-msg\"><\/span>\n\t\t\t\t\t\t\t<\/div>\n\t\t\t\t\t\t<div class=\"bbhv-form-group bbhv-form-group-checkbox \">\n\t\t\t\t<label class=\"bbhv-form-checkbox-label\">\n\t\t\t\t\t<input type=\"checkbox\" name=\"consent_cost\" class=\"bbhv-form-checkbox\" required>\n\t\t\t\t\t<span>Jag accepterar kostnaden enligt prislista<\/span>\n\t\t\t\t<\/label>\n\t\t\t\t<span class=\"bbhv-error-msg\"><\/span>\n\t\t\t\t\t\t\t\t\t<small class=\"bbhv-help-text\">Kostnaden debiteras enligt <a href=\"https:\/\/infobric.com\/se\/infobric-for-byggherrar\/\" target=\"_blank\">prislista<\/a> och \u00e4r baserad p\u00e5 projektv\u00e4rdet ni anm\u00e4lt i Infobric Site. Kostnaden l\u00e4ggs som ett till\u00e4gg p\u00e5 er faktura.<\/small>\n\t\t\t\t\t\t\t<\/div>\n\t\t\t\t\t\t\t\t\t\t<\/div>\n\n\t\t\t\t\t\t\t<div class=\"bbhv-form-actions\">\n\t\t\t\t\t\t\t\t\t\t\t\t\t\t\t\t\t<button type=\"button\" class=\"bbhv-btn-prev\" data-prev=\"2\">\n\t\t\t\t\t\t\t\t\t\t\u2190 F\u00f6reg\u00e5ende\t\t\t\t\t\t\t\t\t<\/button>\n\t\t\t\t\t\t\t\t\n\t\t\t\t\t\t\t\t\n\t\t\t\t\t\t\t\t\t\t\t\t\t\t\t\t\t\t\t\t\t\t\t\t\t\t<button type=\"submit\" class=\"bbhv-btn-submit\">\n\t\t\t\t\t\t\t\t\t\tSkicka Ans\u00f6kan\t\t\t\t\t\t\t\t\t<\/button>\n\t\t\t\t\t\t\t\t\t\t\t\t\t\t\t<\/div>\n\t\t\t\t\t\t<\/div>\n\t\t\t\t\t<\/div>\n\t\t\t\t\t\n\t\t\t\t<input type=\"hidden\" id=\"bbhv_nonce\" name=\"bbhv_nonce\" value=\"6d6fd5a8e0\" \/><input type=\"hidden\" name=\"_wp_http_referer\" value=\"\/se\/wp-json\/wp\/v2\/pages\/29492\" \/>\t\t\t<\/form>\n\n\t\t\t<!-- SUCCESS STATE -->\n\t\t\t<div class=\"bbhv-success-state\" style=\"display: none;\">\n\t\t\t\t\t\t\t\t\t<lottie-player \n\t\t\t\t\t\tid=\"bbhv-lottie-f36d6ab\" \n\t\t\t\t\t\tsrc=\"https:\/\/infobric.com\/se\/wp-content\/themes\/infobric-theme-v2\/custom-widgets\/byggherrevyn-form-widget\/successfull.json\"\n\t\t\t\t\t\tbackground=\"transparent\"\n\t\t\t\t\t\tspeed=\"1\"\n\t\t\t\t\t\tstyle=\"width: 180px; height: 180px; margin: 0 auto;\"\n\t\t\t\t\t\tcount=\"1\">\n\t\t\t\t\t<\/lottie-player>\n\t\t\t\t\t\t\t\t<h2 class=\"bbhv-success-title\">\n\t\t\t\t\tTack f\u00f6r din ans\u00f6kan!\t\t\t\t<\/h2>\n\t\t\t\t<p class=\"bbhv-success-message\">\n\t\t\t\t\tDin aktiveringsf\u00f6rfr\u00e5gan har mottagits. Din beg\u00e4ran behandlas av Infobric inom 3\u20134 arbetsdagar. Du bekr\u00e4ftar villkoren ovan med din inl\u00e4mning. Formul\u00e4ret fungerar som din digitala signatur och instruktion till Infobric.\t\t\t\t<\/p>\n\t\t\t<\/div>\n\t\t<\/div>\n\t\t\t\t<\/div>\n\t\t\t\t\t<\/div>\n\t\t\t\t<\/div>\n\t\t\t\t<\/div>\n\t\t","protected":false},"excerpt":{"rendered":"<p>Aktivera Byggherrevyn Fyll i formul\u00e4ret nedan f\u00f6r att ge din best\u00e4llare tillg\u00e5ng till Byggherrevyn. Best\u00e4llaren f\u00e5r d\u00e5 insyn i leverant\u00f6rskedjan och kan f\u00f6lja upp status i realtid. 1 Entrepren\u00f6ren 2 Projektet 3 Bekr\u00e4ftelse Uppgifter om entrepren\u00f6ren S\u00e5 h\u00e4r fungerar det Som\u00a0entrepren\u00f6r\u00a0v\u00e4ljer du att dela data&#8230;<\/p>\n","protected":false},"author":57,"featured_media":0,"parent":2057,"menu_order":0,"comment_status":"closed","ping_status":"closed","template":"","meta":{"_acf_changed":false,"footnotes":""},"acf":[],"yoast_head":"<!-- This site is optimized with the Yoast SEO Premium plugin v22.5 (Yoast SEO v22.5) - https:\/\/yoast.com\/wordpress\/plugins\/seo\/ -->\n<title>Byggherrevyn | Infobric<\/title>\n<meta name=\"robots\" content=\"index, follow, max-snippet:-1, max-image-preview:large, max-video-preview:-1\" \/>\n<link rel=\"canonical\" href=\"https:\/\/infobric.com\/se\/produkter\/connect\/byggherrevyn\/\" \/>\n<meta property=\"og:locale\" content=\"sv_SE\" \/>\n<meta property=\"og:type\" content=\"article\" \/>\n<meta property=\"og:title\" content=\"Byggherrevyn\" \/>\n<meta property=\"og:description\" content=\"Aktivera Byggherrevyn Fyll i formul\u00e4ret nedan f\u00f6r att ge din best\u00e4llare tillg\u00e5ng till Byggherrevyn. Best\u00e4llaren f\u00e5r d\u00e5 insyn i leverant\u00f6rskedjan och kan f\u00f6lja upp status i realtid. 1 Entrepren\u00f6ren 2 Projektet 3 Bekr\u00e4ftelse Uppgifter om entrepren\u00f6ren S\u00e5 h\u00e4r fungerar det Som\u00a0entrepren\u00f6r\u00a0v\u00e4ljer du att dela data...\" \/>\n<meta property=\"og:url\" content=\"https:\/\/infobric.com\/se\/produkter\/connect\/byggherrevyn\/\" \/>\n<meta property=\"og:site_name\" content=\"Sweden\" \/>\n<meta property=\"article:modified_time\" content=\"2026-04-27T18:16:01+00:00\" \/>\n<meta name=\"twitter:card\" content=\"summary_large_image\" \/>\n<script type=\"application\/ld+json\" class=\"yoast-schema-graph\">{\"@context\":\"https:\/\/schema.org\",\"@graph\":[{\"@type\":\"WebPage\",\"@id\":\"https:\/\/infobric.com\/se\/produkter\/connect\/byggherrevyn\/\",\"url\":\"https:\/\/infobric.com\/se\/produkter\/connect\/byggherrevyn\/\",\"name\":\"Byggherrevyn | Infobric\",\"isPartOf\":{\"@id\":\"https:\/\/infobric.com\/se\/#website\"},\"datePublished\":\"2026-04-27T11:45:57+00:00\",\"dateModified\":\"2026-04-27T18:16:01+00:00\",\"breadcrumb\":{\"@id\":\"https:\/\/infobric.com\/se\/produkter\/connect\/byggherrevyn\/#breadcrumb\"},\"inLanguage\":\"sv-SE\",\"potentialAction\":[{\"@type\":\"ReadAction\",\"target\":[\"https:\/\/infobric.com\/se\/produkter\/connect\/byggherrevyn\/\"]}]},{\"@type\":\"BreadcrumbList\",\"@id\":\"https:\/\/infobric.com\/se\/produkter\/connect\/byggherrevyn\/#breadcrumb\",\"itemListElement\":[{\"@type\":\"ListItem\",\"position\":1,\"name\":\"Home\",\"item\":\"https:\/\/infobric.com\/se\/\"},{\"@type\":\"ListItem\",\"position\":2,\"name\":\"Produkter\",\"item\":\"https:\/\/infobric.com\/se\/produkter\/\"},{\"@type\":\"ListItem\",\"position\":3,\"name\":\"Infobric Connect\",\"item\":\"https:\/\/infobric.com\/se\/produkter\/connect\/\"},{\"@type\":\"ListItem\",\"position\":4,\"name\":\"Byggherrevyn\"}]},{\"@type\":\"WebSite\",\"@id\":\"https:\/\/infobric.com\/se\/#website\",\"url\":\"https:\/\/infobric.com\/se\/\",\"name\":\"Sweden\",\"description\":\"\",\"alternateName\":\"infobric SE\",\"potentialAction\":[{\"@type\":\"SearchAction\",\"target\":{\"@type\":\"EntryPoint\",\"urlTemplate\":\"https:\/\/infobric.com\/se\/?s={search_term_string}\"},\"query-input\":\"required name=search_term_string\"}],\"inLanguage\":\"sv-SE\"},{\"@type\":\"ImageObject\",\"inLanguage\":\"sv-SE\",\"@id\":\"https:\/\/infobric.com\/se\/produkter\/connect\/byggherrevyn\/#local-main-organization-logo\",\"url\":\"\",\"contentUrl\":\"\",\"caption\":\"Infobric\"}]}<\/script>\n<!-- \/ Yoast SEO Premium plugin. -->","yoast_head_json":{"title":"Byggherrevyn | Infobric","robots":{"index":"index","follow":"follow","max-snippet":"max-snippet:-1","max-image-preview":"max-image-preview:large","max-video-preview":"max-video-preview:-1"},"canonical":"https:\/\/infobric.com\/se\/produkter\/connect\/byggherrevyn\/","og_locale":"sv_SE","og_type":"article","og_title":"Byggherrevyn","og_description":"Aktivera Byggherrevyn Fyll i formul\u00e4ret nedan f\u00f6r att ge din best\u00e4llare tillg\u00e5ng till Byggherrevyn. Best\u00e4llaren f\u00e5r d\u00e5 insyn i leverant\u00f6rskedjan och kan f\u00f6lja upp status i realtid. 1 Entrepren\u00f6ren 2 Projektet 3 Bekr\u00e4ftelse Uppgifter om entrepren\u00f6ren S\u00e5 h\u00e4r fungerar det Som\u00a0entrepren\u00f6r\u00a0v\u00e4ljer du att dela data...","og_url":"https:\/\/infobric.com\/se\/produkter\/connect\/byggherrevyn\/","og_site_name":"Sweden","article_modified_time":"2026-04-27T18:16:01+00:00","twitter_card":"summary_large_image","schema":{"@context":"https:\/\/schema.org","@graph":[{"@type":"WebPage","@id":"https:\/\/infobric.com\/se\/produkter\/connect\/byggherrevyn\/","url":"https:\/\/infobric.com\/se\/produkter\/connect\/byggherrevyn\/","name":"Byggherrevyn | Infobric","isPartOf":{"@id":"https:\/\/infobric.com\/se\/#website"},"datePublished":"2026-04-27T11:45:57+00:00","dateModified":"2026-04-27T18:16:01+00:00","breadcrumb":{"@id":"https:\/\/infobric.com\/se\/produkter\/connect\/byggherrevyn\/#breadcrumb"},"inLanguage":"sv-SE","potentialAction":[{"@type":"ReadAction","target":["https:\/\/infobric.com\/se\/produkter\/connect\/byggherrevyn\/"]}]},{"@type":"BreadcrumbList","@id":"https:\/\/infobric.com\/se\/produkter\/connect\/byggherrevyn\/#breadcrumb","itemListElement":[{"@type":"ListItem","position":1,"name":"Home","item":"https:\/\/infobric.com\/se\/"},{"@type":"ListItem","position":2,"name":"Produkter","item":"https:\/\/infobric.com\/se\/produkter\/"},{"@type":"ListItem","position":3,"name":"Infobric Connect","item":"https:\/\/infobric.com\/se\/produkter\/connect\/"},{"@type":"ListItem","position":4,"name":"Byggherrevyn"}]},{"@type":"WebSite","@id":"https:\/\/infobric.com\/se\/#website","url":"https:\/\/infobric.com\/se\/","name":"Sweden","description":"","alternateName":"infobric SE","potentialAction":[{"@type":"SearchAction","target":{"@type":"EntryPoint","urlTemplate":"https:\/\/infobric.com\/se\/?s={search_term_string}"},"query-input":"required name=search_term_string"}],"inLanguage":"sv-SE"},{"@type":"ImageObject","inLanguage":"sv-SE","@id":"https:\/\/infobric.com\/se\/produkter\/connect\/byggherrevyn\/#local-main-organization-logo","url":"","contentUrl":"","caption":"Infobric"}]}},"_links":{"self":[{"href":"https:\/\/infobric.com\/se\/wp-json\/wp\/v2\/pages\/29492"}],"collection":[{"href":"https:\/\/infobric.com\/se\/wp-json\/wp\/v2\/pages"}],"about":[{"href":"https:\/\/infobric.com\/se\/wp-json\/wp\/v2\/types\/page"}],"author":[{"embeddable":true,"href":"https:\/\/infobric.com\/se\/wp-json\/wp\/v2\/users\/57"}],"replies":[{"embeddable":true,"href":"https:\/\/infobric.com\/se\/wp-json\/wp\/v2\/comments?post=29492"}],"version-history":[{"count":16,"href":"https:\/\/infobric.com\/se\/wp-json\/wp\/v2\/pages\/29492\/revisions"}],"predecessor-version":[{"id":29521,"href":"https:\/\/infobric.com\/se\/wp-json\/wp\/v2\/pages\/29492\/revisions\/29521"}],"up":[{"embeddable":true,"href":"https:\/\/infobric.com\/se\/wp-json\/wp\/v2\/pages\/2057"}],"wp:attachment":[{"href":"https:\/\/infobric.com\/se\/wp-json\/wp\/v2\/media?parent=29492"}],"curies":[{"name":"wp","href":"https:\/\/api.w.org\/{rel}","templated":true}]}}