{"id":3295,"date":"2024-08-13T16:39:30","date_gmt":"2024-08-13T16:39:30","guid":{"rendered":"https:\/\/infobric.se\/equipment-assets\/?page_id=3295"},"modified":"2026-01-29T16:00:59","modified_gmt":"2026-01-29T16:00:59","slug":"tack","status":"publish","type":"page","link":"https:\/\/infobric.com\/se\/produkter\/hyrma\/tack\/","title":{"rendered":"Boka demo &#8211; Rental &#8211; Tack"},"content":{"rendered":"\t\t<div data-elementor-type=\"wp-page\" data-elementor-id=\"3295\" class=\"elementor elementor-3295\" data-elementor-post-type=\"page\">\n\t\t\t\t<div class=\"elementor-element elementor-element-b667bda e-flex e-con-boxed e-con e-parent\" data-id=\"b667bda\" data-element_type=\"container\" data-settings=\"{&quot;background_background&quot;:&quot;classic&quot;}\">\n\t\t\t\t\t<div class=\"e-con-inner\">\n\t\t\t\t<div class=\"elementor-element elementor-element-dccca26 elementor-widget elementor-widget-infobric-thank-you\" data-id=\"dccca26\" data-element_type=\"widget\" data-widget_type=\"infobric-thank-you.default\">\n\t\t\t\t<div class=\"elementor-widget-container\">\n\t\t\t        <div class=\"ty-block\">\n            <div class=\"ty-content-wrapper\">\n                <div class=\"ty-content\">\n                    <div class=\"ty-text-wrapper\">\n                        <h1 class=\"ty-headline global-headline global-headline-xl\">\n                            Vi h\u00f6rs snart! \ud83e\ude87                        <\/h1>\n                        <p class=\"ty-text global-subheadline global-subheadline-xs\">\n                            Vi h\u00f6r av oss inom kort f\u00f6r att boka en tid som passar dig.                        <\/p>\n                    <\/div>\n                    <div class=\"ty-buttons-wrapper\">\n                                                <a class=\"ib-button-primary\" href=\"https:\/\/infobric.com\/se\/plattformar\/hyrma\/\">\n                            <div class=\"ib-button-primary-wrapper\">\n                                <div class=\"ib-button-primary-btn-text global-body-button\">Tillbaka till Infobric Hyrma<\/div>\n                                <div class=\"ib-button-primary-btn-text-abs global-body-button\">Tillbaka till Infobric Hyrma<\/div>\n                            <\/div>\n                        <\/a>\n                    <\/div>\n                <\/div>\n            <\/div>\n        <\/div>\n        \t\t<\/div>\n\t\t\t\t<\/div>\n\t\t\t\t\t<\/div>\n\t\t\t\t<\/div>\n\t\t<div class=\"elementor-element elementor-element-485ab01b e-flex e-con-boxed e-con e-parent\" data-id=\"485ab01b\" data-element_type=\"container\" data-settings=\"{&quot;background_background&quot;:&quot;classic&quot;}\">\n\t\t\t\t\t<div class=\"e-con-inner\">\n\t\t\t\t<div class=\"elementor-element elementor-element-125e13f4 elementor-widget elementor-widget-infobric_read_more\" data-id=\"125e13f4\" data-element_type=\"widget\" data-widget_type=\"infobric_read_more.default\">\n\t\t\t\t<div class=\"elementor-widget-container\">\n\t\t\t        <div class=\"read-more-widget\">\n            <div class=\"read-more-widget-content\">\n                <h4 class=\"global-headline global-headline-l\">Fler tj\u00e4nster fr\u00e5n oss.<\/h4>\n                <div class=\"read-more-wrapper\">\n                                            <div class=\"read-more-post-item\">\n                            <img loading=\"lazy\" width=\"758\" height=\"488\" src=\"https:\/\/infobric.com\/se\/wp-content\/uploads\/sites\/29\/2025\/10\/INFOBRIC_B2A2792-WEBB.avif\" class=\"attachment-large size-large\" alt=\"\" loading=\"lazy\" decoding=\"async\" sizes=\"(max-width: 767px) 100vw, 33vw\" srcset=\"https:\/\/infobric.com\/se\/wp-content\/uploads\/sites\/29\/2025\/10\/INFOBRIC_B2A2792-WEBB.avif 758w, https:\/\/infobric.com\/se\/wp-content\/uploads\/sites\/29\/2025\/10\/INFOBRIC_B2A2792-WEBB-300x193.avif 300w, https:\/\/infobric.com\/se\/wp-content\/uploads\/sites\/29\/2025\/10\/INFOBRIC_B2A2792-WEBB-600x386.avif 600w\" \/>                            <div class=\"read-more-post-item-wrapper\">\n                                <div class=\"read-more-post-item-text-wrapper\">\n                                    <h6 class=\"global-headline global-headline-xs\">Infobric Workorder<\/h6>\n                                    <p class=\"global-body-light-m\">Arbetsorderhantering utvecklad f\u00f6r byggbranschen. F\u00e5 b\u00e5de \u00f6versikt och detaljerad insyn i projekten \u2013 fr\u00e5n start till slut. Minska administrationen, f\u00e5 full koll p\u00e5 vinsten och \u00f6ka produktiviteten.<\/p>\n                                <\/div>\n                                <a class=\"ib-button-link ib-button-link-light-bg global-body-button \" href=\"https:\/\/infobric.com\/se\/produkter\/workorder\/\"  >\n                                    L\u00e4s mer                                    <svg xmlns=\"http:\/\/www.w3.org\/2000\/svg\" width=\"8\" height=\"11\" viewBox=\"0 0 8 11\" fill=\"none\">\n                                        <path d=\"M2 9.5L6 5.5L2 1.5\" stroke=\"#1D2C38\" stroke-width=\"2.4\" stroke-miterlimit=\"10\" stroke-linecap=\"round\" stroke-linejoin=\"round\"\/>\n                                    <\/svg>\n                                <\/a>\n                            <\/div>\n                        <\/div>\n                                            <div class=\"read-more-post-item\">\n                            <img loading=\"lazy\" width=\"1024\" height=\"607\" src=\"https:\/\/infobric.com\/se\/wp-content\/uploads\/sites\/29\/2025\/10\/4B9A3057-WEBB-1024x607.avif\" class=\"attachment-large size-large\" alt=\"\" loading=\"lazy\" decoding=\"async\" sizes=\"(max-width: 767px) 100vw, 33vw\" srcset=\"https:\/\/infobric.com\/se\/wp-content\/uploads\/sites\/29\/2025\/10\/4B9A3057-WEBB-1024x607.avif 1024w, https:\/\/infobric.com\/se\/wp-content\/uploads\/sites\/29\/2025\/10\/4B9A3057-WEBB-300x178.avif 300w, https:\/\/infobric.com\/se\/wp-content\/uploads\/sites\/29\/2025\/10\/4B9A3057-WEBB-768x456.avif 768w, https:\/\/infobric.com\/se\/wp-content\/uploads\/sites\/29\/2025\/10\/4B9A3057-WEBB-600x356.avif 600w, https:\/\/infobric.com\/se\/wp-content\/uploads\/sites\/29\/2025\/10\/4B9A3057-WEBB.avif 1352w\" \/>                            <div class=\"read-more-post-item-wrapper\">\n                                <div class=\"read-more-post-item-text-wrapper\">\n                                    <h6 class=\"global-headline global-headline-xs\">Infobric Equipment<\/h6>\n                                    <p class=\"global-body-light-m\">En helhetsl\u00f6sning f\u00f6r full koll p\u00e5 utrustningen. Samla all data om dina maskiner, verktyg och annan utrustning i v\u00e5r digitala plattform f\u00f6r b\u00e4ttre kontroll, \u00f6versikt och effektivitet i din resurshantering...<\/p>\n                                <\/div>\n                                <a class=\"ib-button-link ib-button-link-light-bg global-body-button \" href=\"https:\/\/infobric.com\/se\/produkter\/equipment\/\"  >\n                                    L\u00e4s mer                                    <svg xmlns=\"http:\/\/www.w3.org\/2000\/svg\" width=\"8\" height=\"11\" viewBox=\"0 0 8 11\" fill=\"none\">\n                                        <path d=\"M2 9.5L6 5.5L2 1.5\" stroke=\"#1D2C38\" stroke-width=\"2.4\" stroke-miterlimit=\"10\" stroke-linecap=\"round\" stroke-linejoin=\"round\"\/>\n                                    <\/svg>\n                                <\/a>\n                            <\/div>\n                        <\/div>\n                                            <div class=\"read-more-post-item\">\n                            <img loading=\"lazy\" width=\"758\" height=\"488\" src=\"https:\/\/infobric.com\/se\/wp-content\/uploads\/sites\/29\/2025\/10\/INFOBRIC_B2A2889-WEBB.avif\" class=\"attachment-large size-large\" alt=\"\" loading=\"lazy\" decoding=\"async\" sizes=\"(max-width: 767px) 100vw, 33vw\" srcset=\"https:\/\/infobric.com\/se\/wp-content\/uploads\/sites\/29\/2025\/10\/INFOBRIC_B2A2889-WEBB.avif 758w, https:\/\/infobric.com\/se\/wp-content\/uploads\/sites\/29\/2025\/10\/INFOBRIC_B2A2889-WEBB-300x193.avif 300w, https:\/\/infobric.com\/se\/wp-content\/uploads\/sites\/29\/2025\/10\/INFOBRIC_B2A2889-WEBB-600x386.avif 600w\" \/>                            <div class=\"read-more-post-item-wrapper\">\n                                <div class=\"read-more-post-item-text-wrapper\">\n                                    <h6 class=\"global-headline global-headline-xs\">Infobric Machines<\/h6>\n                                    <p class=\"global-body-light-m\">Med v\u00e5ra l\u00f6sningar f\u00f6r maskiner kan du enkelt \u00f6vervaka n\u00e4r, var och hur dina maskiner anv\u00e4nds. Analysera sedan datan och justera er anv\u00e4ndning d\u00e4refter, och f\u00e5 en effektivare  verksamhet...<\/p>\n                                <\/div>\n                                <a class=\"ib-button-link ib-button-link-light-bg global-body-button \" href=\"https:\/\/infobric.com\/se\/produkter\/machines\/\"  >\n                                    L\u00e4s mer                                    <svg xmlns=\"http:\/\/www.w3.org\/2000\/svg\" width=\"8\" height=\"11\" viewBox=\"0 0 8 11\" fill=\"none\">\n                                        <path d=\"M2 9.5L6 5.5L2 1.5\" stroke=\"#1D2C38\" stroke-width=\"2.4\" stroke-miterlimit=\"10\" stroke-linecap=\"round\" stroke-linejoin=\"round\"\/>\n                                    <\/svg>\n                                <\/a>\n                            <\/div>\n                        <\/div>\n                                    <\/div>\n            <\/div>\n        <\/div>\n        \t\t<\/div>\n\t\t\t\t<\/div>\n\t\t\t\t\t<\/div>\n\t\t\t\t<\/div>\n\t\t\t\t<\/div>\n\t\t","protected":false},"excerpt":{"rendered":"<p>Vi h\u00f6rs snart! \ud83e\ude87 Vi h\u00f6r av oss inom kort f\u00f6r att boka en tid som passar dig. Tillbaka till Infobric Hyrma Tillbaka till Infobric Hyrma Fler tj\u00e4nster fr\u00e5n oss. Infobric Workorder Arbetsorderhantering utvecklad f\u00f6r byggbranschen. F\u00e5 b\u00e5de \u00f6versikt och detaljerad insyn i projekten \u2013&#8230;<\/p>\n","protected":false},"author":25,"featured_media":0,"parent":2195,"menu_order":0,"comment_status":"closed","ping_status":"closed","template":"","meta":{"_acf_changed":false,"footnotes":""},"acf":[],"yoast_head":"<!-- This site is optimized with the Yoast SEO Premium plugin v22.5 (Yoast SEO v22.5) - https:\/\/yoast.com\/wordpress\/plugins\/seo\/ -->\n<title>Boka demo - Rental - Tack | Infobric<\/title>\n<meta name=\"robots\" content=\"index, follow, max-snippet:-1, max-image-preview:large, max-video-preview:-1\" \/>\n<link rel=\"canonical\" href=\"https:\/\/infobric.com\/se\/produkter\/hyrma\/tack\/\" \/>\n<meta property=\"og:locale\" content=\"sv_SE\" \/>\n<meta property=\"og:type\" content=\"article\" \/>\n<meta property=\"og:title\" content=\"Boka demo - Rental - Tack\" \/>\n<meta property=\"og:description\" content=\"Vi h\u00f6rs snart! \ud83e\ude87 Vi h\u00f6r av oss inom kort f\u00f6r att boka en tid som passar dig. Tillbaka till Infobric Hyrma Tillbaka till Infobric Hyrma Fler tj\u00e4nster fr\u00e5n oss. Infobric Workorder Arbetsorderhantering utvecklad f\u00f6r byggbranschen. F\u00e5 b\u00e5de \u00f6versikt och detaljerad insyn i projekten \u2013...\" \/>\n<meta property=\"og:url\" content=\"https:\/\/infobric.com\/se\/produkter\/hyrma\/tack\/\" \/>\n<meta property=\"og:site_name\" content=\"Sweden\" \/>\n<meta property=\"article:modified_time\" content=\"2026-01-29T16:00:59+00:00\" \/>\n<meta property=\"og:image\" content=\"https:\/\/infobric.com\/se\/wp-content\/uploads\/sites\/29\/2025\/10\/INFOBRIC_B2A2792-WEBB.avif\" \/>\n<meta name=\"twitter:card\" content=\"summary_large_image\" \/>\n<script type=\"application\/ld+json\" class=\"yoast-schema-graph\">{\"@context\":\"https:\/\/schema.org\",\"@graph\":[{\"@type\":\"WebPage\",\"@id\":\"https:\/\/infobric.com\/se\/produkter\/hyrma\/tack\/\",\"url\":\"https:\/\/infobric.com\/se\/produkter\/hyrma\/tack\/\",\"name\":\"Boka demo - Rental - Tack | Infobric\",\"isPartOf\":{\"@id\":\"https:\/\/infobric.com\/se\/#website\"},\"primaryImageOfPage\":{\"@id\":\"https:\/\/infobric.com\/se\/produkter\/hyrma\/tack\/#primaryimage\"},\"image\":{\"@id\":\"https:\/\/infobric.com\/se\/produkter\/hyrma\/tack\/#primaryimage\"},\"thumbnailUrl\":\"https:\/\/infobric.com\/se\/wp-content\/uploads\/sites\/29\/2025\/10\/INFOBRIC_B2A2792-WEBB.avif\",\"datePublished\":\"2024-08-13T16:39:30+00:00\",\"dateModified\":\"2026-01-29T16:00:59+00:00\",\"breadcrumb\":{\"@id\":\"https:\/\/infobric.com\/se\/produkter\/hyrma\/tack\/#breadcrumb\"},\"inLanguage\":\"sv-SE\",\"potentialAction\":[{\"@type\":\"ReadAction\",\"target\":[\"https:\/\/infobric.com\/se\/produkter\/hyrma\/tack\/\"]}]},{\"@type\":\"ImageObject\",\"inLanguage\":\"sv-SE\",\"@id\":\"https:\/\/infobric.com\/se\/produkter\/hyrma\/tack\/#primaryimage\",\"url\":\"https:\/\/infobric.com\/se\/wp-content\/uploads\/sites\/29\/2025\/10\/INFOBRIC_B2A2792-WEBB.avif\",\"contentUrl\":\"https:\/\/infobric.com\/se\/wp-content\/uploads\/sites\/29\/2025\/10\/INFOBRIC_B2A2792-WEBB.avif\",\"width\":758,\"height\":488},{\"@type\":\"BreadcrumbList\",\"@id\":\"https:\/\/infobric.com\/se\/produkter\/hyrma\/tack\/#breadcrumb\",\"itemListElement\":[{\"@type\":\"ListItem\",\"position\":1,\"name\":\"Home\",\"item\":\"https:\/\/infobric.com\/se\/\"},{\"@type\":\"ListItem\",\"position\":2,\"name\":\"Produkter\",\"item\":\"https:\/\/infobric.com\/se\/produkter\/\"},{\"@type\":\"ListItem\",\"position\":3,\"name\":\"Infobric Hyrma\",\"item\":\"https:\/\/infobric.com\/se\/produkter\/hyrma\/\"},{\"@type\":\"ListItem\",\"position\":4,\"name\":\"Boka demo &#8211; Rental &#8211; Tack\"}]},{\"@type\":\"WebSite\",\"@id\":\"https:\/\/infobric.com\/se\/#website\",\"url\":\"https:\/\/infobric.com\/se\/\",\"name\":\"Sweden\",\"description\":\"\",\"alternateName\":\"infobric SE\",\"potentialAction\":[{\"@type\":\"SearchAction\",\"target\":{\"@type\":\"EntryPoint\",\"urlTemplate\":\"https:\/\/infobric.com\/se\/?s={search_term_string}\"},\"query-input\":\"required name=search_term_string\"}],\"inLanguage\":\"sv-SE\"},{\"@type\":\"ImageObject\",\"inLanguage\":\"sv-SE\",\"@id\":\"https:\/\/infobric.com\/se\/produkter\/hyrma\/tack\/#local-main-organization-logo\",\"url\":\"\",\"contentUrl\":\"\",\"caption\":\"Infobric\"}]}<\/script>\n<!-- \/ Yoast SEO Premium plugin. -->","yoast_head_json":{"title":"Boka demo - Rental - Tack | Infobric","robots":{"index":"index","follow":"follow","max-snippet":"max-snippet:-1","max-image-preview":"max-image-preview:large","max-video-preview":"max-video-preview:-1"},"canonical":"https:\/\/infobric.com\/se\/produkter\/hyrma\/tack\/","og_locale":"sv_SE","og_type":"article","og_title":"Boka demo - Rental - Tack","og_description":"Vi h\u00f6rs snart! \ud83e\ude87 Vi h\u00f6r av oss inom kort f\u00f6r att boka en tid som passar dig. Tillbaka till Infobric Hyrma Tillbaka till Infobric Hyrma Fler tj\u00e4nster fr\u00e5n oss. Infobric Workorder Arbetsorderhantering utvecklad f\u00f6r byggbranschen. F\u00e5 b\u00e5de \u00f6versikt och detaljerad insyn i projekten \u2013...","og_url":"https:\/\/infobric.com\/se\/produkter\/hyrma\/tack\/","og_site_name":"Sweden","article_modified_time":"2026-01-29T16:00:59+00:00","og_image":[{"url":"https:\/\/infobric.com\/se\/wp-content\/uploads\/sites\/29\/2025\/10\/INFOBRIC_B2A2792-WEBB.avif"}],"twitter_card":"summary_large_image","schema":{"@context":"https:\/\/schema.org","@graph":[{"@type":"WebPage","@id":"https:\/\/infobric.com\/se\/produkter\/hyrma\/tack\/","url":"https:\/\/infobric.com\/se\/produkter\/hyrma\/tack\/","name":"Boka demo - Rental - Tack | Infobric","isPartOf":{"@id":"https:\/\/infobric.com\/se\/#website"},"primaryImageOfPage":{"@id":"https:\/\/infobric.com\/se\/produkter\/hyrma\/tack\/#primaryimage"},"image":{"@id":"https:\/\/infobric.com\/se\/produkter\/hyrma\/tack\/#primaryimage"},"thumbnailUrl":"https:\/\/infobric.com\/se\/wp-content\/uploads\/sites\/29\/2025\/10\/INFOBRIC_B2A2792-WEBB.avif","datePublished":"2024-08-13T16:39:30+00:00","dateModified":"2026-01-29T16:00:59+00:00","breadcrumb":{"@id":"https:\/\/infobric.com\/se\/produkter\/hyrma\/tack\/#breadcrumb"},"inLanguage":"sv-SE","potentialAction":[{"@type":"ReadAction","target":["https:\/\/infobric.com\/se\/produkter\/hyrma\/tack\/"]}]},{"@type":"ImageObject","inLanguage":"sv-SE","@id":"https:\/\/infobric.com\/se\/produkter\/hyrma\/tack\/#primaryimage","url":"https:\/\/infobric.com\/se\/wp-content\/uploads\/sites\/29\/2025\/10\/INFOBRIC_B2A2792-WEBB.avif","contentUrl":"https:\/\/infobric.com\/se\/wp-content\/uploads\/sites\/29\/2025\/10\/INFOBRIC_B2A2792-WEBB.avif","width":758,"height":488},{"@type":"BreadcrumbList","@id":"https:\/\/infobric.com\/se\/produkter\/hyrma\/tack\/#breadcrumb","itemListElement":[{"@type":"ListItem","position":1,"name":"Home","item":"https:\/\/infobric.com\/se\/"},{"@type":"ListItem","position":2,"name":"Produkter","item":"https:\/\/infobric.com\/se\/produkter\/"},{"@type":"ListItem","position":3,"name":"Infobric Hyrma","item":"https:\/\/infobric.com\/se\/produkter\/hyrma\/"},{"@type":"ListItem","position":4,"name":"Boka demo &#8211; Rental &#8211; Tack"}]},{"@type":"WebSite","@id":"https:\/\/infobric.com\/se\/#website","url":"https:\/\/infobric.com\/se\/","name":"Sweden","description":"","alternateName":"infobric SE","potentialAction":[{"@type":"SearchAction","target":{"@type":"EntryPoint","urlTemplate":"https:\/\/infobric.com\/se\/?s={search_term_string}"},"query-input":"required name=search_term_string"}],"inLanguage":"sv-SE"},{"@type":"ImageObject","inLanguage":"sv-SE","@id":"https:\/\/infobric.com\/se\/produkter\/hyrma\/tack\/#local-main-organization-logo","url":"","contentUrl":"","caption":"Infobric"}]}},"_links":{"self":[{"href":"https:\/\/infobric.com\/se\/wp-json\/wp\/v2\/pages\/3295"}],"collection":[{"href":"https:\/\/infobric.com\/se\/wp-json\/wp\/v2\/pages"}],"about":[{"href":"https:\/\/infobric.com\/se\/wp-json\/wp\/v2\/types\/page"}],"author":[{"embeddable":true,"href":"https:\/\/infobric.com\/se\/wp-json\/wp\/v2\/users\/25"}],"replies":[{"embeddable":true,"href":"https:\/\/infobric.com\/se\/wp-json\/wp\/v2\/comments?post=3295"}],"version-history":[{"count":5,"href":"https:\/\/infobric.com\/se\/wp-json\/wp\/v2\/pages\/3295\/revisions"}],"predecessor-version":[{"id":22353,"href":"https:\/\/infobric.com\/se\/wp-json\/wp\/v2\/pages\/3295\/revisions\/22353"}],"up":[{"embeddable":true,"href":"https:\/\/infobric.com\/se\/wp-json\/wp\/v2\/pages\/2195"}],"wp:attachment":[{"href":"https:\/\/infobric.com\/se\/wp-json\/wp\/v2\/media?parent=3295"}],"curies":[{"name":"wp","href":"https:\/\/api.w.org\/{rel}","templated":true}]}}