{"id":3329,"date":"2024-08-14T11:39:54","date_gmt":"2024-08-14T11:39:54","guid":{"rendered":"https:\/\/infobric.se\/equipment-assets\/?page_id=3329"},"modified":"2026-02-25T13:34:09","modified_gmt":"2026-02-25T13:34:09","slug":"resursguiden-tack","status":"publish","type":"page","link":"https:\/\/infobric.com\/se\/guider\/resursguiden\/tack\/","title":{"rendered":"resursguiden &#8211; tack"},"content":{"rendered":"\t\t<div data-elementor-type=\"wp-page\" data-elementor-id=\"3329\" class=\"elementor elementor-3329\" data-elementor-post-type=\"page\">\n\t\t\t\t<div class=\"elementor-element elementor-element-13188689 e-flex e-con-boxed e-con e-parent\" data-id=\"13188689\" data-element_type=\"container\" data-settings=\"{&quot;background_background&quot;:&quot;classic&quot;}\">\n\t\t\t\t\t<div class=\"e-con-inner\">\n\t\t\t\t<div class=\"elementor-element elementor-element-64dc4eb elementor-widget elementor-widget-infobric-thank-you\" data-id=\"64dc4eb\" data-element_type=\"widget\" data-widget_type=\"infobric-thank-you.default\">\n\t\t\t\t<div class=\"elementor-widget-container\">\n\t\t\t        <div class=\"ty-block\">\n            <div class=\"ty-content-wrapper\">\n                <div class=\"ty-content\">\n                    <div class=\"ty-text-wrapper\">\n                        <h1 class=\"ty-headline global-headline global-headline-xl\">\n                            Tack f\u00f6r din nedladdning \ud83c\udf89                        <\/h1>\n                        <p class=\"ty-text global-subheadline global-subheadline-xs\">\n                            Vi har skickat guiden till din mailinkorg. Ibland kan det ta n\u00e5gra minuter f\u00f6r mailet att komma fram. Gl\u00f6m inte att kolla skr\u00e4pposten. Trevlig l\u00e4sning!                        <\/p>\n                    <\/div>\n                    <div class=\"ty-buttons-wrapper\">\n                                                    <a class=\"ib-button-tertiary ib-button-tertiary-dark-bg\" href=\"https:\/\/infobric.com\/se\/produkter\">\n                                <div class=\"ib-button-tertiary-wrapper\">\n                                    <div class=\"ib-button-tertiary-btn-text global-body-button\">G\u00e5 till startsidan<\/div>\n                                    <div class=\"ib-button-tertiary-btn-text-abs global-body-button\">G\u00e5 till startsidan<\/div>\n                                <\/div>\n                            <\/a>\n                                                <a class=\"ib-button-primary\" href=\"https:\/\/infobric.com\/se\/produkter\/workorder\/#cta\">\n                            <div class=\"ib-button-primary-wrapper\">\n                                <div class=\"ib-button-primary-btn-text global-body-button\">Boka demo<\/div>\n                                <div class=\"ib-button-primary-btn-text-abs global-body-button\">Boka demo<\/div>\n                            <\/div>\n                        <\/a>\n                    <\/div>\n                <\/div>\n            <\/div>\n        <\/div>\n        \t\t<\/div>\n\t\t\t\t<\/div>\n\t\t\t\t\t<\/div>\n\t\t\t\t<\/div>\n\t\t<div class=\"elementor-element elementor-element-d16c5e3 e-flex e-con-boxed e-con e-parent\" data-id=\"d16c5e3\" data-element_type=\"container\" data-settings=\"{&quot;background_background&quot;:&quot;classic&quot;}\">\n\t\t\t\t\t<div class=\"e-con-inner\">\n\t\t\t\t<div class=\"elementor-element elementor-element-1060beee elementor-widget elementor-widget-infobric_read_more\" data-id=\"1060beee\" data-element_type=\"widget\" data-widget_type=\"infobric_read_more.default\">\n\t\t\t\t<div class=\"elementor-widget-container\">\n\t\t\t        <div class=\"read-more-widget\">\n            <div class=\"read-more-widget-content\">\n                <h4 class=\"global-headline global-headline-l\">Fler l\u00f6sningar fr\u00e5n oss.<\/h4>\n                <div class=\"read-more-wrapper\">\n                                            <div class=\"read-more-post-item\">\n                            <img loading=\"lazy\" width=\"1024\" height=\"683\" src=\"https:\/\/infobric.com\/se\/wp-content\/uploads\/sites\/29\/2023\/11\/B2A2537-WEBSITE-1024x683.avif\" class=\"attachment-large size-large\" alt=\"\" loading=\"lazy\" decoding=\"async\" sizes=\"(max-width: 767px) 100vw, 33vw\" srcset=\"https:\/\/infobric.com\/se\/wp-content\/uploads\/sites\/29\/2023\/11\/B2A2537-WEBSITE-1024x683.avif 1024w, https:\/\/infobric.com\/se\/wp-content\/uploads\/sites\/29\/2023\/11\/B2A2537-WEBSITE-300x200.avif 300w, https:\/\/infobric.com\/se\/wp-content\/uploads\/sites\/29\/2023\/11\/B2A2537-WEBSITE-768x512.avif 768w, https:\/\/infobric.com\/se\/wp-content\/uploads\/sites\/29\/2023\/11\/B2A2537-WEBSITE-1536x1024.avif 1536w, https:\/\/infobric.com\/se\/wp-content\/uploads\/sites\/29\/2023\/11\/B2A2537-WEBSITE-600x400.avif 600w, https:\/\/infobric.com\/se\/wp-content\/uploads\/sites\/29\/2023\/11\/B2A2537-WEBSITE.avif 2048w\" \/>                            <div class=\"read-more-post-item-wrapper\">\n                                <div class=\"read-more-post-item-text-wrapper\">\n                                    <h6 class=\"global-headline global-headline-xs\">L\u00f6nsamhetsriskerna under l\u00e5gkonjunkturen \u2013 det h\u00e4r ska ni h\u00e5lla utkik efter<\/h6>\n                                    <p class=\"global-body-light-m\">33%. S\u00e5 m\u00e5nga ser f\u00f6rs\u00e4mrad l\u00f6nsamhet som en m\u00f6jlig konsekvens av l\u00e5gkonjunkturen. Av de 3\u00a0225 chefer inom samh\u00e4llsbyggnad som tillfr\u00e5gades av Novus under april och maj 2023 sa ocks\u00e5 en...<\/p>\n                                <\/div>\n                                <a class=\"ib-button-link ib-button-link-light-bg global-body-button \" href=\"https:\/\/infobric.com\/se\/artiklar\/lonsamhetsriskerna-under-lagkonjunkturen-det-har-ska-ni-halla-utkik-efter\/\"  >\n                                    L\u00e4s mer                                    <svg xmlns=\"http:\/\/www.w3.org\/2000\/svg\" width=\"8\" height=\"11\" viewBox=\"0 0 8 11\" fill=\"none\">\n                                        <path d=\"M2 9.5L6 5.5L2 1.5\" stroke=\"#1D2C38\" stroke-width=\"2.4\" stroke-miterlimit=\"10\" stroke-linecap=\"round\" stroke-linejoin=\"round\"\/>\n                                    <\/svg>\n                                <\/a>\n                            <\/div>\n                        <\/div>\n                                            <div class=\"read-more-post-item\">\n                            <img loading=\"lazy\" width=\"1024\" height=\"683\" src=\"https:\/\/infobric.com\/se\/wp-content\/uploads\/sites\/29\/2023\/11\/B2A4461-WEBSITE-1024x683.avif\" class=\"attachment-large size-large\" alt=\"\" loading=\"lazy\" decoding=\"async\" sizes=\"(max-width: 767px) 100vw, 33vw\" srcset=\"https:\/\/infobric.com\/se\/wp-content\/uploads\/sites\/29\/2023\/11\/B2A4461-WEBSITE-1024x683.avif 1024w, https:\/\/infobric.com\/se\/wp-content\/uploads\/sites\/29\/2023\/11\/B2A4461-WEBSITE-300x200.avif 300w, https:\/\/infobric.com\/se\/wp-content\/uploads\/sites\/29\/2023\/11\/B2A4461-WEBSITE-768x512.avif 768w, https:\/\/infobric.com\/se\/wp-content\/uploads\/sites\/29\/2023\/11\/B2A4461-WEBSITE-1536x1024.avif 1536w, https:\/\/infobric.com\/se\/wp-content\/uploads\/sites\/29\/2023\/11\/B2A4461-WEBSITE-600x400.avif 600w, https:\/\/infobric.com\/se\/wp-content\/uploads\/sites\/29\/2023\/11\/B2A4461-WEBSITE.avif 2048w\" \/>                            <div class=\"read-more-post-item-wrapper\">\n                                <div class=\"read-more-post-item-text-wrapper\">\n                                    <h6 class=\"global-headline global-headline-xs\">10 s\u00e4tt att \u00f6ka l\u00f6nsamheten med digital arbetsorderhantering<\/h6>\n                                    <p class=\"global-body-light-m\">Digitaliseringen \u00e4r inte sista strykningen lack p\u00e5 tr\u00e4golvet, den \u00e4r sj\u00e4lva verktygsl\u00e5dan f\u00f6r verksamheten. Hur ska man rent praktiskt ratta r\u00e4tt med ett s\u00e5 brett och grundl\u00e4ggande verktyg som ett...<\/p>\n                                <\/div>\n                                <a class=\"ib-button-link ib-button-link-light-bg global-body-button \" href=\"https:\/\/infobric.com\/se\/artiklar\/10-satt-att-oka-lonsamheten-med-digital-arbetsorderhantering\/\"  >\n                                    L\u00e4s mer                                    <svg xmlns=\"http:\/\/www.w3.org\/2000\/svg\" width=\"8\" height=\"11\" viewBox=\"0 0 8 11\" fill=\"none\">\n                                        <path d=\"M2 9.5L6 5.5L2 1.5\" stroke=\"#1D2C38\" stroke-width=\"2.4\" stroke-miterlimit=\"10\" stroke-linecap=\"round\" stroke-linejoin=\"round\"\/>\n                                    <\/svg>\n                                <\/a>\n                            <\/div>\n                        <\/div>\n                                            <div class=\"read-more-post-item\">\n                            <img loading=\"lazy\" width=\"1024\" height=\"768\" src=\"https:\/\/infobric.com\/se\/wp-content\/uploads\/sites\/29\/2025\/09\/Lind-Jensen-Machinery_Infobric-Workorder_Monitor-ERP-2-1024x768.avif\" class=\"attachment-large size-large\" alt=\"\" loading=\"lazy\" decoding=\"async\" sizes=\"(max-width: 767px) 100vw, 33vw\" srcset=\"https:\/\/infobric.com\/se\/wp-content\/uploads\/sites\/29\/2025\/09\/Lind-Jensen-Machinery_Infobric-Workorder_Monitor-ERP-2-1024x768.avif 1024w, https:\/\/infobric.com\/se\/wp-content\/uploads\/sites\/29\/2025\/09\/Lind-Jensen-Machinery_Infobric-Workorder_Monitor-ERP-2-300x225.avif 300w, https:\/\/infobric.com\/se\/wp-content\/uploads\/sites\/29\/2025\/09\/Lind-Jensen-Machinery_Infobric-Workorder_Monitor-ERP-2-768x576.avif 768w, https:\/\/infobric.com\/se\/wp-content\/uploads\/sites\/29\/2025\/09\/Lind-Jensen-Machinery_Infobric-Workorder_Monitor-ERP-2-1536x1152.avif 1536w, https:\/\/infobric.com\/se\/wp-content\/uploads\/sites\/29\/2025\/09\/Lind-Jensen-Machinery_Infobric-Workorder_Monitor-ERP-2-2048x1536.avif 2048w, https:\/\/infobric.com\/se\/wp-content\/uploads\/sites\/29\/2025\/09\/Lind-Jensen-Machinery_Infobric-Workorder_Monitor-ERP-2-600x450.avif 600w\" \/>                            <div class=\"read-more-post-item-wrapper\">\n                                <div class=\"read-more-post-item-text-wrapper\">\n                                    <h6 class=\"global-headline global-headline-xs\">Lind Jensen Machinery sparar en timme varje dag med Infobric Workorder<\/h6>\n                                    <p class=\"global-body-light-m\">Lind Jensen Machinery (LJM) drogs l\u00e4nge med on\u00f6digt kr\u00e5ngliga rutiner innan digitalisering blev deras r\u00e4ddning. N\u00e4r LJM bytte till Monitor ERP adderade de Infobric Workorder som en integration, och fick...<\/p>\n                                <\/div>\n                                <a class=\"ib-button-link ib-button-link-light-bg global-body-button \" href=\"https:\/\/infobric.com\/se\/kundberattelser\/lind-jensen-machinery\/\"  >\n                                    L\u00e4s mer                                    <svg xmlns=\"http:\/\/www.w3.org\/2000\/svg\" width=\"8\" height=\"11\" viewBox=\"0 0 8 11\" fill=\"none\">\n                                        <path d=\"M2 9.5L6 5.5L2 1.5\" stroke=\"#1D2C38\" stroke-width=\"2.4\" stroke-miterlimit=\"10\" stroke-linecap=\"round\" stroke-linejoin=\"round\"\/>\n                                    <\/svg>\n                                <\/a>\n                            <\/div>\n                        <\/div>\n                                    <\/div>\n            <\/div>\n        <\/div>\n        \t\t<\/div>\n\t\t\t\t<\/div>\n\t\t\t\t\t<\/div>\n\t\t\t\t<\/div>\n\t\t\t\t<\/div>\n\t\t","protected":false},"excerpt":{"rendered":"<p>Tack f\u00f6r din nedladdning \ud83c\udf89 Vi har skickat guiden till din mailinkorg. Ibland kan det ta n\u00e5gra minuter f\u00f6r mailet att komma fram. Gl\u00f6m inte att kolla skr\u00e4pposten. Trevlig l\u00e4sning! G\u00e5 till startsidan G\u00e5 till startsidan Boka demo Boka demo Fler l\u00f6sningar fr\u00e5n oss. L\u00f6nsamhetsriskerna&#8230;<\/p>\n","protected":false},"author":25,"featured_media":0,"parent":0,"menu_order":0,"comment_status":"closed","ping_status":"closed","template":"","meta":{"_acf_changed":false,"footnotes":""},"acf":[],"yoast_head":"<!-- This site is optimized with the Yoast SEO Premium plugin v22.5 (Yoast SEO v22.5) - https:\/\/yoast.com\/wordpress\/plugins\/seo\/ -->\n<title>resursguiden - tack | Infobric<\/title>\n<meta name=\"robots\" content=\"index, follow, max-snippet:-1, max-image-preview:large, max-video-preview:-1\" \/>\n<link rel=\"canonical\" href=\"https:\/\/infobric.com\/se\/guider\/resursguiden\/tack\/\" \/>\n<meta property=\"og:locale\" content=\"sv_SE\" \/>\n<meta property=\"og:type\" content=\"article\" \/>\n<meta property=\"og:title\" content=\"resursguiden - tack\" \/>\n<meta property=\"og:description\" content=\"Tack f\u00f6r din nedladdning \ud83c\udf89 Vi har skickat guiden till din mailinkorg. Ibland kan det ta n\u00e5gra minuter f\u00f6r mailet att komma fram. Gl\u00f6m inte att kolla skr\u00e4pposten. Trevlig l\u00e4sning! G\u00e5 till startsidan G\u00e5 till startsidan Boka demo Boka demo Fler l\u00f6sningar fr\u00e5n oss. L\u00f6nsamhetsriskerna...\" \/>\n<meta property=\"og:url\" content=\"https:\/\/infobric.com\/se\/guider\/resursguiden\/tack\/\" \/>\n<meta property=\"og:site_name\" content=\"Sweden\" \/>\n<meta property=\"article:modified_time\" content=\"2026-02-25T13:34:09+00:00\" \/>\n<meta property=\"og:image\" content=\"https:\/\/infobric.com\/se\/wp-content\/uploads\/sites\/29\/2023\/11\/B2A2537-WEBSITE-1024x683.avif\" \/>\n<meta name=\"twitter:card\" content=\"summary_large_image\" \/>\n<script type=\"application\/ld+json\" class=\"yoast-schema-graph\">{\"@context\":\"https:\/\/schema.org\",\"@graph\":[{\"@type\":\"WebPage\",\"@id\":\"https:\/\/infobric.com\/se\/guider\/resursguiden\/tack\/\",\"url\":\"https:\/\/infobric.com\/se\/guider\/resursguiden\/tack\/\",\"name\":\"resursguiden - tack | Infobric\",\"isPartOf\":{\"@id\":\"https:\/\/infobric.com\/se\/#website\"},\"primaryImageOfPage\":{\"@id\":\"https:\/\/infobric.com\/se\/guider\/resursguiden\/tack\/#primaryimage\"},\"image\":{\"@id\":\"https:\/\/infobric.com\/se\/guider\/resursguiden\/tack\/#primaryimage\"},\"thumbnailUrl\":\"https:\/\/infobric.com\/se\/wp-content\/uploads\/sites\/29\/2023\/11\/B2A2537-WEBSITE-1024x683.avif\",\"datePublished\":\"2024-08-14T11:39:54+00:00\",\"dateModified\":\"2026-02-25T13:34:09+00:00\",\"breadcrumb\":{\"@id\":\"https:\/\/infobric.com\/se\/guider\/resursguiden\/tack\/#breadcrumb\"},\"inLanguage\":\"sv-SE\",\"potentialAction\":[{\"@type\":\"ReadAction\",\"target\":[\"https:\/\/infobric.com\/se\/guider\/resursguiden\/tack\/\"]}]},{\"@type\":\"ImageObject\",\"inLanguage\":\"sv-SE\",\"@id\":\"https:\/\/infobric.com\/se\/guider\/resursguiden\/tack\/#primaryimage\",\"url\":\"https:\/\/infobric.com\/se\/wp-content\/uploads\/sites\/29\/2023\/11\/B2A2537-WEBSITE-1024x683.avif\",\"contentUrl\":\"https:\/\/infobric.com\/se\/wp-content\/uploads\/sites\/29\/2023\/11\/B2A2537-WEBSITE-1024x683.avif\"},{\"@type\":\"BreadcrumbList\",\"@id\":\"https:\/\/infobric.com\/se\/guider\/resursguiden\/tack\/#breadcrumb\",\"itemListElement\":[{\"@type\":\"ListItem\",\"position\":1,\"name\":\"Home\",\"item\":\"https:\/\/infobric.com\/se\/\"},{\"@type\":\"ListItem\",\"position\":2,\"name\":\"resursguiden &#8211; tack\"}]},{\"@type\":\"WebSite\",\"@id\":\"https:\/\/infobric.com\/se\/#website\",\"url\":\"https:\/\/infobric.com\/se\/\",\"name\":\"Sweden\",\"description\":\"\",\"alternateName\":\"infobric SE\",\"potentialAction\":[{\"@type\":\"SearchAction\",\"target\":{\"@type\":\"EntryPoint\",\"urlTemplate\":\"https:\/\/infobric.com\/se\/?s={search_term_string}\"},\"query-input\":\"required name=search_term_string\"}],\"inLanguage\":\"sv-SE\"},{\"@type\":\"ImageObject\",\"inLanguage\":\"sv-SE\",\"@id\":\"https:\/\/infobric.com\/se\/guider\/resursguiden\/tack\/#local-main-organization-logo\",\"url\":\"\",\"contentUrl\":\"\",\"caption\":\"Infobric\"}]}<\/script>\n<!-- \/ Yoast SEO Premium plugin. -->","yoast_head_json":{"title":"resursguiden - tack | Infobric","robots":{"index":"index","follow":"follow","max-snippet":"max-snippet:-1","max-image-preview":"max-image-preview:large","max-video-preview":"max-video-preview:-1"},"canonical":"https:\/\/infobric.com\/se\/guider\/resursguiden\/tack\/","og_locale":"sv_SE","og_type":"article","og_title":"resursguiden - tack","og_description":"Tack f\u00f6r din nedladdning \ud83c\udf89 Vi har skickat guiden till din mailinkorg. Ibland kan det ta n\u00e5gra minuter f\u00f6r mailet att komma fram. Gl\u00f6m inte att kolla skr\u00e4pposten. Trevlig l\u00e4sning! G\u00e5 till startsidan G\u00e5 till startsidan Boka demo Boka demo Fler l\u00f6sningar fr\u00e5n oss. L\u00f6nsamhetsriskerna...","og_url":"https:\/\/infobric.com\/se\/guider\/resursguiden\/tack\/","og_site_name":"Sweden","article_modified_time":"2026-02-25T13:34:09+00:00","og_image":[{"url":"https:\/\/infobric.com\/se\/wp-content\/uploads\/sites\/29\/2023\/11\/B2A2537-WEBSITE-1024x683.avif"}],"twitter_card":"summary_large_image","schema":{"@context":"https:\/\/schema.org","@graph":[{"@type":"WebPage","@id":"https:\/\/infobric.com\/se\/guider\/resursguiden\/tack\/","url":"https:\/\/infobric.com\/se\/guider\/resursguiden\/tack\/","name":"resursguiden - tack | Infobric","isPartOf":{"@id":"https:\/\/infobric.com\/se\/#website"},"primaryImageOfPage":{"@id":"https:\/\/infobric.com\/se\/guider\/resursguiden\/tack\/#primaryimage"},"image":{"@id":"https:\/\/infobric.com\/se\/guider\/resursguiden\/tack\/#primaryimage"},"thumbnailUrl":"https:\/\/infobric.com\/se\/wp-content\/uploads\/sites\/29\/2023\/11\/B2A2537-WEBSITE-1024x683.avif","datePublished":"2024-08-14T11:39:54+00:00","dateModified":"2026-02-25T13:34:09+00:00","breadcrumb":{"@id":"https:\/\/infobric.com\/se\/guider\/resursguiden\/tack\/#breadcrumb"},"inLanguage":"sv-SE","potentialAction":[{"@type":"ReadAction","target":["https:\/\/infobric.com\/se\/guider\/resursguiden\/tack\/"]}]},{"@type":"ImageObject","inLanguage":"sv-SE","@id":"https:\/\/infobric.com\/se\/guider\/resursguiden\/tack\/#primaryimage","url":"https:\/\/infobric.com\/se\/wp-content\/uploads\/sites\/29\/2023\/11\/B2A2537-WEBSITE-1024x683.avif","contentUrl":"https:\/\/infobric.com\/se\/wp-content\/uploads\/sites\/29\/2023\/11\/B2A2537-WEBSITE-1024x683.avif"},{"@type":"BreadcrumbList","@id":"https:\/\/infobric.com\/se\/guider\/resursguiden\/tack\/#breadcrumb","itemListElement":[{"@type":"ListItem","position":1,"name":"Home","item":"https:\/\/infobric.com\/se\/"},{"@type":"ListItem","position":2,"name":"resursguiden &#8211; tack"}]},{"@type":"WebSite","@id":"https:\/\/infobric.com\/se\/#website","url":"https:\/\/infobric.com\/se\/","name":"Sweden","description":"","alternateName":"infobric SE","potentialAction":[{"@type":"SearchAction","target":{"@type":"EntryPoint","urlTemplate":"https:\/\/infobric.com\/se\/?s={search_term_string}"},"query-input":"required name=search_term_string"}],"inLanguage":"sv-SE"},{"@type":"ImageObject","inLanguage":"sv-SE","@id":"https:\/\/infobric.com\/se\/guider\/resursguiden\/tack\/#local-main-organization-logo","url":"","contentUrl":"","caption":"Infobric"}]}},"_links":{"self":[{"href":"https:\/\/infobric.com\/se\/wp-json\/wp\/v2\/pages\/3329"}],"collection":[{"href":"https:\/\/infobric.com\/se\/wp-json\/wp\/v2\/pages"}],"about":[{"href":"https:\/\/infobric.com\/se\/wp-json\/wp\/v2\/types\/page"}],"author":[{"embeddable":true,"href":"https:\/\/infobric.com\/se\/wp-json\/wp\/v2\/users\/25"}],"replies":[{"embeddable":true,"href":"https:\/\/infobric.com\/se\/wp-json\/wp\/v2\/comments?post=3329"}],"version-history":[{"count":7,"href":"https:\/\/infobric.com\/se\/wp-json\/wp\/v2\/pages\/3329\/revisions"}],"predecessor-version":[{"id":27674,"href":"https:\/\/infobric.com\/se\/wp-json\/wp\/v2\/pages\/3329\/revisions\/27674"}],"wp:attachment":[{"href":"https:\/\/infobric.com\/se\/wp-json\/wp\/v2\/media?parent=3329"}],"curies":[{"name":"wp","href":"https:\/\/api.w.org\/{rel}","templated":true}]}}