{"id":3681,"date":"2024-08-19T14:16:56","date_gmt":"2024-08-19T14:16:56","guid":{"rendered":"https:\/\/infobric.se\/equipment-assets\/?page_id=3681"},"modified":"2026-01-29T15:59:11","modified_gmt":"2026-01-29T15:59:11","slug":"prova-gratis","status":"publish","type":"page","link":"https:\/\/infobric.com\/se\/produkter\/fleet\/prova-gratis\/","title":{"rendered":"Prova gratis"},"content":{"rendered":"\t\t<div data-elementor-type=\"wp-page\" data-elementor-id=\"3681\" class=\"elementor elementor-3681\" data-elementor-post-type=\"page\">\n\t\t\t\t<div class=\"elementor-element elementor-element-549e554a e-flex e-con-boxed e-con e-parent\" data-id=\"549e554a\" data-element_type=\"container\" data-settings=\"{&quot;background_background&quot;:&quot;classic&quot;}\">\n\t\t\t\t\t<div class=\"e-con-inner\">\n\t\t<div class=\"elementor-element elementor-element-2be0fe3b e-con-full e-flex e-con e-child\" data-id=\"2be0fe3b\" data-element_type=\"container\" data-settings=\"{&quot;background_background&quot;:&quot;classic&quot;}\">\n\t\t<div class=\"elementor-element elementor-element-69b53b25 e-flex e-con-boxed e-con e-child\" data-id=\"69b53b25\" data-element_type=\"container\" data-settings=\"{&quot;background_background&quot;:&quot;classic&quot;}\">\n\t\t\t\t\t<div class=\"e-con-inner\">\n\t\t\t\t<div class=\"elementor-element elementor-element-7f909c7a elementor-widget elementor-widget-heading\" data-id=\"7f909c7a\" data-element_type=\"widget\" data-widget_type=\"heading.default\">\n\t\t\t\t<div class=\"elementor-widget-container\">\n\t\t\t<style>\/*! elementor - v3.21.0 - 25-04-2024 *\/\n.elementor-heading-title{padding:0;margin:0;line-height:1}.elementor-widget-heading .elementor-heading-title[class*=elementor-size-]>a{color:inherit;font-size:inherit;line-height:inherit}.elementor-widget-heading .elementor-heading-title.elementor-size-small{font-size:15px}.elementor-widget-heading .elementor-heading-title.elementor-size-medium{font-size:19px}.elementor-widget-heading .elementor-heading-title.elementor-size-large{font-size:29px}.elementor-widget-heading .elementor-heading-title.elementor-size-xl{font-size:39px}.elementor-widget-heading .elementor-heading-title.elementor-size-xxl{font-size:59px}<\/style><h1 class=\"elementor-heading-title elementor-size-default\">Testa oss gratis i 30 dagar.<\/h1>\t\t<\/div>\n\t\t\t\t<\/div>\n\t\t\t\t<div class=\"elementor-element elementor-element-76ea21fc elementor-widget elementor-widget-text-editor\" data-id=\"76ea21fc\" data-element_type=\"widget\" data-widget_type=\"text-editor.default\">\n\t\t\t\t<div class=\"elementor-widget-container\">\n\t\t\t<style>\/*! elementor - v3.21.0 - 25-04-2024 *\/\n.elementor-widget-text-editor.elementor-drop-cap-view-stacked .elementor-drop-cap{background-color:#69727d;color:#fff}.elementor-widget-text-editor.elementor-drop-cap-view-framed .elementor-drop-cap{color:#69727d;border:3px solid;background-color:transparent}.elementor-widget-text-editor:not(.elementor-drop-cap-view-default) .elementor-drop-cap{margin-top:8px}.elementor-widget-text-editor:not(.elementor-drop-cap-view-default) .elementor-drop-cap-letter{width:1em;height:1em}.elementor-widget-text-editor .elementor-drop-cap{float:left;text-align:center;line-height:1;font-size:50px}.elementor-widget-text-editor .elementor-drop-cap-letter{display:inline-block}<\/style>\t\t\t\t<p>Vill du prova innan du best\u00e4mmer dig? Fyll i formul\u00e4ret s\u00e5 kommer vi att kontakta dig inom kort.<\/p>\t\t\t\t\t\t<\/div>\n\t\t\t\t<\/div>\n\t\t\t\t\t<\/div>\n\t\t\t\t<\/div>\n\t\t\t\t<\/div>\n\t\t\t\t\t<\/div>\n\t\t\t\t<\/div>\n\t\t<div class=\"elementor-element elementor-element-73bf389 e-flex e-con-boxed e-con e-parent\" data-id=\"73bf389\" data-element_type=\"container\">\n\t\t\t\t\t<div class=\"e-con-inner\">\n\t\t<div class=\"elementor-element elementor-element-1321e4b e-con-full e-flex e-con e-child\" data-id=\"1321e4b\" data-element_type=\"container\">\n\t\t\t\t<div class=\"elementor-element elementor-element-6c7845f elementor-widget elementor-widget-infobric_article_quote\" data-id=\"6c7845f\" data-element_type=\"widget\" data-widget_type=\"infobric_article_quote.default\">\n\t\t\t\t<div class=\"elementor-widget-container\">\n\t\t\t        <div class=\"article-quote-wrapper\">\n            <div class=\"article-quote-content\">\n                <blockquote class=\"article-quote-text article-quote\">\n                    \"Vi tror p\u00e5 v\u00e5r produkt. D\u00e4rf\u00f6r l\u00e5ter vi alla nya kunder prova h\u00e5rdvara och tj\u00e4nst helt kostnadsfritt. \"\n                <\/blockquote>\n                <cite class=\"article-quote-author article-quote-from\">\n                    \u2013 Matthias Borell, Kundspecialist                 <\/cite>\n            <\/div>\n        <\/div>\n        \t\t<\/div>\n\t\t\t\t<\/div>\n\t\t\t\t<\/div>\n\t\t<div class=\"elementor-element elementor-element-b631fd8 e-con-full e-flex e-con e-child\" data-id=\"b631fd8\" data-element_type=\"container\">\n\t\t\t\t<div class=\"elementor-element elementor-element-8655a0d elementor-widget elementor-widget-image\" data-id=\"8655a0d\" data-element_type=\"widget\" data-widget_type=\"image.default\">\n\t\t\t\t<div class=\"elementor-widget-container\">\n\t\t\t<style>\/*! elementor - v3.21.0 - 25-04-2024 *\/\n.elementor-widget-image{text-align:center}.elementor-widget-image a{display:inline-block}.elementor-widget-image a img[src$=\".svg\"]{width:48px}.elementor-widget-image img{vertical-align:middle;display:inline-block}<\/style>\t\t\t\t\t\t\t\t\t\t<img fetchpriority=\"high\" decoding=\"async\" width=\"700\" height=\"584\" src=\"https:\/\/infobric.com\/se\/wp-content\/uploads\/sites\/29\/2024\/08\/Matthias.jpg\" class=\"attachment-large size-large wp-image-3686\" alt=\"\" srcset=\"https:\/\/infobric.com\/se\/wp-content\/uploads\/sites\/29\/2024\/08\/Matthias.jpg 700w, https:\/\/infobric.com\/se\/wp-content\/uploads\/sites\/29\/2024\/08\/Matthias-300x250.jpg 300w, https:\/\/infobric.com\/se\/wp-content\/uploads\/sites\/29\/2024\/08\/Matthias-600x501.jpg 600w\" sizes=\"(max-width: 700px) 100vw, 700px\" \/>\t\t\t\t\t\t\t\t\t\t\t\t\t<\/div>\n\t\t\t\t<\/div>\n\t\t\t\t<\/div>\n\t\t\t\t\t<\/div>\n\t\t\t\t<\/div>\n\t\t<div class=\"elementor-element elementor-element-5933076d e-flex e-con-boxed e-con e-parent\" data-id=\"5933076d\" data-element_type=\"container\" data-settings=\"{&quot;background_background&quot;:&quot;classic&quot;}\">\n\t\t\t\t\t<div class=\"e-con-inner\">\n\t\t\t\t<div class=\"elementor-element elementor-element-55a2fb00 elementor-widget elementor-widget-infobric_read_more\" data-id=\"55a2fb00\" data-element_type=\"widget\" data-widget_type=\"infobric_read_more.default\">\n\t\t\t\t<div class=\"elementor-widget-container\">\n\t\t\t        <div class=\"read-more-widget\">\n            <div class=\"read-more-widget-content\">\n                <h4 class=\"global-headline global-headline-l\">Fler tj\u00e4nster fr\u00e5n oss.<\/h4>\n                <div class=\"read-more-wrapper\">\n                                            <div class=\"read-more-post-item\">\n                            <img src=\"https:\/\/infobric.com\/wp-content\/uploads\/2024\/09\/INFOBRIC_B2A2720-WEBB.jpg\" alt=\"\" loading=\"lazy\" decoding=\"async\" \/>                            <div class=\"read-more-post-item-wrapper\">\n                                <div class=\"read-more-post-item-text-wrapper\">\n                                    <h6 class=\"global-headline global-headline-xs\">SuisseIntl-Medium-WebS<\/h6>\n                                    <p class=\"global-body-light-m\"><\/p>\n                                <\/div>\n                                <a class=\"ib-button-link ib-button-link-light-bg global-body-button \" href=\"https:\/\/infobric.com\/se\/?attachment_id=158\"  >\n                                    L\u00e4s mer                                    <svg xmlns=\"http:\/\/www.w3.org\/2000\/svg\" width=\"8\" height=\"11\" viewBox=\"0 0 8 11\" fill=\"none\">\n                                        <path d=\"M2 9.5L6 5.5L2 1.5\" stroke=\"#1D2C38\" stroke-width=\"2.4\" stroke-miterlimit=\"10\" stroke-linecap=\"round\" stroke-linejoin=\"round\"\/>\n                                    <\/svg>\n                                <\/a>\n                            <\/div>\n                        <\/div>\n                                            <div class=\"read-more-post-item\">\n                            <img src=\"https:\/\/infobric.com\/wp-content\/uploads\/2024\/09\/INFOBRIC_B2A2720-WEBB.jpg\" alt=\"\" loading=\"lazy\" decoding=\"async\" \/>                            <div class=\"read-more-post-item-wrapper\">\n                                <div class=\"read-more-post-item-text-wrapper\">\n                                    <h6 class=\"global-headline global-headline-xs\">SuisseIntl-MediumItalic-WebS<\/h6>\n                                    <p class=\"global-body-light-m\"><\/p>\n                                <\/div>\n                                <a class=\"ib-button-link ib-button-link-light-bg global-body-button \" href=\"https:\/\/infobric.com\/se\/en\/?attachment_id=163\"  >\n                                    L\u00e4s mer                                    <svg xmlns=\"http:\/\/www.w3.org\/2000\/svg\" width=\"8\" height=\"11\" viewBox=\"0 0 8 11\" fill=\"none\">\n                                        <path d=\"M2 9.5L6 5.5L2 1.5\" stroke=\"#1D2C38\" stroke-width=\"2.4\" stroke-miterlimit=\"10\" stroke-linecap=\"round\" stroke-linejoin=\"round\"\/>\n                                    <\/svg>\n                                <\/a>\n                            <\/div>\n                        <\/div>\n                                            <div class=\"read-more-post-item\">\n                            <img src=\"https:\/\/infobric.com\/wp-content\/uploads\/2024\/09\/INFOBRIC_B2A2720-WEBB.jpg\" alt=\"\" loading=\"lazy\" decoding=\"async\" \/>                            <div class=\"read-more-post-item-wrapper\">\n                                <div class=\"read-more-post-item-text-wrapper\">\n                                    <h6 class=\"global-headline global-headline-xs\">SuisseIntl-MediumItalic-WebS<\/h6>\n                                    <p class=\"global-body-light-m\"><\/p>\n                                <\/div>\n                                <a class=\"ib-button-link ib-button-link-light-bg global-body-button \" href=\"https:\/\/infobric.com\/se\/en\/?attachment_id=165\"  >\n                                    L\u00e4s mer                                    <svg xmlns=\"http:\/\/www.w3.org\/2000\/svg\" width=\"8\" height=\"11\" viewBox=\"0 0 8 11\" fill=\"none\">\n                                        <path d=\"M2 9.5L6 5.5L2 1.5\" stroke=\"#1D2C38\" stroke-width=\"2.4\" stroke-miterlimit=\"10\" stroke-linecap=\"round\" stroke-linejoin=\"round\"\/>\n                                    <\/svg>\n                                <\/a>\n                            <\/div>\n                        <\/div>\n                                    <\/div>\n            <\/div>\n        <\/div>\n        \t\t<\/div>\n\t\t\t\t<\/div>\n\t\t\t\t\t<\/div>\n\t\t\t\t<\/div>\n\t\t\t\t<\/div>\n\t\t","protected":false},"excerpt":{"rendered":"<p>Testa oss gratis i 30 dagar. Vill du prova innan du best\u00e4mmer dig? Fyll i formul\u00e4ret s\u00e5 kommer vi att kontakta dig inom kort. EpostNamnF\u00f6retagTelefonnummer Jag godk\u00e4nner IntegritetspolicynThis site is protected by reCAPTCHA and the Google Privacy Policy and Terms of Service apply.Skicka &#8221; Vi&#8230;<\/p>\n","protected":false},"author":25,"featured_media":0,"parent":2193,"menu_order":0,"comment_status":"closed","ping_status":"closed","template":"","meta":{"_acf_changed":false,"footnotes":""},"acf":[],"yoast_head":"<!-- This site is optimized with the Yoast SEO Premium plugin v22.5 (Yoast SEO v22.5) - https:\/\/yoast.com\/wordpress\/plugins\/seo\/ -->\n<title>Prova gratis | Infobric<\/title>\n<meta name=\"robots\" content=\"index, follow, max-snippet:-1, max-image-preview:large, max-video-preview:-1\" \/>\n<link rel=\"canonical\" href=\"https:\/\/infobric.com\/se\/produkter\/fleet\/prova-gratis\/\" \/>\n<meta property=\"og:locale\" content=\"sv_SE\" \/>\n<meta property=\"og:type\" content=\"article\" \/>\n<meta property=\"og:title\" content=\"Prova gratis\" \/>\n<meta property=\"og:description\" content=\"Testa oss gratis i 30 dagar. Vill du prova innan du best\u00e4mmer dig? Fyll i formul\u00e4ret s\u00e5 kommer vi att kontakta dig inom kort. EpostNamnF\u00f6retagTelefonnummer Jag godk\u00e4nner IntegritetspolicynThis site is protected by reCAPTCHA and the Google Privacy Policy and Terms of Service apply.Skicka &#8221; Vi...\" \/>\n<meta property=\"og:url\" content=\"https:\/\/infobric.com\/se\/produkter\/fleet\/prova-gratis\/\" \/>\n<meta property=\"og:site_name\" content=\"Sweden\" \/>\n<meta property=\"article:modified_time\" content=\"2026-01-29T15:59:11+00:00\" \/>\n<meta property=\"og:image\" content=\"https:\/\/infobric.com\/se\/wp-content\/uploads\/sites\/29\/2024\/08\/Matthias.jpg\" \/>\n<meta name=\"twitter:card\" content=\"summary_large_image\" \/>\n<script type=\"application\/ld+json\" class=\"yoast-schema-graph\">{\"@context\":\"https:\/\/schema.org\",\"@graph\":[{\"@type\":\"WebPage\",\"@id\":\"https:\/\/infobric.com\/se\/produkter\/fleet\/prova-gratis\/\",\"url\":\"https:\/\/infobric.com\/se\/produkter\/fleet\/prova-gratis\/\",\"name\":\"Prova gratis | Infobric\",\"isPartOf\":{\"@id\":\"https:\/\/infobric.com\/se\/#website\"},\"primaryImageOfPage\":{\"@id\":\"https:\/\/infobric.com\/se\/produkter\/fleet\/prova-gratis\/#primaryimage\"},\"image\":{\"@id\":\"https:\/\/infobric.com\/se\/produkter\/fleet\/prova-gratis\/#primaryimage\"},\"thumbnailUrl\":\"https:\/\/infobric.com\/se\/wp-content\/uploads\/sites\/29\/2024\/08\/Matthias.jpg\",\"datePublished\":\"2024-08-19T14:16:56+00:00\",\"dateModified\":\"2026-01-29T15:59:11+00:00\",\"breadcrumb\":{\"@id\":\"https:\/\/infobric.com\/se\/produkter\/fleet\/prova-gratis\/#breadcrumb\"},\"inLanguage\":\"sv-SE\",\"potentialAction\":[{\"@type\":\"ReadAction\",\"target\":[\"https:\/\/infobric.com\/se\/produkter\/fleet\/prova-gratis\/\"]}]},{\"@type\":\"ImageObject\",\"inLanguage\":\"sv-SE\",\"@id\":\"https:\/\/infobric.com\/se\/produkter\/fleet\/prova-gratis\/#primaryimage\",\"url\":\"https:\/\/infobric.com\/se\/wp-content\/uploads\/sites\/29\/2024\/08\/Matthias.jpg\",\"contentUrl\":\"https:\/\/infobric.com\/se\/wp-content\/uploads\/sites\/29\/2024\/08\/Matthias.jpg\",\"width\":700,\"height\":584},{\"@type\":\"BreadcrumbList\",\"@id\":\"https:\/\/infobric.com\/se\/produkter\/fleet\/prova-gratis\/#breadcrumb\",\"itemListElement\":[{\"@type\":\"ListItem\",\"position\":1,\"name\":\"Home\",\"item\":\"https:\/\/infobric.com\/se\/\"},{\"@type\":\"ListItem\",\"position\":2,\"name\":\"Produkter\",\"item\":\"https:\/\/infobric.com\/se\/produkter\/\"},{\"@type\":\"ListItem\",\"position\":3,\"name\":\"Infobric Fleet\",\"item\":\"https:\/\/infobric.com\/se\/produkter\/fleet\/\"},{\"@type\":\"ListItem\",\"position\":4,\"name\":\"Prova gratis\"}]},{\"@type\":\"WebSite\",\"@id\":\"https:\/\/infobric.com\/se\/#website\",\"url\":\"https:\/\/infobric.com\/se\/\",\"name\":\"Sweden\",\"description\":\"\",\"alternateName\":\"infobric SE\",\"potentialAction\":[{\"@type\":\"SearchAction\",\"target\":{\"@type\":\"EntryPoint\",\"urlTemplate\":\"https:\/\/infobric.com\/se\/?s={search_term_string}\"},\"query-input\":\"required name=search_term_string\"}],\"inLanguage\":\"sv-SE\"},{\"@type\":\"ImageObject\",\"inLanguage\":\"sv-SE\",\"@id\":\"https:\/\/infobric.com\/se\/produkter\/fleet\/prova-gratis\/#local-main-organization-logo\",\"url\":\"\",\"contentUrl\":\"\",\"caption\":\"Infobric\"}]}<\/script>\n<!-- \/ Yoast SEO Premium plugin. -->","yoast_head_json":{"title":"Prova gratis | Infobric","robots":{"index":"index","follow":"follow","max-snippet":"max-snippet:-1","max-image-preview":"max-image-preview:large","max-video-preview":"max-video-preview:-1"},"canonical":"https:\/\/infobric.com\/se\/produkter\/fleet\/prova-gratis\/","og_locale":"sv_SE","og_type":"article","og_title":"Prova gratis","og_description":"Testa oss gratis i 30 dagar. Vill du prova innan du best\u00e4mmer dig? Fyll i formul\u00e4ret s\u00e5 kommer vi att kontakta dig inom kort. EpostNamnF\u00f6retagTelefonnummer Jag godk\u00e4nner IntegritetspolicynThis site is protected by reCAPTCHA and the Google Privacy Policy and Terms of Service apply.Skicka &#8221; Vi...","og_url":"https:\/\/infobric.com\/se\/produkter\/fleet\/prova-gratis\/","og_site_name":"Sweden","article_modified_time":"2026-01-29T15:59:11+00:00","og_image":[{"url":"https:\/\/infobric.com\/se\/wp-content\/uploads\/sites\/29\/2024\/08\/Matthias.jpg"}],"twitter_card":"summary_large_image","schema":{"@context":"https:\/\/schema.org","@graph":[{"@type":"WebPage","@id":"https:\/\/infobric.com\/se\/produkter\/fleet\/prova-gratis\/","url":"https:\/\/infobric.com\/se\/produkter\/fleet\/prova-gratis\/","name":"Prova gratis | Infobric","isPartOf":{"@id":"https:\/\/infobric.com\/se\/#website"},"primaryImageOfPage":{"@id":"https:\/\/infobric.com\/se\/produkter\/fleet\/prova-gratis\/#primaryimage"},"image":{"@id":"https:\/\/infobric.com\/se\/produkter\/fleet\/prova-gratis\/#primaryimage"},"thumbnailUrl":"https:\/\/infobric.com\/se\/wp-content\/uploads\/sites\/29\/2024\/08\/Matthias.jpg","datePublished":"2024-08-19T14:16:56+00:00","dateModified":"2026-01-29T15:59:11+00:00","breadcrumb":{"@id":"https:\/\/infobric.com\/se\/produkter\/fleet\/prova-gratis\/#breadcrumb"},"inLanguage":"sv-SE","potentialAction":[{"@type":"ReadAction","target":["https:\/\/infobric.com\/se\/produkter\/fleet\/prova-gratis\/"]}]},{"@type":"ImageObject","inLanguage":"sv-SE","@id":"https:\/\/infobric.com\/se\/produkter\/fleet\/prova-gratis\/#primaryimage","url":"https:\/\/infobric.com\/se\/wp-content\/uploads\/sites\/29\/2024\/08\/Matthias.jpg","contentUrl":"https:\/\/infobric.com\/se\/wp-content\/uploads\/sites\/29\/2024\/08\/Matthias.jpg","width":700,"height":584},{"@type":"BreadcrumbList","@id":"https:\/\/infobric.com\/se\/produkter\/fleet\/prova-gratis\/#breadcrumb","itemListElement":[{"@type":"ListItem","position":1,"name":"Home","item":"https:\/\/infobric.com\/se\/"},{"@type":"ListItem","position":2,"name":"Produkter","item":"https:\/\/infobric.com\/se\/produkter\/"},{"@type":"ListItem","position":3,"name":"Infobric Fleet","item":"https:\/\/infobric.com\/se\/produkter\/fleet\/"},{"@type":"ListItem","position":4,"name":"Prova gratis"}]},{"@type":"WebSite","@id":"https:\/\/infobric.com\/se\/#website","url":"https:\/\/infobric.com\/se\/","name":"Sweden","description":"","alternateName":"infobric SE","potentialAction":[{"@type":"SearchAction","target":{"@type":"EntryPoint","urlTemplate":"https:\/\/infobric.com\/se\/?s={search_term_string}"},"query-input":"required name=search_term_string"}],"inLanguage":"sv-SE"},{"@type":"ImageObject","inLanguage":"sv-SE","@id":"https:\/\/infobric.com\/se\/produkter\/fleet\/prova-gratis\/#local-main-organization-logo","url":"","contentUrl":"","caption":"Infobric"}]}},"_links":{"self":[{"href":"https:\/\/infobric.com\/se\/wp-json\/wp\/v2\/pages\/3681"}],"collection":[{"href":"https:\/\/infobric.com\/se\/wp-json\/wp\/v2\/pages"}],"about":[{"href":"https:\/\/infobric.com\/se\/wp-json\/wp\/v2\/types\/page"}],"author":[{"embeddable":true,"href":"https:\/\/infobric.com\/se\/wp-json\/wp\/v2\/users\/25"}],"replies":[{"embeddable":true,"href":"https:\/\/infobric.com\/se\/wp-json\/wp\/v2\/comments?post=3681"}],"version-history":[{"count":1,"href":"https:\/\/infobric.com\/se\/wp-json\/wp\/v2\/pages\/3681\/revisions"}],"predecessor-version":[{"id":14210,"href":"https:\/\/infobric.com\/se\/wp-json\/wp\/v2\/pages\/3681\/revisions\/14210"}],"up":[{"embeddable":true,"href":"https:\/\/infobric.com\/se\/wp-json\/wp\/v2\/pages\/2193"}],"wp:attachment":[{"href":"https:\/\/infobric.com\/se\/wp-json\/wp\/v2\/media?parent=3681"}],"curies":[{"name":"wp","href":"https:\/\/api.w.org\/{rel}","templated":true}]}}