{"id":5059,"date":"2024-09-10T14:53:57","date_gmt":"2024-09-10T14:53:57","guid":{"rendered":"https:\/\/infobric.se\/workforce\/?page_id=5059"},"modified":"2026-03-23T12:50:03","modified_gmt":"2026-03-23T12:50:03","slug":"partners","status":"publish","type":"page","link":"https:\/\/infobric.com\/se\/partners\/","title":{"rendered":"Partners"},"content":{"rendered":"\t\t<div data-elementor-type=\"wp-page\" data-elementor-id=\"5059\" class=\"elementor elementor-5059\" data-elementor-post-type=\"page\">\n\t\t\t\t<div class=\"elementor-element elementor-element-935dfe3 e-flex e-con-boxed e-con e-parent\" data-id=\"935dfe3\" data-element_type=\"container\">\n\t\t\t\t\t<div class=\"e-con-inner\">\n\t\t\t\t<div class=\"elementor-element elementor-element-ecffc95 elementor-widget elementor-widget-infobric-hero\" data-id=\"ecffc95\" data-element_type=\"widget\" data-widget_type=\"infobric-hero.default\">\n\t\t\t\t<div class=\"elementor-widget-container\">\n\t\t\t\n                    <div class=\"ib-hb-ba\">\n                <div class=\"ib-hb-ba-content-wrapper\">\n                    <img fetchpriority=\"high\" width=\"1152\" height=\"689\" src=\"https:\/\/infobric.com\/se\/wp-content\/uploads\/sites\/29\/2024\/08\/smart-datainsamling-och-analys-1.jpg\" class=\"ib-hb-ba-bg-image\" alt=\"smart datainsamling och analys\" fetchpriority=\"high\" loading=\"eager\" decoding=\"async\" sizes=\"(max-width: 767px) 100vw, (max-width: 1023px) 100vw, 100vw\" srcset=\"https:\/\/infobric.com\/se\/wp-content\/uploads\/sites\/29\/2024\/08\/smart-datainsamling-och-analys-1.jpg 1152w, https:\/\/infobric.com\/se\/wp-content\/uploads\/sites\/29\/2024\/08\/smart-datainsamling-och-analys-1-300x179.jpg 300w, https:\/\/infobric.com\/se\/wp-content\/uploads\/sites\/29\/2024\/08\/smart-datainsamling-och-analys-1-1024x612.jpg 1024w, https:\/\/infobric.com\/se\/wp-content\/uploads\/sites\/29\/2024\/08\/smart-datainsamling-och-analys-1-768x459.jpg 768w, https:\/\/infobric.com\/se\/wp-content\/uploads\/sites\/29\/2024\/08\/smart-datainsamling-och-analys-1-600x359.jpg 600w\" \/>                    <div class=\"ib-hb-ba-overlay\"><\/div>\n                    <div class=\"ib-hb-ba-content\">\n                        <div class=\"ib-hb-ba-text-wrapper\">\n                            <h1 class=\"ib-hb-ba-headline global-headline global-headline-xxl\">Partners<\/h1>\n                                                            <p class=\"ib-hb-ba-subheadline global-subheadline global-subheadline-s\">En av v\u00e5ra styrkor \u00e4r alla v\u00e5ra partners.\n\n\u00d6ver hela landet samarbetar vi med maskinuthyrare som tillhandah\u00e5ller v\u00e5ra produkter. Det inneb\u00e4r att du som kund alltid har m\u00f6jlighet att hyra en Regbox eller en grind om du inte vill k\u00f6pa den. Dessutom p\u00e5 en plats n\u00e4ra dig.<\/p>\n                                                    <\/div>\n                                                    <div class=\"ib-hb-ba-buttons-wrapper\">\n                                                                <a href=\"https:\/\/infobric.com\/se\/kontakta-oss\/\" class=\"ib-button-primary \" >\n                                    <div class=\"ib-button-primary-wrapper\">\n                                        <div class=\"ib-button-primary-btn-text global-body-button\">Kontakta Infobric<\/div>\n                                        <div class=\"ib-button-primary-btn-text-abs global-body-button\">Kontakta Infobric<\/div>\n                                    <\/div>\n                                <\/a>\n                            <\/div>\n                                            <\/div>\n                <\/div>\n            <\/div>\n                \n\n        \t\t<\/div>\n\t\t\t\t<\/div>\n\t\t\t\t\t<\/div>\n\t\t\t\t<\/div>\n\t\t<div class=\"elementor-element elementor-element-095f2f6 e-flex e-con-boxed e-con e-parent\" data-id=\"095f2f6\" data-element_type=\"container\">\n\t\t\t\t\t<div class=\"e-con-inner\">\n\t\t\t\t<div class=\"elementor-element elementor-element-067ce7f elementor-widget elementor-widget-infobric_logo_showcase\" data-id=\"067ce7f\" data-element_type=\"widget\" data-widget_type=\"infobric_logo_showcase.default\">\n\t\t\t\t<div class=\"elementor-widget-container\">\n\t\t\t        <div class=\"logo-showcase-wrapper\">\n            <div class=\"logo-showcase-content\">\n                                    <div class=\"logo-showcase-header-wrapper global-tw-h-s\">\n                                                    <h4 class=\"logo-showcase-header global-headline global-headline-l\">V\u00e5ra partners<\/h4>\n                                                                    <\/div>\n                                                    <div class=\"logo-showcase-outter-wrapper\">\n                        <div class=\"logo-showcase-inner-wrapper\">\n                                                            <div class=\"logo-item\">\n                                    <a href=\"https:\/\/www.arento.se\/\" target=\"_blank\" rel=\"nofollow\"><img src=\"https:\/\/infobric.com\/se\/wp-content\/uploads\/sites\/29\/2026\/01\/arento_original_payoff_390x120px.avif\" decoding=\"async\" loading=\"lazy\" alt=\"logo arento \"><\/a>                                <\/div>\n                                                            <div class=\"logo-item\">\n                                    <a href=\"https:\/\/maskinhjalp.se\/\" target=\"_blank\" rel=\"nofollow\"><img src=\"https:\/\/infobric.com\/se\/wp-content\/uploads\/sites\/29\/2026\/01\/BorasMaskinhjalp.avif\" decoding=\"async\" loading=\"lazy\" alt=\"logo maskinhj\u00e4lp\"><\/a>                                <\/div>\n                                                            <div class=\"logo-item\">\n                                    <img src=\"https:\/\/infobric.com\/se\/wp-content\/uploads\/sites\/29\/2026\/01\/byggnadsmaskiner-logo.avif\" decoding=\"async\" loading=\"lazy\" alt=\"logo byggnadsmaskiner\">                                <\/div>\n                                                            <div class=\"logo-item\">\n                                    <a href=\"https:\/\/www.bahyrmaskiner.se\/\" target=\"_blank\" rel=\"nofollow\"><img src=\"https:\/\/infobric.com\/se\/wp-content\/uploads\/sites\/29\/2026\/01\/ba_logo.avif\" decoding=\"async\" loading=\"lazy\" alt=\"BA logo\"><\/a>                                <\/div>\n                                                            <div class=\"logo-item\">\n                                    <a href=\"https:\/\/www.cramo.se\/sv\" target=\"_blank\" rel=\"nofollow\"><img src=\"https:\/\/infobric.com\/se\/wp-content\/uploads\/sites\/29\/2026\/01\/cramo.avif\" decoding=\"async\" loading=\"lazy\" alt=\"cramo logo\"><\/a>                                <\/div>\n                                                            <div class=\"logo-item\">\n                                    <a href=\"https:\/\/exab.nu\/\" target=\"_blank\" rel=\"nofollow\"><img src=\"https:\/\/infobric.com\/se\/wp-content\/uploads\/sites\/29\/2026\/01\/logo.avif\" decoding=\"async\" loading=\"lazy\" alt=\"exab logo\"><\/a>                                <\/div>\n                                                            <div class=\"logo-item\">\n                                    <a href=\"https:\/\/www.hyreslandslaget.se\/\" target=\"_blank\" rel=\"nofollow\"><img src=\"https:\/\/infobric.com\/se\/wp-content\/uploads\/sites\/29\/2026\/01\/hll.avif\" decoding=\"async\" loading=\"lazy\" alt=\"hyreslandslaget logo\" class=\"elementor-repeater-item-4a3bb98\"><\/a>                                <\/div>\n                                                            <div class=\"logo-item\">\n                                    <img src=\"https:\/\/infobric.com\/se\/wp-content\/uploads\/sites\/29\/2026\/01\/logo_web2.avif\" decoding=\"async\" loading=\"lazy\" alt=\"hyrtab maskinuthyrning logo\">                                <\/div>\n                                                            <div class=\"logo-item\">\n                                    <a href=\"https:\/\/lambertsson.com\/\" target=\"_blank\" rel=\"nofollow\"><img src=\"https:\/\/infobric.com\/se\/wp-content\/uploads\/sites\/29\/2026\/01\/lambertsson.avif\" decoding=\"async\" loading=\"lazy\" alt=\"lambertsson logo\"><\/a>                                <\/div>\n                                                            <div class=\"logo-item\">\n                                    <a href=\"https:\/\/www.lejamaskin.se\/\" target=\"_blank\" rel=\"nofollow\"><img src=\"https:\/\/infobric.com\/se\/wp-content\/uploads\/sites\/29\/2026\/01\/Leja_logga-jpg-e1616503391170.avif\" decoding=\"async\" loading=\"lazy\" alt=\"leja maskinuthyrning logo\" class=\"elementor-repeater-item-f98b8ac\"><\/a>                                <\/div>\n                                                            <div class=\"logo-item\">\n                                    <a href=\"https:\/\/www.lyft-byggmaskiner.se\/\" target=\"_blank\" rel=\"nofollow\"><img src=\"https:\/\/infobric.com\/se\/wp-content\/uploads\/sites\/29\/2026\/01\/lyft_och_byggmaskiner_logoty-1.avif\" decoding=\"async\" loading=\"lazy\" alt=\"lyft och byggmaskiner logo\" class=\"elementor-repeater-item-e5fb797\"><\/a>                                <\/div>\n                                                            <div class=\"logo-item\">\n                                    <a href=\"https:\/\/www.methodrental.se\/\" target=\"_blank\" rel=\"nofollow\"><img src=\"https:\/\/infobric.com\/se\/wp-content\/uploads\/sites\/29\/2026\/01\/square_v8_hex_253540-1024x1024-1.avif\" decoding=\"async\" loading=\"lazy\" alt=\"method rental logo\" class=\"elementor-repeater-item-7a35448\"><\/a>                                <\/div>\n                                                            <div class=\"logo-item\">\n                                    <a href=\"https:\/\/perssonhyrmaskiner.com\/\" target=\"_blank\" rel=\"nofollow\"><img src=\"https:\/\/infobric.com\/se\/wp-content\/uploads\/sites\/29\/2026\/01\/persson_hyrmaskiner_logotyp.avif\" decoding=\"async\" loading=\"lazy\" alt=\"persson hyrmaskiner logo\"><\/a>                                <\/div>\n                                                            <div class=\"logo-item\">\n                                    <a href=\"https:\/\/www.prevex.se\/\" target=\"_blank\" rel=\"nofollow\"><img src=\"https:\/\/infobric.com\/se\/wp-content\/uploads\/sites\/29\/2026\/01\/PrevexNYlogo-1024x134-1.avif\" decoding=\"async\" loading=\"lazy\" alt=\"prevex logo\"><\/a>                                <\/div>\n                                                            <div class=\"logo-item\">\n                                    <a href=\"https:\/\/renta.se\/\" target=\"_blank\" rel=\"nofollow\"><img src=\"https:\/\/infobric.com\/se\/wp-content\/uploads\/sites\/29\/2026\/01\/Renta-logotyp-1024x375-1.avif\" decoding=\"async\" loading=\"lazy\" alt=\"renta logo\"><\/a>                                <\/div>\n                                                            <div class=\"logo-item\">\n                                    <a href=\"https:\/\/www.ramirent.se\/\" target=\"_blank\" rel=\"nofollow\"><img src=\"https:\/\/infobric.com\/se\/wp-content\/uploads\/sites\/29\/2026\/01\/Ramirent.avif\" decoding=\"async\" loading=\"lazy\" alt=\"ramirent logo\"><\/a>                                <\/div>\n                                                            <div class=\"logo-item\">\n                                    <a href=\"https:\/\/rental.se\/\" target=\"_blank\" rel=\"nofollow\"><img src=\"https:\/\/infobric.com\/se\/wp-content\/uploads\/sites\/29\/2026\/01\/skanskarental.avif\" decoding=\"async\" loading=\"lazy\" alt=\"skanska rental logo\" class=\"elementor-repeater-item-4369ab3\"><\/a>                                <\/div>\n                                                            <div class=\"logo-item\">\n                                    <img src=\"https:\/\/infobric.com\/se\/wp-content\/uploads\/sites\/29\/2026\/01\/stavdal.avif\" decoding=\"async\" loading=\"lazy\" alt=\"stavdal logo\" class=\"elementor-repeater-item-83b307a\">                                <\/div>\n                                                            <div class=\"logo-item\">\n                                    <a href=\"https:\/\/www.tholmarks.se\/\" target=\"_blank\" rel=\"nofollow\"><img src=\"https:\/\/infobric.com\/se\/wp-content\/uploads\/sites\/29\/2026\/01\/Tholmarks.avif\" decoding=\"async\" loading=\"lazy\" alt=\"tholmarks logo\" class=\"elementor-repeater-item-5a086de\"><\/a>                                <\/div>\n                                                            <div class=\"logo-item\">\n                                    <a href=\"https:\/\/yrc.se\/\" target=\"_blank\" rel=\"nofollow\"><img src=\"https:\/\/infobric.com\/se\/wp-content\/uploads\/sites\/29\/2026\/01\/YRC-Rental.avif\" decoding=\"async\" loading=\"lazy\" alt=\"YRC Rental logo\" class=\"elementor-repeater-item-19a3bd2\"><\/a>                                <\/div>\n                                                            <div class=\"logo-item\">\n                                    <a href=\"https:\/\/www.vernummaskin.se\/\" target=\"_blank\" rel=\"nofollow\"><img src=\"https:\/\/infobric.com\/se\/wp-content\/uploads\/sites\/29\/2026\/01\/vernum_Maskin_logotyp.avif\" decoding=\"async\" loading=\"lazy\" alt=\"vernum maskin logo\" class=\"elementor-repeater-item-3afd40a\"><\/a>                                <\/div>\n                                                            <div class=\"logo-item\">\n                                    <a href=\"https:\/\/wangeskog.se\/\" target=\"_blank\" rel=\"nofollow\"><img src=\"https:\/\/infobric.com\/se\/wp-content\/uploads\/sites\/29\/2026\/01\/Wangeskog_Ordmarke-Klarbla-1024x576-1.avif\" decoding=\"async\" loading=\"lazy\" alt=\"wangeskog logo\" class=\"elementor-repeater-item-559fdb8\"><\/a>                                <\/div>\n                                                    <\/div>\n                    <\/div>\n                            <\/div>\n        <\/div>\n        \t\t<\/div>\n\t\t\t\t<\/div>\n\t\t\t\t\t<\/div>\n\t\t\t\t<\/div>\n\t\t<div class=\"elementor-element elementor-element-5ffa81d e-flex e-con-boxed e-con e-parent\" data-id=\"5ffa81d\" data-element_type=\"container\">\n\t\t\t\t\t<div class=\"e-con-inner\">\n\t\t\t\t<div class=\"elementor-element elementor-element-0361947 elementor-widget elementor-widget-infobric-text-image\" data-id=\"0361947\" data-element_type=\"widget\" data-widget_type=\"infobric-text-image.default\">\n\t\t\t\t<div class=\"elementor-widget-container\">\n\t\t\t            <div class=\"ib-tib\">\n                <div class=\"ib-tib-content\">\n                    <div class=\"ib-tib-ltb-wrapper\">\n                        <div class=\"ib-tib-lt-wrapper\">\n                                                        <div class=\"ib-tib-t-wrapper\">\n                                <h2 class=\"ib-tib-headline global-headline global-headline-m\">Blivande partner?<\/h2>\n                                <div class=\"ib-tib-body global-body-light-m\"><p>\u00c4r du inte en partner till oss idag, men skulle vilja vill bli?<\/p><p>H\u00f6r av dig s\u00e5 ber\u00e4ttar vi g\u00e4rna mer om hur vi arbetar och tittar p\u00e5 m\u00f6jligheter f\u00f6r ett samarbete!<\/p><\/div>\n                            <\/div>\n                        <\/div>\n                                                                                    <a href=\"https:\/\/infobric.com\/se\/kontakta-oss\/\" class=\"ib-button-tertiary ib-button-tertiary-light-bg \" >\n                                    <div class=\"ib-button-tertiary-wrapper\">\n                                    <div class=\"ib-button-tertiary-btn-text global-body-button\">Till kontaktsidan<\/div>\n                                        <div class=\"ib-button-tertiary-btn-text-abs global-body-button\">Till kontaktsidan<\/div>\n                                    <\/div>\n                                <\/a>\n                                                                        <\/div>\n                                            <div class=\"ib-tib-img-wrapper\">\n                            <img loading=\"lazy\" width=\"768\" height=\"512\" src=\"https:\/\/infobric.com\/se\/wp-content\/uploads\/sites\/29\/2026\/01\/B2A3692-WEBSITE-768x512.avif\" class=\"tib-image-env\" alt=\"tv\u00e5 byggarbetare med app p\u00e5 byggarbetsplats\" loading=\"lazy\" decoding=\"async\" sizes=\"(max-width: 767px) 100vw, 50vw\" srcset=\"https:\/\/infobric.com\/se\/wp-content\/uploads\/sites\/29\/2026\/01\/B2A3692-WEBSITE-768x512.avif 768w, https:\/\/infobric.com\/se\/wp-content\/uploads\/sites\/29\/2026\/01\/B2A3692-WEBSITE-300x200.avif 300w, https:\/\/infobric.com\/se\/wp-content\/uploads\/sites\/29\/2026\/01\/B2A3692-WEBSITE-1024x683.avif 1024w, https:\/\/infobric.com\/se\/wp-content\/uploads\/sites\/29\/2026\/01\/B2A3692-WEBSITE-1536x1024.avif 1536w, https:\/\/infobric.com\/se\/wp-content\/uploads\/sites\/29\/2026\/01\/B2A3692-WEBSITE-600x400.avif 600w, https:\/\/infobric.com\/se\/wp-content\/uploads\/sites\/29\/2026\/01\/B2A3692-WEBSITE.avif 2048w\" \/>                        <\/div>\n                                    <\/div>\n            <\/div>\n            \t\t<\/div>\n\t\t\t\t<\/div>\n\t\t\t\t\t<\/div>\n\t\t\t\t<\/div>\n\t\t\t\t<\/div>\n\t\t","protected":false},"excerpt":{"rendered":"<p>Partners En av v\u00e5ra styrkor \u00e4r alla v\u00e5ra partners. \u00d6ver hela landet samarbetar vi med maskinuthyrare som tillhandah\u00e5ller v\u00e5ra produkter. Det inneb\u00e4r att du som kund alltid har m\u00f6jlighet att hyra en Regbox eller en grind om du inte vill k\u00f6pa den. Dessutom p\u00e5 en&#8230;<\/p>\n","protected":false},"author":29,"featured_media":16678,"parent":0,"menu_order":0,"comment_status":"closed","ping_status":"closed","template":"","meta":{"_acf_changed":false,"footnotes":""},"acf":[],"yoast_head":"<!-- This site is optimized with the Yoast SEO Premium plugin v22.5 (Yoast SEO v22.5) - https:\/\/yoast.com\/wordpress\/plugins\/seo\/ -->\n<title>Samarbete med maskinuthyrare<\/title>\n<meta name=\"description\" content=\"Du som kund alltid har m\u00f6jlighet att hyra en Regbox eller en grind om du inte vill k\u00f6pa den via v\u00e5ra partners som finns i hela landet.\" \/>\n<meta name=\"robots\" content=\"index, follow, max-snippet:-1, max-image-preview:large, max-video-preview:-1\" \/>\n<link rel=\"canonical\" href=\"https:\/\/infobric.com\/se\/partners\/\" \/>\n<meta property=\"og:locale\" content=\"sv_SE\" \/>\n<meta property=\"og:type\" content=\"article\" \/>\n<meta property=\"og:title\" content=\"Partners\" \/>\n<meta property=\"og:description\" content=\"Du som kund alltid har m\u00f6jlighet att hyra en Regbox eller en grind om du inte vill k\u00f6pa den via v\u00e5ra partners som finns i hela landet.\" \/>\n<meta property=\"og:url\" content=\"https:\/\/infobric.com\/se\/partners\/\" \/>\n<meta property=\"og:site_name\" content=\"Sweden\" \/>\n<meta property=\"article:modified_time\" content=\"2026-03-23T12:50:03+00:00\" \/>\n<meta name=\"twitter:card\" content=\"summary_large_image\" \/>\n<script type=\"application\/ld+json\" class=\"yoast-schema-graph\">{\"@context\":\"https:\/\/schema.org\",\"@graph\":[{\"@type\":\"WebPage\",\"@id\":\"https:\/\/infobric.com\/se\/partners\/\",\"url\":\"https:\/\/infobric.com\/se\/partners\/\",\"name\":\"Samarbete med maskinuthyrare\",\"isPartOf\":{\"@id\":\"https:\/\/infobric.com\/se\/#website\"},\"primaryImageOfPage\":{\"@id\":\"https:\/\/infobric.com\/se\/partners\/#primaryimage\"},\"image\":{\"@id\":\"https:\/\/infobric.com\/se\/partners\/#primaryimage\"},\"thumbnailUrl\":\"https:\/\/infobric.com\/se\/wp-content\/uploads\/sites\/29\/2025\/12\/B2A3980-WEBSITE-1.avif\",\"datePublished\":\"2024-09-10T14:53:57+00:00\",\"dateModified\":\"2026-03-23T12:50:03+00:00\",\"description\":\"Du som kund alltid har m\u00f6jlighet att hyra en Regbox eller en grind om du inte vill k\u00f6pa den via v\u00e5ra partners som finns i hela landet.\",\"breadcrumb\":{\"@id\":\"https:\/\/infobric.com\/se\/partners\/#breadcrumb\"},\"inLanguage\":\"sv-SE\",\"potentialAction\":[{\"@type\":\"ReadAction\",\"target\":[\"https:\/\/infobric.com\/se\/partners\/\"]}]},{\"@type\":\"ImageObject\",\"inLanguage\":\"sv-SE\",\"@id\":\"https:\/\/infobric.com\/se\/partners\/#primaryimage\",\"url\":\"https:\/\/infobric.com\/se\/wp-content\/uploads\/sites\/29\/2025\/12\/B2A3980-WEBSITE-1.avif\",\"contentUrl\":\"https:\/\/infobric.com\/se\/wp-content\/uploads\/sites\/29\/2025\/12\/B2A3980-WEBSITE-1.avif\",\"width\":2048,\"height\":1365,\"caption\":\"tv\u00e5 byggarbetare pratar p\u00e5 byggarbetsplats\"},{\"@type\":\"BreadcrumbList\",\"@id\":\"https:\/\/infobric.com\/se\/partners\/#breadcrumb\",\"itemListElement\":[{\"@type\":\"ListItem\",\"position\":1,\"name\":\"Home\",\"item\":\"https:\/\/infobric.com\/se\/\"},{\"@type\":\"ListItem\",\"position\":2,\"name\":\"Partners\"}]},{\"@type\":\"WebSite\",\"@id\":\"https:\/\/infobric.com\/se\/#website\",\"url\":\"https:\/\/infobric.com\/se\/\",\"name\":\"Sweden\",\"description\":\"\",\"alternateName\":\"infobric SE\",\"potentialAction\":[{\"@type\":\"SearchAction\",\"target\":{\"@type\":\"EntryPoint\",\"urlTemplate\":\"https:\/\/infobric.com\/se\/?s={search_term_string}\"},\"query-input\":\"required name=search_term_string\"}],\"inLanguage\":\"sv-SE\"},{\"@type\":\"ImageObject\",\"inLanguage\":\"sv-SE\",\"@id\":\"https:\/\/infobric.com\/se\/partners\/#local-main-organization-logo\",\"url\":\"\",\"contentUrl\":\"\",\"caption\":\"Infobric\"}]}<\/script>\n<!-- \/ Yoast SEO Premium plugin. -->","yoast_head_json":{"title":"Samarbete med maskinuthyrare","description":"Du som kund alltid har m\u00f6jlighet att hyra en Regbox eller en grind om du inte vill k\u00f6pa den via v\u00e5ra partners som finns i hela landet.","robots":{"index":"index","follow":"follow","max-snippet":"max-snippet:-1","max-image-preview":"max-image-preview:large","max-video-preview":"max-video-preview:-1"},"canonical":"https:\/\/infobric.com\/se\/partners\/","og_locale":"sv_SE","og_type":"article","og_title":"Partners","og_description":"Du som kund alltid har m\u00f6jlighet att hyra en Regbox eller en grind om du inte vill k\u00f6pa den via v\u00e5ra partners som finns i hela landet.","og_url":"https:\/\/infobric.com\/se\/partners\/","og_site_name":"Sweden","article_modified_time":"2026-03-23T12:50:03+00:00","twitter_card":"summary_large_image","schema":{"@context":"https:\/\/schema.org","@graph":[{"@type":"WebPage","@id":"https:\/\/infobric.com\/se\/partners\/","url":"https:\/\/infobric.com\/se\/partners\/","name":"Samarbete med maskinuthyrare","isPartOf":{"@id":"https:\/\/infobric.com\/se\/#website"},"primaryImageOfPage":{"@id":"https:\/\/infobric.com\/se\/partners\/#primaryimage"},"image":{"@id":"https:\/\/infobric.com\/se\/partners\/#primaryimage"},"thumbnailUrl":"https:\/\/infobric.com\/se\/wp-content\/uploads\/sites\/29\/2025\/12\/B2A3980-WEBSITE-1.avif","datePublished":"2024-09-10T14:53:57+00:00","dateModified":"2026-03-23T12:50:03+00:00","description":"Du som kund alltid har m\u00f6jlighet att hyra en Regbox eller en grind om du inte vill k\u00f6pa den via v\u00e5ra partners som finns i hela landet.","breadcrumb":{"@id":"https:\/\/infobric.com\/se\/partners\/#breadcrumb"},"inLanguage":"sv-SE","potentialAction":[{"@type":"ReadAction","target":["https:\/\/infobric.com\/se\/partners\/"]}]},{"@type":"ImageObject","inLanguage":"sv-SE","@id":"https:\/\/infobric.com\/se\/partners\/#primaryimage","url":"https:\/\/infobric.com\/se\/wp-content\/uploads\/sites\/29\/2025\/12\/B2A3980-WEBSITE-1.avif","contentUrl":"https:\/\/infobric.com\/se\/wp-content\/uploads\/sites\/29\/2025\/12\/B2A3980-WEBSITE-1.avif","width":2048,"height":1365,"caption":"tv\u00e5 byggarbetare pratar p\u00e5 byggarbetsplats"},{"@type":"BreadcrumbList","@id":"https:\/\/infobric.com\/se\/partners\/#breadcrumb","itemListElement":[{"@type":"ListItem","position":1,"name":"Home","item":"https:\/\/infobric.com\/se\/"},{"@type":"ListItem","position":2,"name":"Partners"}]},{"@type":"WebSite","@id":"https:\/\/infobric.com\/se\/#website","url":"https:\/\/infobric.com\/se\/","name":"Sweden","description":"","alternateName":"infobric SE","potentialAction":[{"@type":"SearchAction","target":{"@type":"EntryPoint","urlTemplate":"https:\/\/infobric.com\/se\/?s={search_term_string}"},"query-input":"required name=search_term_string"}],"inLanguage":"sv-SE"},{"@type":"ImageObject","inLanguage":"sv-SE","@id":"https:\/\/infobric.com\/se\/partners\/#local-main-organization-logo","url":"","contentUrl":"","caption":"Infobric"}]}},"_links":{"self":[{"href":"https:\/\/infobric.com\/se\/wp-json\/wp\/v2\/pages\/5059"}],"collection":[{"href":"https:\/\/infobric.com\/se\/wp-json\/wp\/v2\/pages"}],"about":[{"href":"https:\/\/infobric.com\/se\/wp-json\/wp\/v2\/types\/page"}],"author":[{"embeddable":true,"href":"https:\/\/infobric.com\/se\/wp-json\/wp\/v2\/users\/29"}],"replies":[{"embeddable":true,"href":"https:\/\/infobric.com\/se\/wp-json\/wp\/v2\/comments?post=5059"}],"version-history":[{"count":20,"href":"https:\/\/infobric.com\/se\/wp-json\/wp\/v2\/pages\/5059\/revisions"}],"predecessor-version":[{"id":28703,"href":"https:\/\/infobric.com\/se\/wp-json\/wp\/v2\/pages\/5059\/revisions\/28703"}],"wp:featuredmedia":[{"embeddable":true,"href":"https:\/\/infobric.com\/se\/wp-json\/wp\/v2\/media\/16678"}],"wp:attachment":[{"href":"https:\/\/infobric.com\/se\/wp-json\/wp\/v2\/media?parent=5059"}],"curies":[{"name":"wp","href":"https:\/\/api.w.org\/{rel}","templated":true}]}}