{"id":6049,"date":"2024-09-10T12:19:48","date_gmt":"2024-09-10T12:19:48","guid":{"rendered":"https:\/\/infobric.se\/equipment-assets\/?page_id=6049"},"modified":"2026-02-17T14:19:55","modified_gmt":"2026-02-17T14:19:55","slug":"lonsamhetsguiden-tack","status":"publish","type":"page","link":"https:\/\/infobric.com\/se\/guider\/lonsamhetsguiden\/tack\/","title":{"rendered":"L\u00f6nsamhetsguiden &#8211; tack"},"content":{"rendered":"\t\t<div data-elementor-type=\"wp-page\" data-elementor-id=\"6049\" class=\"elementor elementor-6049\" data-elementor-post-type=\"page\">\n\t\t\t\t<div class=\"elementor-element elementor-element-45f414ec e-flex e-con-boxed e-con e-parent\" data-id=\"45f414ec\" data-element_type=\"container\" data-settings=\"{&quot;background_background&quot;:&quot;classic&quot;}\">\n\t\t\t\t\t<div class=\"e-con-inner\">\n\t\t\t\t<div class=\"elementor-element elementor-element-24aba0e elementor-widget elementor-widget-infobric-thank-you\" data-id=\"24aba0e\" data-element_type=\"widget\" data-widget_type=\"infobric-thank-you.default\">\n\t\t\t\t<div class=\"elementor-widget-container\">\n\t\t\t        <div class=\"ty-block\">\n            <div class=\"ty-content-wrapper\">\n                <div class=\"ty-content\">\n                    <div class=\"ty-text-wrapper\">\n                        <h1 class=\"ty-headline global-headline global-headline-xl\">\n                            Tack f\u00f6r din nedladdning \ud83c\udf89                        <\/h1>\n                        <p class=\"ty-text global-subheadline global-subheadline-xs\">\n                            Vi har skickat guiden till din mailinkorg. Ibland kan det ta n\u00e5gra minuter f\u00f6r mailet att komma fram. Gl\u00f6m inte att kolla skr\u00e4pposten. Trevlig l\u00e4sning!                        <\/p>\n                    <\/div>\n                    <div class=\"ty-buttons-wrapper\">\n                                                    <a class=\"ib-button-tertiary ib-button-tertiary-dark-bg\" href=\"https:\/\/infobric.com\/se\/plattformar\/workorder\/#cta\">\n                                <div class=\"ib-button-tertiary-wrapper\">\n                                    <div class=\"ib-button-tertiary-btn-text global-body-button\">G\u00e5 till startsidan<\/div>\n                                    <div class=\"ib-button-tertiary-btn-text-abs global-body-button\">G\u00e5 till startsidan<\/div>\n                                <\/div>\n                            <\/a>\n                                                <a class=\"ib-button-primary\" href=\"https:\/\/infobric.com\/se\/plattformar\/\">\n                            <div class=\"ib-button-primary-wrapper\">\n                                <div class=\"ib-button-primary-btn-text global-body-button\">Boka demo<\/div>\n                                <div class=\"ib-button-primary-btn-text-abs global-body-button\">Boka demo<\/div>\n                            <\/div>\n                        <\/a>\n                    <\/div>\n                <\/div>\n            <\/div>\n        <\/div>\n        \t\t<\/div>\n\t\t\t\t<\/div>\n\t\t\t\t\t<\/div>\n\t\t\t\t<\/div>\n\t\t<div class=\"elementor-element elementor-element-30ae22a3 e-flex e-con-boxed e-con e-parent\" data-id=\"30ae22a3\" data-element_type=\"container\" data-settings=\"{&quot;background_background&quot;:&quot;classic&quot;}\">\n\t\t\t\t\t<div class=\"e-con-inner\">\n\t\t\t\t<div class=\"elementor-element elementor-element-16e4aa26 elementor-widget elementor-widget-infobric_read_more\" data-id=\"16e4aa26\" data-element_type=\"widget\" data-widget_type=\"infobric_read_more.default\">\n\t\t\t\t<div class=\"elementor-widget-container\">\n\t\t\t        <div class=\"read-more-widget\">\n            <div class=\"read-more-widget-content\">\n                <h4 class=\"global-headline global-headline-l\">Fler l\u00f6sningar fr\u00e5n oss.<\/h4>\n                <div class=\"read-more-wrapper\">\n                                            <div class=\"read-more-post-item\">\n                            <img loading=\"lazy\" width=\"1024\" height=\"651\" src=\"https:\/\/infobric.com\/se\/wp-content\/uploads\/sites\/29\/2025\/12\/Magazine-03-Resursguiden-1536x976-1-1024x651.avif\" class=\"attachment-large size-large\" alt=\"\" loading=\"lazy\" decoding=\"async\" sizes=\"(max-width: 767px) 100vw, 33vw\" srcset=\"https:\/\/infobric.com\/se\/wp-content\/uploads\/sites\/29\/2025\/12\/Magazine-03-Resursguiden-1536x976-1-1024x651.avif 1024w, https:\/\/infobric.com\/se\/wp-content\/uploads\/sites\/29\/2025\/12\/Magazine-03-Resursguiden-1536x976-1-300x191.avif 300w, https:\/\/infobric.com\/se\/wp-content\/uploads\/sites\/29\/2025\/12\/Magazine-03-Resursguiden-1536x976-1-768x488.avif 768w, https:\/\/infobric.com\/se\/wp-content\/uploads\/sites\/29\/2025\/12\/Magazine-03-Resursguiden-1536x976-1-600x381.avif 600w, https:\/\/infobric.com\/se\/wp-content\/uploads\/sites\/29\/2025\/12\/Magazine-03-Resursguiden-1536x976-1.avif 1536w\" \/>                            <div class=\"read-more-post-item-wrapper\">\n                                <div class=\"read-more-post-item-text-wrapper\">\n                                    <h6 class=\"global-headline global-headline-xs\">Resursguiden<\/h6>\n                                    <p class=\"global-body-light-m\">Resursguiden\nHur kan man planera sina resurser p\u00e5 ett smartare s\u00e4tt? Varf\u00f6r \u00e4r det viktigt att ha en effektiv resursplanering? Hur kan personberoende \u00e4r ditt f\u00f6retag? Allt det h\u00e4r, och lite...<\/p>\n                                <\/div>\n                                <a class=\"ib-button-link ib-button-link-light-bg global-body-button \" href=\"https:\/\/infobric.com\/se\/guider\/resursguiden\/\"  >\n                                    L\u00e4s mer                                    <svg xmlns=\"http:\/\/www.w3.org\/2000\/svg\" width=\"8\" height=\"11\" viewBox=\"0 0 8 11\" fill=\"none\">\n                                        <path d=\"M2 9.5L6 5.5L2 1.5\" stroke=\"#1D2C38\" stroke-width=\"2.4\" stroke-miterlimit=\"10\" stroke-linecap=\"round\" stroke-linejoin=\"round\"\/>\n                                    <\/svg>\n                                <\/a>\n                            <\/div>\n                        <\/div>\n                                            <div class=\"read-more-post-item\">\n                            <img loading=\"lazy\" width=\"1024\" height=\"528\" src=\"https:\/\/infobric.com\/se\/wp-content\/uploads\/sites\/29\/2025\/12\/Korjournalsguiden25.1_1200x628-1024x528.avif\" class=\"attachment-large size-large\" alt=\"En guide om k\u00f6rjournaler, k\u00f6rjournalsguiden\" loading=\"lazy\" decoding=\"async\" sizes=\"(max-width: 767px) 100vw, 33vw\" srcset=\"https:\/\/infobric.com\/se\/wp-content\/uploads\/sites\/29\/2025\/12\/Korjournalsguiden25.1_1200x628-1024x528.avif 1024w, https:\/\/infobric.com\/se\/wp-content\/uploads\/sites\/29\/2025\/12\/Korjournalsguiden25.1_1200x628-300x155.avif 300w, https:\/\/infobric.com\/se\/wp-content\/uploads\/sites\/29\/2025\/12\/Korjournalsguiden25.1_1200x628-768x396.avif 768w, https:\/\/infobric.com\/se\/wp-content\/uploads\/sites\/29\/2025\/12\/Korjournalsguiden25.1_1200x628-600x309.avif 600w, https:\/\/infobric.com\/se\/wp-content\/uploads\/sites\/29\/2025\/12\/Korjournalsguiden25.1_1200x628.avif 1164w\" \/>                            <div class=\"read-more-post-item-wrapper\">\n                                <div class=\"read-more-post-item-text-wrapper\">\n                                    <h6 class=\"global-headline global-headline-xs\">K\u00f6rjournalshandboken<\/h6>\n                                    <p class=\"global-body-light-m\">Allt du beh\u00f6ver veta om\u00a0k\u00f6rjournaler\u00a0och lite till. Ett perfekt underlag till dig som har funderingar kring k\u00f6rjournaler och digitalisering av fordonsparken.<\/p>\n                                <\/div>\n                                <a class=\"ib-button-link ib-button-link-light-bg global-body-button \" href=\"https:\/\/infobric.com\/se\/guider\/korjournalshandboken\/\"  >\n                                    L\u00e4s mer                                    <svg xmlns=\"http:\/\/www.w3.org\/2000\/svg\" width=\"8\" height=\"11\" viewBox=\"0 0 8 11\" fill=\"none\">\n                                        <path d=\"M2 9.5L6 5.5L2 1.5\" stroke=\"#1D2C38\" stroke-width=\"2.4\" stroke-miterlimit=\"10\" stroke-linecap=\"round\" stroke-linejoin=\"round\"\/>\n                                    <\/svg>\n                                <\/a>\n                            <\/div>\n                        <\/div>\n                                            <div class=\"read-more-post-item\">\n                            <img loading=\"lazy\" width=\"1024\" height=\"683\" src=\"https:\/\/infobric.com\/se\/wp-content\/uploads\/sites\/29\/2022\/11\/willys-1_webb-1024x683.avif\" class=\"attachment-large size-large\" alt=\"\" loading=\"lazy\" decoding=\"async\" sizes=\"(max-width: 767px) 100vw, 33vw\" srcset=\"https:\/\/infobric.com\/se\/wp-content\/uploads\/sites\/29\/2022\/11\/willys-1_webb-1024x683.avif 1024w, https:\/\/infobric.com\/se\/wp-content\/uploads\/sites\/29\/2022\/11\/willys-1_webb-300x200.avif 300w, https:\/\/infobric.com\/se\/wp-content\/uploads\/sites\/29\/2022\/11\/willys-1_webb-768x512.avif 768w, https:\/\/infobric.com\/se\/wp-content\/uploads\/sites\/29\/2022\/11\/willys-1_webb-1536x1024.avif 1536w, https:\/\/infobric.com\/se\/wp-content\/uploads\/sites\/29\/2022\/11\/willys-1_webb-600x400.avif 600w, https:\/\/infobric.com\/se\/wp-content\/uploads\/sites\/29\/2022\/11\/willys-1_webb.avif 1600w\" \/>                            <div class=\"read-more-post-item-wrapper\">\n                                <div class=\"read-more-post-item-text-wrapper\">\n                                    <h6 class=\"global-headline global-headline-xs\">Willys serviceorganisation sparar in 20 timmar i veckan med Infobric Workorder<\/h6>\n                                    <p class=\"global-body-light-m\">Matbutikskedjan Willys serviceorganisation har funnits i strax \u00f6ver 10 \u00e5r och utf\u00f6r serviceuppdrag f\u00f6r kedjans butiker. I arbetsuppgifterna ing\u00e5r bland annat fels\u00f6kning och reparation av kassadiskar och truckar \u2013 men...<\/p>\n                                <\/div>\n                                <a class=\"ib-button-link ib-button-link-light-bg global-body-button \" href=\"https:\/\/infobric.com\/se\/kundberattelser\/willys-serviceorganisation\/\"  >\n                                    L\u00e4s mer                                    <svg xmlns=\"http:\/\/www.w3.org\/2000\/svg\" width=\"8\" height=\"11\" viewBox=\"0 0 8 11\" fill=\"none\">\n                                        <path d=\"M2 9.5L6 5.5L2 1.5\" stroke=\"#1D2C38\" stroke-width=\"2.4\" stroke-miterlimit=\"10\" stroke-linecap=\"round\" stroke-linejoin=\"round\"\/>\n                                    <\/svg>\n                                <\/a>\n                            <\/div>\n                        <\/div>\n                                    <\/div>\n            <\/div>\n        <\/div>\n        \t\t<\/div>\n\t\t\t\t<\/div>\n\t\t\t\t\t<\/div>\n\t\t\t\t<\/div>\n\t\t\t\t<\/div>\n\t\t","protected":false},"excerpt":{"rendered":"<p>Tack f\u00f6r din nedladdning \ud83c\udf89 Vi har skickat guiden till din mailinkorg. Ibland kan det ta n\u00e5gra minuter f\u00f6r mailet att komma fram. Gl\u00f6m inte att kolla skr\u00e4pposten. Trevlig l\u00e4sning! G\u00e5 till startsidan G\u00e5 till startsidan Boka demo Boka demo Fler l\u00f6sningar fr\u00e5n oss. Resursguiden&#8230;<\/p>\n","protected":false},"author":25,"featured_media":0,"parent":0,"menu_order":0,"comment_status":"closed","ping_status":"closed","template":"","meta":{"_acf_changed":false,"footnotes":""},"acf":[],"yoast_head":"<!-- This site is optimized with the Yoast SEO Premium plugin v22.5 (Yoast SEO v22.5) - https:\/\/yoast.com\/wordpress\/plugins\/seo\/ -->\n<title>L\u00f6nsamhetsguiden - tack | Infobric<\/title>\n<meta name=\"robots\" content=\"index, follow, max-snippet:-1, max-image-preview:large, max-video-preview:-1\" \/>\n<link rel=\"canonical\" href=\"https:\/\/infobric.com\/se\/guider\/lonsamhetsguiden\/tack\/\" \/>\n<meta property=\"og:locale\" content=\"sv_SE\" \/>\n<meta property=\"og:type\" content=\"article\" \/>\n<meta property=\"og:title\" content=\"L\u00f6nsamhetsguiden - tack\" \/>\n<meta property=\"og:description\" content=\"Tack f\u00f6r din nedladdning \ud83c\udf89 Vi har skickat guiden till din mailinkorg. Ibland kan det ta n\u00e5gra minuter f\u00f6r mailet att komma fram. Gl\u00f6m inte att kolla skr\u00e4pposten. Trevlig l\u00e4sning! G\u00e5 till startsidan G\u00e5 till startsidan Boka demo Boka demo Fler l\u00f6sningar fr\u00e5n oss. Resursguiden...\" \/>\n<meta property=\"og:url\" content=\"https:\/\/infobric.com\/se\/guider\/lonsamhetsguiden\/tack\/\" \/>\n<meta property=\"og:site_name\" content=\"Sweden\" \/>\n<meta property=\"article:modified_time\" content=\"2026-02-17T14:19:55+00:00\" \/>\n<meta property=\"og:image\" content=\"https:\/\/infobric.com\/wp-content\/uploads\/2024\/09\/INFOBRIC_B2A2720-WEBB.jpg\" \/>\n<meta name=\"twitter:card\" content=\"summary_large_image\" \/>\n<script type=\"application\/ld+json\" class=\"yoast-schema-graph\">{\"@context\":\"https:\/\/schema.org\",\"@graph\":[{\"@type\":\"WebPage\",\"@id\":\"https:\/\/infobric.com\/se\/guider\/lonsamhetsguiden\/tack\/\",\"url\":\"https:\/\/infobric.com\/se\/guider\/lonsamhetsguiden\/tack\/\",\"name\":\"L\u00f6nsamhetsguiden - tack | Infobric\",\"isPartOf\":{\"@id\":\"https:\/\/infobric.com\/se\/#website\"},\"primaryImageOfPage\":{\"@id\":\"https:\/\/infobric.com\/se\/guider\/lonsamhetsguiden\/tack\/#primaryimage\"},\"image\":{\"@id\":\"https:\/\/infobric.com\/se\/guider\/lonsamhetsguiden\/tack\/#primaryimage\"},\"thumbnailUrl\":\"https:\/\/infobric.com\/wp-content\/uploads\/2024\/09\/INFOBRIC_B2A2720-WEBB.jpg\",\"datePublished\":\"2024-09-10T12:19:48+00:00\",\"dateModified\":\"2026-02-17T14:19:55+00:00\",\"breadcrumb\":{\"@id\":\"https:\/\/infobric.com\/se\/guider\/lonsamhetsguiden\/tack\/#breadcrumb\"},\"inLanguage\":\"sv-SE\",\"potentialAction\":[{\"@type\":\"ReadAction\",\"target\":[\"https:\/\/infobric.com\/se\/guider\/lonsamhetsguiden\/tack\/\"]}]},{\"@type\":\"ImageObject\",\"inLanguage\":\"sv-SE\",\"@id\":\"https:\/\/infobric.com\/se\/guider\/lonsamhetsguiden\/tack\/#primaryimage\",\"url\":\"https:\/\/infobric.com\/wp-content\/uploads\/2024\/09\/INFOBRIC_B2A2720-WEBB.jpg\",\"contentUrl\":\"https:\/\/infobric.com\/wp-content\/uploads\/2024\/09\/INFOBRIC_B2A2720-WEBB.jpg\"},{\"@type\":\"BreadcrumbList\",\"@id\":\"https:\/\/infobric.com\/se\/guider\/lonsamhetsguiden\/tack\/#breadcrumb\",\"itemListElement\":[{\"@type\":\"ListItem\",\"position\":1,\"name\":\"Home\",\"item\":\"https:\/\/infobric.com\/se\/\"},{\"@type\":\"ListItem\",\"position\":2,\"name\":\"L\u00f6nsamhetsguiden - tack\"}]},{\"@type\":\"WebSite\",\"@id\":\"https:\/\/infobric.com\/se\/#website\",\"url\":\"https:\/\/infobric.com\/se\/\",\"name\":\"Sweden\",\"description\":\"\",\"alternateName\":\"infobric SE\",\"potentialAction\":[{\"@type\":\"SearchAction\",\"target\":{\"@type\":\"EntryPoint\",\"urlTemplate\":\"https:\/\/infobric.com\/se\/?s={search_term_string}\"},\"query-input\":\"required name=search_term_string\"}],\"inLanguage\":\"sv-SE\"},{\"@type\":\"ImageObject\",\"inLanguage\":\"sv-SE\",\"@id\":\"https:\/\/infobric.com\/se\/guider\/lonsamhetsguiden\/tack\/#local-main-organization-logo\",\"url\":\"\",\"contentUrl\":\"\",\"caption\":\"Infobric\"}]}<\/script>\n<!-- \/ Yoast SEO Premium plugin. -->","yoast_head_json":{"title":"L\u00f6nsamhetsguiden - tack | Infobric","robots":{"index":"index","follow":"follow","max-snippet":"max-snippet:-1","max-image-preview":"max-image-preview:large","max-video-preview":"max-video-preview:-1"},"canonical":"https:\/\/infobric.com\/se\/guider\/lonsamhetsguiden\/tack\/","og_locale":"sv_SE","og_type":"article","og_title":"L\u00f6nsamhetsguiden - tack","og_description":"Tack f\u00f6r din nedladdning \ud83c\udf89 Vi har skickat guiden till din mailinkorg. Ibland kan det ta n\u00e5gra minuter f\u00f6r mailet att komma fram. Gl\u00f6m inte att kolla skr\u00e4pposten. Trevlig l\u00e4sning! G\u00e5 till startsidan G\u00e5 till startsidan Boka demo Boka demo Fler l\u00f6sningar fr\u00e5n oss. Resursguiden...","og_url":"https:\/\/infobric.com\/se\/guider\/lonsamhetsguiden\/tack\/","og_site_name":"Sweden","article_modified_time":"2026-02-17T14:19:55+00:00","og_image":[{"url":"https:\/\/infobric.com\/wp-content\/uploads\/2024\/09\/INFOBRIC_B2A2720-WEBB.jpg"}],"twitter_card":"summary_large_image","schema":{"@context":"https:\/\/schema.org","@graph":[{"@type":"WebPage","@id":"https:\/\/infobric.com\/se\/guider\/lonsamhetsguiden\/tack\/","url":"https:\/\/infobric.com\/se\/guider\/lonsamhetsguiden\/tack\/","name":"L\u00f6nsamhetsguiden - tack | Infobric","isPartOf":{"@id":"https:\/\/infobric.com\/se\/#website"},"primaryImageOfPage":{"@id":"https:\/\/infobric.com\/se\/guider\/lonsamhetsguiden\/tack\/#primaryimage"},"image":{"@id":"https:\/\/infobric.com\/se\/guider\/lonsamhetsguiden\/tack\/#primaryimage"},"thumbnailUrl":"https:\/\/infobric.com\/wp-content\/uploads\/2024\/09\/INFOBRIC_B2A2720-WEBB.jpg","datePublished":"2024-09-10T12:19:48+00:00","dateModified":"2026-02-17T14:19:55+00:00","breadcrumb":{"@id":"https:\/\/infobric.com\/se\/guider\/lonsamhetsguiden\/tack\/#breadcrumb"},"inLanguage":"sv-SE","potentialAction":[{"@type":"ReadAction","target":["https:\/\/infobric.com\/se\/guider\/lonsamhetsguiden\/tack\/"]}]},{"@type":"ImageObject","inLanguage":"sv-SE","@id":"https:\/\/infobric.com\/se\/guider\/lonsamhetsguiden\/tack\/#primaryimage","url":"https:\/\/infobric.com\/wp-content\/uploads\/2024\/09\/INFOBRIC_B2A2720-WEBB.jpg","contentUrl":"https:\/\/infobric.com\/wp-content\/uploads\/2024\/09\/INFOBRIC_B2A2720-WEBB.jpg"},{"@type":"BreadcrumbList","@id":"https:\/\/infobric.com\/se\/guider\/lonsamhetsguiden\/tack\/#breadcrumb","itemListElement":[{"@type":"ListItem","position":1,"name":"Home","item":"https:\/\/infobric.com\/se\/"},{"@type":"ListItem","position":2,"name":"L\u00f6nsamhetsguiden - tack"}]},{"@type":"WebSite","@id":"https:\/\/infobric.com\/se\/#website","url":"https:\/\/infobric.com\/se\/","name":"Sweden","description":"","alternateName":"infobric SE","potentialAction":[{"@type":"SearchAction","target":{"@type":"EntryPoint","urlTemplate":"https:\/\/infobric.com\/se\/?s={search_term_string}"},"query-input":"required name=search_term_string"}],"inLanguage":"sv-SE"},{"@type":"ImageObject","inLanguage":"sv-SE","@id":"https:\/\/infobric.com\/se\/guider\/lonsamhetsguiden\/tack\/#local-main-organization-logo","url":"","contentUrl":"","caption":"Infobric"}]}},"_links":{"self":[{"href":"https:\/\/infobric.com\/se\/wp-json\/wp\/v2\/pages\/6049"}],"collection":[{"href":"https:\/\/infobric.com\/se\/wp-json\/wp\/v2\/pages"}],"about":[{"href":"https:\/\/infobric.com\/se\/wp-json\/wp\/v2\/types\/page"}],"author":[{"embeddable":true,"href":"https:\/\/infobric.com\/se\/wp-json\/wp\/v2\/users\/25"}],"replies":[{"embeddable":true,"href":"https:\/\/infobric.com\/se\/wp-json\/wp\/v2\/comments?post=6049"}],"version-history":[{"count":7,"href":"https:\/\/infobric.com\/se\/wp-json\/wp\/v2\/pages\/6049\/revisions"}],"predecessor-version":[{"id":17334,"href":"https:\/\/infobric.com\/se\/wp-json\/wp\/v2\/pages\/6049\/revisions\/17334"}],"wp:attachment":[{"href":"https:\/\/infobric.com\/se\/wp-json\/wp\/v2\/media?parent=6049"}],"curies":[{"name":"wp","href":"https:\/\/api.w.org\/{rel}","templated":true}]}}