{"id":9450,"date":"2024-11-08T12:47:23","date_gmt":"2024-11-08T12:47:23","guid":{"rendered":"https:\/\/infobric.se\/equipment-assets\/?page_id=9450"},"modified":"2025-12-30T13:02:46","modified_gmt":"2025-12-30T13:02:46","slug":"equipment-freemium-tack","status":"publish","type":"page","link":"https:\/\/infobric.com\/se\/equipment-freemium-tack\/","title":{"rendered":"Equipment Freemium &#8211; Tack"},"content":{"rendered":"\t\t<div data-elementor-type=\"wp-page\" data-elementor-id=\"9450\" class=\"elementor elementor-9450\" data-elementor-post-type=\"page\">\n\t\t\t\t<div class=\"elementor-element elementor-element-6de42b06 e-flex e-con-boxed e-con e-parent\" data-id=\"6de42b06\" data-element_type=\"container\" data-settings=\"{&quot;background_background&quot;:&quot;classic&quot;}\">\n\t\t\t\t\t<div class=\"e-con-inner\">\n\t\t\t\t<div class=\"elementor-element elementor-element-4ea00604 elementor-widget elementor-widget-infobric-thank-you\" data-id=\"4ea00604\" data-element_type=\"widget\" data-widget_type=\"infobric-thank-you.default\">\n\t\t\t\t<div class=\"elementor-widget-container\">\n\t\t\t        <div class=\"ty-block\">\n            <div class=\"ty-content-wrapper\">\n                <div class=\"ty-content\">\n                    <div class=\"ty-text-wrapper\">\n                        <h1 class=\"ty-headline global-headline global-headline-xl\">\n                            Kul att du vill testa v\u00e5r tj\u00e4nst!                        <\/h1>\n                        <p class=\"ty-text global-subheadline global-subheadline-xs\">\n                            Vi har skickat ett mejl till dig med en l\u00e4nk och en unik, 6-siffrig kod f\u00f6r att logga in p\u00e5 ditt nya konto. H\u00f6r av dig om du undrar n\u00e5got p\u00e5 : \nsupport@infobricfleet.se                        <\/p>\n                    <\/div>\n                    <div class=\"ty-buttons-wrapper\">\n                                                <a class=\"ib-button-primary\" href=\"https:\/\/infobric.com\/se\/plattformar\/\">\n                            <div class=\"ib-button-primary-wrapper\">\n                                <div class=\"ib-button-primary-btn-text global-body-button\">Tillbaka till Infobric Equipment<\/div>\n                                <div class=\"ib-button-primary-btn-text-abs global-body-button\">Tillbaka till Infobric Equipment<\/div>\n                            <\/div>\n                        <\/a>\n                    <\/div>\n                <\/div>\n            <\/div>\n        <\/div>\n        \t\t<\/div>\n\t\t\t\t<\/div>\n\t\t\t\t\t<\/div>\n\t\t\t\t<\/div>\n\t\t\t\t<\/div>\n\t\t","protected":false},"excerpt":{"rendered":"<p>Kul att du vill testa v\u00e5r tj\u00e4nst! Vi har skickat ett mejl till dig med en l\u00e4nk och en unik, 6-siffrig kod f\u00f6r att logga in p\u00e5 ditt nya konto. H\u00f6r av dig om du undrar n\u00e5got p\u00e5 : support@infobricfleet.se Tillbaka till Infobric Equipment Tillbaka&#8230;<\/p>\n","protected":false},"author":25,"featured_media":0,"parent":0,"menu_order":0,"comment_status":"closed","ping_status":"closed","template":"","meta":{"_acf_changed":false,"footnotes":""},"acf":[],"yoast_head":"<!-- This site is optimized with the Yoast SEO Premium plugin v22.5 (Yoast SEO v22.5) - https:\/\/yoast.com\/wordpress\/plugins\/seo\/ -->\n<title>Equipment Freemium - Tack | Infobric<\/title>\n<meta name=\"robots\" content=\"index, follow, max-snippet:-1, max-image-preview:large, max-video-preview:-1\" \/>\n<link rel=\"canonical\" href=\"https:\/\/infobric.com\/se\/equipment-freemium-tack\/\" \/>\n<meta property=\"og:locale\" content=\"sv_SE\" \/>\n<meta property=\"og:type\" content=\"article\" \/>\n<meta property=\"og:title\" content=\"Equipment Freemium - Tack\" \/>\n<meta property=\"og:description\" content=\"Kul att du vill testa v\u00e5r tj\u00e4nst! Vi har skickat ett mejl till dig med en l\u00e4nk och en unik, 6-siffrig kod f\u00f6r att logga in p\u00e5 ditt nya konto. H\u00f6r av dig om du undrar n\u00e5got p\u00e5 : support@infobricfleet.se Tillbaka till Infobric Equipment Tillbaka...\" \/>\n<meta property=\"og:url\" content=\"https:\/\/infobric.com\/se\/equipment-freemium-tack\/\" \/>\n<meta property=\"og:site_name\" content=\"Sweden\" \/>\n<meta property=\"article:modified_time\" content=\"2025-12-30T13:02:46+00:00\" \/>\n<meta name=\"twitter:card\" content=\"summary_large_image\" \/>\n<script type=\"application\/ld+json\" class=\"yoast-schema-graph\">{\"@context\":\"https:\/\/schema.org\",\"@graph\":[{\"@type\":\"WebPage\",\"@id\":\"https:\/\/infobric.com\/se\/equipment-freemium-tack\/\",\"url\":\"https:\/\/infobric.com\/se\/equipment-freemium-tack\/\",\"name\":\"Equipment Freemium - Tack | Infobric\",\"isPartOf\":{\"@id\":\"https:\/\/infobric.com\/se\/#website\"},\"datePublished\":\"2024-11-08T12:47:23+00:00\",\"dateModified\":\"2025-12-30T13:02:46+00:00\",\"breadcrumb\":{\"@id\":\"https:\/\/infobric.com\/se\/equipment-freemium-tack\/#breadcrumb\"},\"inLanguage\":\"sv-SE\",\"potentialAction\":[{\"@type\":\"ReadAction\",\"target\":[\"https:\/\/infobric.com\/se\/equipment-freemium-tack\/\"]}]},{\"@type\":\"BreadcrumbList\",\"@id\":\"https:\/\/infobric.com\/se\/equipment-freemium-tack\/#breadcrumb\",\"itemListElement\":[{\"@type\":\"ListItem\",\"position\":1,\"name\":\"Home\",\"item\":\"https:\/\/infobric.com\/se\/\"},{\"@type\":\"ListItem\",\"position\":2,\"name\":\"Equipment Freemium &#8211; Tack\"}]},{\"@type\":\"WebSite\",\"@id\":\"https:\/\/infobric.com\/se\/#website\",\"url\":\"https:\/\/infobric.com\/se\/\",\"name\":\"Sweden\",\"description\":\"\",\"alternateName\":\"infobric SE\",\"potentialAction\":[{\"@type\":\"SearchAction\",\"target\":{\"@type\":\"EntryPoint\",\"urlTemplate\":\"https:\/\/infobric.com\/se\/?s={search_term_string}\"},\"query-input\":\"required name=search_term_string\"}],\"inLanguage\":\"sv-SE\"},{\"@type\":\"ImageObject\",\"inLanguage\":\"sv-SE\",\"@id\":\"https:\/\/infobric.com\/se\/equipment-freemium-tack\/#local-main-organization-logo\",\"url\":\"\",\"contentUrl\":\"\",\"caption\":\"Infobric\"}]}<\/script>\n<!-- \/ Yoast SEO Premium plugin. -->","yoast_head_json":{"title":"Equipment Freemium - Tack | Infobric","robots":{"index":"index","follow":"follow","max-snippet":"max-snippet:-1","max-image-preview":"max-image-preview:large","max-video-preview":"max-video-preview:-1"},"canonical":"https:\/\/infobric.com\/se\/equipment-freemium-tack\/","og_locale":"sv_SE","og_type":"article","og_title":"Equipment Freemium - Tack","og_description":"Kul att du vill testa v\u00e5r tj\u00e4nst! Vi har skickat ett mejl till dig med en l\u00e4nk och en unik, 6-siffrig kod f\u00f6r att logga in p\u00e5 ditt nya konto. H\u00f6r av dig om du undrar n\u00e5got p\u00e5 : support@infobricfleet.se Tillbaka till Infobric Equipment Tillbaka...","og_url":"https:\/\/infobric.com\/se\/equipment-freemium-tack\/","og_site_name":"Sweden","article_modified_time":"2025-12-30T13:02:46+00:00","twitter_card":"summary_large_image","schema":{"@context":"https:\/\/schema.org","@graph":[{"@type":"WebPage","@id":"https:\/\/infobric.com\/se\/equipment-freemium-tack\/","url":"https:\/\/infobric.com\/se\/equipment-freemium-tack\/","name":"Equipment Freemium - Tack | Infobric","isPartOf":{"@id":"https:\/\/infobric.com\/se\/#website"},"datePublished":"2024-11-08T12:47:23+00:00","dateModified":"2025-12-30T13:02:46+00:00","breadcrumb":{"@id":"https:\/\/infobric.com\/se\/equipment-freemium-tack\/#breadcrumb"},"inLanguage":"sv-SE","potentialAction":[{"@type":"ReadAction","target":["https:\/\/infobric.com\/se\/equipment-freemium-tack\/"]}]},{"@type":"BreadcrumbList","@id":"https:\/\/infobric.com\/se\/equipment-freemium-tack\/#breadcrumb","itemListElement":[{"@type":"ListItem","position":1,"name":"Home","item":"https:\/\/infobric.com\/se\/"},{"@type":"ListItem","position":2,"name":"Equipment Freemium &#8211; Tack"}]},{"@type":"WebSite","@id":"https:\/\/infobric.com\/se\/#website","url":"https:\/\/infobric.com\/se\/","name":"Sweden","description":"","alternateName":"infobric SE","potentialAction":[{"@type":"SearchAction","target":{"@type":"EntryPoint","urlTemplate":"https:\/\/infobric.com\/se\/?s={search_term_string}"},"query-input":"required name=search_term_string"}],"inLanguage":"sv-SE"},{"@type":"ImageObject","inLanguage":"sv-SE","@id":"https:\/\/infobric.com\/se\/equipment-freemium-tack\/#local-main-organization-logo","url":"","contentUrl":"","caption":"Infobric"}]}},"_links":{"self":[{"href":"https:\/\/infobric.com\/se\/wp-json\/wp\/v2\/pages\/9450"}],"collection":[{"href":"https:\/\/infobric.com\/se\/wp-json\/wp\/v2\/pages"}],"about":[{"href":"https:\/\/infobric.com\/se\/wp-json\/wp\/v2\/types\/page"}],"author":[{"embeddable":true,"href":"https:\/\/infobric.com\/se\/wp-json\/wp\/v2\/users\/25"}],"replies":[{"embeddable":true,"href":"https:\/\/infobric.com\/se\/wp-json\/wp\/v2\/comments?post=9450"}],"version-history":[{"count":3,"href":"https:\/\/infobric.com\/se\/wp-json\/wp\/v2\/pages\/9450\/revisions"}],"predecessor-version":[{"id":17297,"href":"https:\/\/infobric.com\/se\/wp-json\/wp\/v2\/pages\/9450\/revisions\/17297"}],"wp:attachment":[{"href":"https:\/\/infobric.com\/se\/wp-json\/wp\/v2\/media?parent=9450"}],"curies":[{"name":"wp","href":"https:\/\/api.w.org\/{rel}","templated":true}]}}